{"id":6436,"date":"2025-12-15T13:01:20","date_gmt":"2025-12-15T18:01:20","guid":{"rendered":"https:\/\/dcobys.com\/services\/uncategorized\/green-production-japan-2\/"},"modified":"2026-01-30T21:35:56","modified_gmt":"2026-01-31T02:35:56","slug":"green-production-japan-2","status":"publish","type":"product","link":"https:\/\/dcobys.com\/es\/services\/misiones-comerciales\/manufactura\/produccion-verde\/green-production-japan-2\/","title":{"rendered":"Producci\u00f3n verde &#8211; Jap\u00f3n"},"content":{"rendered":"<p>La Misi\u00f3n Comercial en Jap\u00f3n destacada en Producci\u00f3n verde permite a las empresas explorar tecnolog\u00edas ecol\u00f3gicas en uno de los mercados de manufactura m\u00e1s avanzados del mundo. El objetivo es conectar a empresas con proveedores de soluciones limpias, eficiencia energ\u00e9tica y procesos sostenibles. En Nagoya, los participantes conocer\u00e1n centros de I+D y empresas que integran tecnolog\u00edas limpias en sus operaciones industriales. La agenda incluye ferias como Eco-Products y eventos organizados por JEMAI, donde se exhiben innovaciones en eco-tecnolog\u00eda. Habr\u00e1 reuniones B2B con fabricantes, institutos ecol\u00f3gicos y l\u00edderes en econom\u00eda circular. Los asistentes obtendr\u00e1n conocimiento pr\u00e1ctico sobre c\u00f3mo aplicar modelos sostenibles en sus plantas. Al finalizar, contar\u00e1n con una estrategia para incorporar producci\u00f3n verde con alto impacto ambiental y econ\u00f3mico.<br \/>\nFuentes: Eco-Products Japan; JEMAI (Japan Environmental Management Association for Industry).<\/p>\n","protected":false},"excerpt":{"rendered":"<p>La Misi\u00f3n Comercial en Jap\u00f3n destacada en Producci\u00f3n verde permite a las empresas explorar tecnolog\u00edas ecol\u00f3gicas en uno de los mercados de manufactura m\u00e1s avanzados del mundo. El objetivo es conectar a empresas con proveedores de soluciones limpias, eficiencia energ\u00e9tica y procesos sostenibles. En Nagoya, los participantes conocer\u00e1n centros de I+D y empresas que integran [&hellip;]<\/p>\n","protected":false},"featured_media":7636,"template":"","meta":{"_acf_changed":false},"country":[939],"product_brand":[],"product_cat":[1020,893,1025],"product_tag":[924],"class_list":{"0":"post-6436","1":"product","2":"type-product","3":"status-publish","4":"has-post-thumbnail","6":"country-japon","7":"product_cat-manufactura","8":"product_cat-misiones-comerciales","9":"product_cat-produccion-verde","10":"product_tag-misiones-comerciales","12":"first","13":"instock","14":"virtual","15":"product-type-simple"},"acf":[],"_links":{"self":[{"href":"https:\/\/dcobys.com\/es\/wp-json\/wp\/v2\/product\/6436","targetHints":{"allow":["GET"]}}],"collection":[{"href":"https:\/\/dcobys.com\/es\/wp-json\/wp\/v2\/product"}],"about":[{"href":"https:\/\/dcobys.com\/es\/wp-json\/wp\/v2\/types\/product"}],"version-history":[{"count":0,"href":"https:\/\/dcobys.com\/es\/wp-json\/wp\/v2\/product\/6436\/revisions"}],"wp:featuredmedia":[{"embeddable":true,"href":"https:\/\/dcobys.com\/es\/wp-json\/wp\/v2\/media\/7636"}],"wp:attachment":[{"href":"https:\/\/dcobys.com\/es\/wp-json\/wp\/v2\/media?parent=6436"}],"wp:term":[{"taxonomy":"country","embeddable":true,"href":"https:\/\/dcobys.com\/es\/wp-json\/wp\/v2\/country?post=6436"},{"taxonomy":"product_brand","embeddable":true,"href":"https:\/\/dcobys.com\/es\/wp-json\/wp\/v2\/product_brand?post=6436"},{"taxonomy":"product_cat","embeddable":true,"href":"https:\/\/dcobys.com\/es\/wp-json\/wp\/v2\/product_cat?post=6436"},{"taxonomy":"product_tag","embeddable":true,"href":"https:\/\/dcobys.com\/es\/wp-json\/wp\/v2\/product_tag?post=6436"}],"curies":[{"name":"wp","href":"https:\/\/api.w.org\/{rel}","templated":true}]}}