{"id":6434,"date":"2025-12-15T13:01:20","date_gmt":"2025-12-15T18:01:20","guid":{"rendered":"https:\/\/dcobys.com\/services\/uncategorized\/green-production-germany-2\/"},"modified":"2026-01-30T21:35:56","modified_gmt":"2026-01-31T02:35:56","slug":"green-production-germany-2","status":"publish","type":"product","link":"https:\/\/dcobys.com\/es\/services\/misiones-comerciales\/manufactura\/produccion-verde\/green-production-germany-2\/","title":{"rendered":"Producci\u00f3n verde &#8211; Alemania"},"content":{"rendered":"<p>La Misi\u00f3n Comercial en Alemania, referente mundial en tecnolog\u00edas de sostenibilidad industrial, permite a los participantes ingresar a los ecosistemas verdes de Hamburgo y Leipzig, donde se desarrollan soluciones avanzadas para gesti\u00f3n ambiental, energ\u00eda limpia y producci\u00f3n eficiente. La agenda incluye recorridos por IFAT y los pabellones de energ\u00edas limpias de Hannover Messe, plataformas globales para tecnolog\u00edas de agua, residuos, eficiencia energ\u00e9tica y descarbonizaci\u00f3n industrial. Los asistentes observar\u00e1n innovaciones en econom\u00eda circular, gesti\u00f3n h\u00eddrica, procesos industriales verdes y automatizaci\u00f3n sostenible. Se incluyen visitas a proveedores, centros tecnol\u00f3gicos y actores clave en transici\u00f3n energ\u00e9tica. Tambi\u00e9n se organizan espacios de networking con empresas que lideran la adopci\u00f3n de est\u00e1ndares ESG. La misi\u00f3n permite identificar oportunidades reales de inversi\u00f3n, alianzas y actualizaci\u00f3n tecnol\u00f3gica. Al finalizar, los participantes obtendr\u00e1n una visi\u00f3n estrat\u00e9gica sobre c\u00f3mo integrar pr\u00e1cticas de producci\u00f3n verde en sus operaciones. Fuentes: IFAT, Hannover Messe Energy Solutions, German CleanTech Institute (2024).<\/p>\n","protected":false},"excerpt":{"rendered":"<p>La Misi\u00f3n Comercial en Alemania, referente mundial en tecnolog\u00edas de sostenibilidad industrial, permite a los participantes ingresar a los ecosistemas verdes de Hamburgo y Leipzig, donde se desarrollan soluciones avanzadas para gesti\u00f3n ambiental, energ\u00eda limpia y producci\u00f3n eficiente. La agenda incluye recorridos por IFAT y los pabellones de energ\u00edas limpias de Hannover Messe, plataformas globales [&hellip;]<\/p>\n","protected":false},"featured_media":7636,"template":"","meta":{"_acf_changed":false},"country":[934],"product_brand":[],"product_cat":[1020,893,1025],"product_tag":[924],"class_list":{"0":"post-6434","1":"product","2":"type-product","3":"status-publish","4":"has-post-thumbnail","6":"country-alemania","7":"product_cat-manufactura","8":"product_cat-misiones-comerciales","9":"product_cat-produccion-verde","10":"product_tag-misiones-comerciales","12":"first","13":"instock","14":"virtual","15":"product-type-simple"},"acf":[],"_links":{"self":[{"href":"https:\/\/dcobys.com\/es\/wp-json\/wp\/v2\/product\/6434","targetHints":{"allow":["GET"]}}],"collection":[{"href":"https:\/\/dcobys.com\/es\/wp-json\/wp\/v2\/product"}],"about":[{"href":"https:\/\/dcobys.com\/es\/wp-json\/wp\/v2\/types\/product"}],"version-history":[{"count":0,"href":"https:\/\/dcobys.com\/es\/wp-json\/wp\/v2\/product\/6434\/revisions"}],"wp:featuredmedia":[{"embeddable":true,"href":"https:\/\/dcobys.com\/es\/wp-json\/wp\/v2\/media\/7636"}],"wp:attachment":[{"href":"https:\/\/dcobys.com\/es\/wp-json\/wp\/v2\/media?parent=6434"}],"wp:term":[{"taxonomy":"country","embeddable":true,"href":"https:\/\/dcobys.com\/es\/wp-json\/wp\/v2\/country?post=6434"},{"taxonomy":"product_brand","embeddable":true,"href":"https:\/\/dcobys.com\/es\/wp-json\/wp\/v2\/product_brand?post=6434"},{"taxonomy":"product_cat","embeddable":true,"href":"https:\/\/dcobys.com\/es\/wp-json\/wp\/v2\/product_cat?post=6434"},{"taxonomy":"product_tag","embeddable":true,"href":"https:\/\/dcobys.com\/es\/wp-json\/wp\/v2\/product_tag?post=6434"}],"curies":[{"name":"wp","href":"https:\/\/api.w.org\/{rel}","templated":true}]}}