{"id":6432,"date":"2025-12-15T13:01:20","date_gmt":"2025-12-15T18:01:20","guid":{"rendered":"https:\/\/dcobys.com\/services\/uncategorized\/additive-manufacturing-3d-printing-poland-2\/"},"modified":"2026-01-30T21:35:56","modified_gmt":"2026-01-31T02:35:56","slug":"additive-manufacturing-3d-printing-poland-2","status":"publish","type":"product","link":"https:\/\/dcobys.com\/es\/services\/misiones-comerciales\/manufactura\/manufactura-aditiva-impresion-3d\/additive-manufacturing-3d-printing-poland-2\/","title":{"rendered":"Manufactura aditiva (impresi\u00f3n 3D) &#8211; Polonia"},"content":{"rendered":"<p>La Misi\u00f3n Comercial en Polonia, pa\u00eds emergente en manufactura avanzada dentro de Europa Central, permite a los participantes explorar los ecosistemas industriales de Cracovia y Varsovia, donde se desarrollan tecnolog\u00edas de impresi\u00f3n 3D y soluciones de ingenier\u00eda de materiales. El programa incluye visitas a ferias regionales enfocadas en fabricaci\u00f3n aditiva, automatizaci\u00f3n y digitalizaci\u00f3n industrial. Los asistentes conocer\u00e1n innovaciones en prototipado r\u00e1pido, materiales polim\u00e9ricos t\u00e9cnicos y manufactura met\u00e1lica aplicada. Tambi\u00e9n se organizar\u00e1n reuniones con clusters industriales, centros tecnol\u00f3gicos y proveedores especializados. La misi\u00f3n facilita la identificaci\u00f3n de oportunidades de colaboraci\u00f3n comercial y proyectos europeos de innovaci\u00f3n. Adem\u00e1s, se revisar\u00e1n casos de integraci\u00f3n de manufactura aditiva en manufactura pesada, salud y automoci\u00f3n. Al finalizar, los participantes contar\u00e1n con una visi\u00f3n clara del potencial industrial polaco. Fuentes: Polish Additive Manufacturing Forum, Targi w Krakowie, Industry Next Poland (2024).<\/p>\n","protected":false},"excerpt":{"rendered":"<p>La Misi\u00f3n Comercial en Polonia, pa\u00eds emergente en manufactura avanzada dentro de Europa Central, permite a los participantes explorar los ecosistemas industriales de Cracovia y Varsovia, donde se desarrollan tecnolog\u00edas de impresi\u00f3n 3D y soluciones de ingenier\u00eda de materiales. El programa incluye visitas a ferias regionales enfocadas en fabricaci\u00f3n aditiva, automatizaci\u00f3n y digitalizaci\u00f3n industrial. Los [&hellip;]<\/p>\n","protected":false},"featured_media":7629,"template":"","meta":{"_acf_changed":false},"country":[944],"product_brand":[],"product_cat":[1020,1024,893],"product_tag":[924],"class_list":{"0":"post-6432","1":"product","2":"type-product","3":"status-publish","4":"has-post-thumbnail","6":"country-polonia","7":"product_cat-manufactura","8":"product_cat-manufactura-aditiva-impresion-3d","9":"product_cat-misiones-comerciales","10":"product_tag-misiones-comerciales","12":"first","13":"instock","14":"virtual","15":"product-type-simple"},"acf":[],"_links":{"self":[{"href":"https:\/\/dcobys.com\/es\/wp-json\/wp\/v2\/product\/6432","targetHints":{"allow":["GET"]}}],"collection":[{"href":"https:\/\/dcobys.com\/es\/wp-json\/wp\/v2\/product"}],"about":[{"href":"https:\/\/dcobys.com\/es\/wp-json\/wp\/v2\/types\/product"}],"version-history":[{"count":0,"href":"https:\/\/dcobys.com\/es\/wp-json\/wp\/v2\/product\/6432\/revisions"}],"wp:featuredmedia":[{"embeddable":true,"href":"https:\/\/dcobys.com\/es\/wp-json\/wp\/v2\/media\/7629"}],"wp:attachment":[{"href":"https:\/\/dcobys.com\/es\/wp-json\/wp\/v2\/media?parent=6432"}],"wp:term":[{"taxonomy":"country","embeddable":true,"href":"https:\/\/dcobys.com\/es\/wp-json\/wp\/v2\/country?post=6432"},{"taxonomy":"product_brand","embeddable":true,"href":"https:\/\/dcobys.com\/es\/wp-json\/wp\/v2\/product_brand?post=6432"},{"taxonomy":"product_cat","embeddable":true,"href":"https:\/\/dcobys.com\/es\/wp-json\/wp\/v2\/product_cat?post=6432"},{"taxonomy":"product_tag","embeddable":true,"href":"https:\/\/dcobys.com\/es\/wp-json\/wp\/v2\/product_tag?post=6432"}],"curies":[{"name":"wp","href":"https:\/\/api.w.org\/{rel}","templated":true}]}}