{"id":6430,"date":"2025-12-15T13:01:20","date_gmt":"2025-12-15T18:01:20","guid":{"rendered":"https:\/\/dcobys.com\/services\/uncategorized\/additive-manufacturing-3d-printing-mexico-2\/"},"modified":"2026-01-30T21:35:56","modified_gmt":"2026-01-31T02:35:56","slug":"additive-manufacturing-3d-printing-mexico-2","status":"publish","type":"product","link":"https:\/\/dcobys.com\/es\/services\/misiones-comerciales\/manufactura\/manufactura-aditiva-impresion-3d\/additive-manufacturing-3d-printing-mexico-2\/","title":{"rendered":"Manufactura aditiva (impresi\u00f3n 3D) &#8211; M\u00e9xico"},"content":{"rendered":"<p>La Misi\u00f3n Comercial en M\u00e9xico, punto estrat\u00e9gico para manufactura avanzada en Norteam\u00e9rica, conecta a los participantes con los hubs de Monterrey y Guadalajara, donde crece r\u00e1pidamente la adopci\u00f3n de tecnolog\u00edas de impresi\u00f3n 3D aplicadas a industria, educaci\u00f3n e innovaci\u00f3n empresarial. La agenda incluye visitas a foros regionales especializados y a Expo Manufactura, el evento industrial m\u00e1s relevante del pa\u00eds. Los asistentes observar\u00e1n soluciones en prototipado, fabricaci\u00f3n met\u00e1lica, materiales compuestos y dise\u00f1o para manufactura digital. Se impulsar\u00e1n reuniones con proveedores, integradores, clusters industriales y aceleradoras tecnol\u00f3gicas. La misi\u00f3n permite explorar oportunidades de nearshoring, alianzas comerciales y abastecimiento t\u00e9cnico. Adem\u00e1s, se analizar\u00e1n casos reales de integraci\u00f3n de manufactura aditiva en cadenas productivas mexicanas. Al finalizar, los participantes obtendr\u00e1n una perspectiva s\u00f3lida del mercado latinoamericano y oportunidades concretas para expansi\u00f3n. Fuentes: Expo Manufactura, Additive Manufacturing Mexico Forum, INAIM (2024).<\/p>\n","protected":false},"excerpt":{"rendered":"<p>La Misi\u00f3n Comercial en M\u00e9xico, punto estrat\u00e9gico para manufactura avanzada en Norteam\u00e9rica, conecta a los participantes con los hubs de Monterrey y Guadalajara, donde crece r\u00e1pidamente la adopci\u00f3n de tecnolog\u00edas de impresi\u00f3n 3D aplicadas a industria, educaci\u00f3n e innovaci\u00f3n empresarial. La agenda incluye visitas a foros regionales especializados y a Expo Manufactura, el evento industrial [&hellip;]<\/p>\n","protected":false},"featured_media":7629,"template":"","meta":{"_acf_changed":false},"country":[941],"product_brand":[],"product_cat":[1020,1024,893],"product_tag":[924],"class_list":{"0":"post-6430","1":"product","2":"type-product","3":"status-publish","4":"has-post-thumbnail","6":"country-mexico","7":"product_cat-manufactura","8":"product_cat-manufactura-aditiva-impresion-3d","9":"product_cat-misiones-comerciales","10":"product_tag-misiones-comerciales","12":"first","13":"instock","14":"virtual","15":"product-type-simple"},"acf":[],"_links":{"self":[{"href":"https:\/\/dcobys.com\/es\/wp-json\/wp\/v2\/product\/6430","targetHints":{"allow":["GET"]}}],"collection":[{"href":"https:\/\/dcobys.com\/es\/wp-json\/wp\/v2\/product"}],"about":[{"href":"https:\/\/dcobys.com\/es\/wp-json\/wp\/v2\/types\/product"}],"version-history":[{"count":0,"href":"https:\/\/dcobys.com\/es\/wp-json\/wp\/v2\/product\/6430\/revisions"}],"wp:featuredmedia":[{"embeddable":true,"href":"https:\/\/dcobys.com\/es\/wp-json\/wp\/v2\/media\/7629"}],"wp:attachment":[{"href":"https:\/\/dcobys.com\/es\/wp-json\/wp\/v2\/media?parent=6430"}],"wp:term":[{"taxonomy":"country","embeddable":true,"href":"https:\/\/dcobys.com\/es\/wp-json\/wp\/v2\/country?post=6430"},{"taxonomy":"product_brand","embeddable":true,"href":"https:\/\/dcobys.com\/es\/wp-json\/wp\/v2\/product_brand?post=6430"},{"taxonomy":"product_cat","embeddable":true,"href":"https:\/\/dcobys.com\/es\/wp-json\/wp\/v2\/product_cat?post=6430"},{"taxonomy":"product_tag","embeddable":true,"href":"https:\/\/dcobys.com\/es\/wp-json\/wp\/v2\/product_tag?post=6430"}],"curies":[{"name":"wp","href":"https:\/\/api.w.org\/{rel}","templated":true}]}}