{"id":6428,"date":"2025-12-15T13:01:20","date_gmt":"2025-12-15T18:01:20","guid":{"rendered":"https:\/\/dcobys.com\/services\/uncategorized\/additive-manufacturing-3d-printing-china-2\/"},"modified":"2026-01-30T21:35:56","modified_gmt":"2026-01-31T02:35:56","slug":"additive-manufacturing-3d-printing-china-2","status":"publish","type":"product","link":"https:\/\/dcobys.com\/es\/services\/misiones-comerciales\/manufactura\/manufactura-aditiva-impresion-3d\/additive-manufacturing-3d-printing-china-2\/","title":{"rendered":"Manufactura aditiva (impresi\u00f3n 3D) &#8211; China"},"content":{"rendered":"<p>La Misi\u00f3n Comercial en China, uno de los mercados m\u00e1s din\u00e1micos en fabricaci\u00f3n aditiva, introduce a los participantes a los polos tecnol\u00f3gicos de Shangh\u00e1i y Shenzhen, donde se desarrollan soluciones de impresi\u00f3n 3D para alta producci\u00f3n y manufactura automatizada. El programa contempla asistencia a TCT Asia y Rapid China, plataformas l\u00edderes para maquinaria industrial, impresi\u00f3n met\u00e1lica y software especializado. Adem\u00e1s, se realizar\u00e1n visitas a parques tecnol\u00f3gicos, fabricantes de equipos y clusters dedicados a manufactura inteligente. Los asistentes analizar\u00e1n aplicaciones para automotriz, aeroespacial, electr\u00f3nica de consumo y salud. La misi\u00f3n incorpora espacios de networking con proveedores, distribuidores y desarrolladores de materiales avanzados. Tambi\u00e9n se revisar\u00e1n modelos chinos de escalabilidad, velocidad y reducci\u00f3n de costos. Al finalizar, los participantes obtendr\u00e1n una visi\u00f3n integral del ecosistema industrial chino y oportunidades concretas para expansi\u00f3n y abastecimiento. Fuentes: TCT Asia, China Additive Manufacturing Alliance, CIIF (2024).<\/p>\n","protected":false},"excerpt":{"rendered":"<p>La Misi\u00f3n Comercial en China, uno de los mercados m\u00e1s din\u00e1micos en fabricaci\u00f3n aditiva, introduce a los participantes a los polos tecnol\u00f3gicos de Shangh\u00e1i y Shenzhen, donde se desarrollan soluciones de impresi\u00f3n 3D para alta producci\u00f3n y manufactura automatizada. El programa contempla asistencia a TCT Asia y Rapid China, plataformas l\u00edderes para maquinaria industrial, impresi\u00f3n [&hellip;]<\/p>\n","protected":false},"featured_media":7103,"template":"","meta":{"_acf_changed":false},"country":[928],"product_brand":[],"product_cat":[1020,1024,893],"product_tag":[924],"class_list":{"0":"post-6428","1":"product","2":"type-product","3":"status-publish","4":"has-post-thumbnail","6":"country-china","7":"product_cat-manufactura","8":"product_cat-manufactura-aditiva-impresion-3d","9":"product_cat-misiones-comerciales","10":"product_tag-misiones-comerciales","12":"first","13":"instock","14":"virtual","15":"product-type-simple"},"acf":[],"_links":{"self":[{"href":"https:\/\/dcobys.com\/es\/wp-json\/wp\/v2\/product\/6428","targetHints":{"allow":["GET"]}}],"collection":[{"href":"https:\/\/dcobys.com\/es\/wp-json\/wp\/v2\/product"}],"about":[{"href":"https:\/\/dcobys.com\/es\/wp-json\/wp\/v2\/types\/product"}],"version-history":[{"count":0,"href":"https:\/\/dcobys.com\/es\/wp-json\/wp\/v2\/product\/6428\/revisions"}],"wp:featuredmedia":[{"embeddable":true,"href":"https:\/\/dcobys.com\/es\/wp-json\/wp\/v2\/media\/7103"}],"wp:attachment":[{"href":"https:\/\/dcobys.com\/es\/wp-json\/wp\/v2\/media?parent=6428"}],"wp:term":[{"taxonomy":"country","embeddable":true,"href":"https:\/\/dcobys.com\/es\/wp-json\/wp\/v2\/country?post=6428"},{"taxonomy":"product_brand","embeddable":true,"href":"https:\/\/dcobys.com\/es\/wp-json\/wp\/v2\/product_brand?post=6428"},{"taxonomy":"product_cat","embeddable":true,"href":"https:\/\/dcobys.com\/es\/wp-json\/wp\/v2\/product_cat?post=6428"},{"taxonomy":"product_tag","embeddable":true,"href":"https:\/\/dcobys.com\/es\/wp-json\/wp\/v2\/product_tag?post=6428"}],"curies":[{"name":"wp","href":"https:\/\/api.w.org\/{rel}","templated":true}]}}