{"id":6424,"date":"2025-12-15T13:01:20","date_gmt":"2025-12-15T18:01:20","guid":{"rendered":"https:\/\/dcobys.com\/services\/uncategorized\/additive-manufacturing-3d-printing-south-korea-2\/"},"modified":"2026-01-30T21:35:56","modified_gmt":"2026-01-31T02:35:56","slug":"additive-manufacturing-3d-printing-south-korea-2","status":"publish","type":"product","link":"https:\/\/dcobys.com\/es\/services\/misiones-comerciales\/manufactura\/manufactura-aditiva-impresion-3d\/additive-manufacturing-3d-printing-south-korea-2\/","title":{"rendered":"Manufactura aditiva (impresi\u00f3n 3D) &#8211; Corea del Sur"},"content":{"rendered":"<p>La Misi\u00f3n Comercial en Corea del Sur, potencia asi\u00e1tica en manufactura inteligente, acerca a los participantes al ecosistema innovador de Se\u00fal y Daejeon, donde la impresi\u00f3n 3D se integra con IA, rob\u00f3tica y automatizaci\u00f3n industrial. El itinerario incluye participaci\u00f3n en conferencias especializadas en fabricaci\u00f3n aditiva, hubs tecnol\u00f3gicos y centros de investigaci\u00f3n aplicados a materiales avanzados. Los visitantes observar\u00e1n soluciones para aeroespacial, automotriz y biom\u00e9dica desarrolladas por empresas l\u00edderes y universidades t\u00e9cnicas. Se generar\u00e1n espacios de networking con fabricantes de equipos, integradores tecnol\u00f3gicos y startups surcoreanas. La misi\u00f3n profundiza en modelos de escalabilidad, productividad y digitalizaci\u00f3n industrial. Adem\u00e1s, se revisar\u00e1n tendencias en manufactura distribuida y producci\u00f3n sostenible mediante 3D printing. Al finalizar, los participantes regresar\u00e1n con oportunidades reales de negocio y una comprensi\u00f3n s\u00f3lida del ecosistema tecnol\u00f3gico coreano. Fuentes: Korea Additive Manufacturing Conference, KETI, MOTIE Korea (2024).<\/p>\n","protected":false},"excerpt":{"rendered":"<p>La Misi\u00f3n Comercial en Corea del Sur, potencia asi\u00e1tica en manufactura inteligente, acerca a los participantes al ecosistema innovador de Se\u00fal y Daejeon, donde la impresi\u00f3n 3D se integra con IA, rob\u00f3tica y automatizaci\u00f3n industrial. El itinerario incluye participaci\u00f3n en conferencias especializadas en fabricaci\u00f3n aditiva, hubs tecnol\u00f3gicos y centros de investigaci\u00f3n aplicados a materiales avanzados. [&hellip;]<\/p>\n","protected":false},"featured_media":7629,"template":"","meta":{"_acf_changed":false},"country":[948],"product_brand":[],"product_cat":[1020,1024,893],"product_tag":[924],"class_list":{"0":"post-6424","1":"product","2":"type-product","3":"status-publish","4":"has-post-thumbnail","6":"country-corea-del-sur","7":"product_cat-manufactura","8":"product_cat-manufactura-aditiva-impresion-3d","9":"product_cat-misiones-comerciales","10":"product_tag-misiones-comerciales","12":"first","13":"instock","14":"virtual","15":"product-type-simple"},"acf":[],"_links":{"self":[{"href":"https:\/\/dcobys.com\/es\/wp-json\/wp\/v2\/product\/6424","targetHints":{"allow":["GET"]}}],"collection":[{"href":"https:\/\/dcobys.com\/es\/wp-json\/wp\/v2\/product"}],"about":[{"href":"https:\/\/dcobys.com\/es\/wp-json\/wp\/v2\/types\/product"}],"version-history":[{"count":0,"href":"https:\/\/dcobys.com\/es\/wp-json\/wp\/v2\/product\/6424\/revisions"}],"wp:featuredmedia":[{"embeddable":true,"href":"https:\/\/dcobys.com\/es\/wp-json\/wp\/v2\/media\/7629"}],"wp:attachment":[{"href":"https:\/\/dcobys.com\/es\/wp-json\/wp\/v2\/media?parent=6424"}],"wp:term":[{"taxonomy":"country","embeddable":true,"href":"https:\/\/dcobys.com\/es\/wp-json\/wp\/v2\/country?post=6424"},{"taxonomy":"product_brand","embeddable":true,"href":"https:\/\/dcobys.com\/es\/wp-json\/wp\/v2\/product_brand?post=6424"},{"taxonomy":"product_cat","embeddable":true,"href":"https:\/\/dcobys.com\/es\/wp-json\/wp\/v2\/product_cat?post=6424"},{"taxonomy":"product_tag","embeddable":true,"href":"https:\/\/dcobys.com\/es\/wp-json\/wp\/v2\/product_tag?post=6424"}],"curies":[{"name":"wp","href":"https:\/\/api.w.org\/{rel}","templated":true}]}}