{"id":6420,"date":"2025-12-15T13:01:20","date_gmt":"2025-12-15T18:01:20","guid":{"rendered":"https:\/\/dcobys.com\/services\/uncategorized\/additive-manufacturing-3d-printing-germany-2\/"},"modified":"2026-01-30T21:35:56","modified_gmt":"2026-01-31T02:35:56","slug":"additive-manufacturing-3d-printing-germany-2","status":"publish","type":"product","link":"https:\/\/dcobys.com\/es\/services\/misiones-comerciales\/manufactura\/manufactura-aditiva-impresion-3d\/additive-manufacturing-3d-printing-germany-2\/","title":{"rendered":"Manufactura aditiva (impresi\u00f3n 3D) &#8211; Alemania"},"content":{"rendered":"<p>La Misi\u00f3n Comercial en Alemania, l\u00edder europeo en manufactura aditiva, permite a los participantes adentrarse en los ecosistemas tecnol\u00f3gicos de Hamburgo y Berl\u00edn, donde se desarrollan soluciones avanzadas en impresi\u00f3n 3D para industria, salud y manufactura pesada. La agenda integra un recorrido especializado por las tendencias globales presentadas en Formnext y Rapid.Tech, epicentros internacionales para equipos, software industrial y nuevos materiales. Los asistentes observar\u00e1n innovaciones en prototipado r\u00e1pido, producci\u00f3n h\u00edbrida y automatizaci\u00f3n aplicada a impresi\u00f3n 3D. La misi\u00f3n tambi\u00e9n incluye encuentros con centros de investigaci\u00f3n, proveedores de maquinaria y startups que impulsan el futuro de la fabricaci\u00f3n digital. Se desarrollar\u00e1n espacios de networking estrat\u00e9gico para explorar alianzas, l\u00edneas de suministro y oportunidades de inversi\u00f3n. Adem\u00e1s, se analizar\u00e1n modelos de integraci\u00f3n de tecnolog\u00edas aditivas en cadenas de valor tradicionales. Al finalizar, los participantes obtendr\u00e1n una hoja de ruta clara para implementar soluciones de manufactura avanzada en sus operaciones. Fuentes: Formnext, Rapid.Tech, Hannover Messe Additive Manufacturing (2024).<\/p>\n","protected":false},"excerpt":{"rendered":"<p>La Misi\u00f3n Comercial en Alemania, l\u00edder europeo en manufactura aditiva, permite a los participantes adentrarse en los ecosistemas tecnol\u00f3gicos de Hamburgo y Berl\u00edn, donde se desarrollan soluciones avanzadas en impresi\u00f3n 3D para industria, salud y manufactura pesada. La agenda integra un recorrido especializado por las tendencias globales presentadas en Formnext y Rapid.Tech, epicentros internacionales para [&hellip;]<\/p>\n","protected":false},"featured_media":7629,"template":"","meta":{"_acf_changed":false},"country":[934],"product_brand":[],"product_cat":[1020,1024,893],"product_tag":[924],"class_list":{"0":"post-6420","1":"product","2":"type-product","3":"status-publish","4":"has-post-thumbnail","6":"country-alemania","7":"product_cat-manufactura","8":"product_cat-manufactura-aditiva-impresion-3d","9":"product_cat-misiones-comerciales","10":"product_tag-misiones-comerciales","12":"first","13":"instock","14":"virtual","15":"product-type-simple"},"acf":[],"_links":{"self":[{"href":"https:\/\/dcobys.com\/es\/wp-json\/wp\/v2\/product\/6420","targetHints":{"allow":["GET"]}}],"collection":[{"href":"https:\/\/dcobys.com\/es\/wp-json\/wp\/v2\/product"}],"about":[{"href":"https:\/\/dcobys.com\/es\/wp-json\/wp\/v2\/types\/product"}],"version-history":[{"count":0,"href":"https:\/\/dcobys.com\/es\/wp-json\/wp\/v2\/product\/6420\/revisions"}],"wp:featuredmedia":[{"embeddable":true,"href":"https:\/\/dcobys.com\/es\/wp-json\/wp\/v2\/media\/7629"}],"wp:attachment":[{"href":"https:\/\/dcobys.com\/es\/wp-json\/wp\/v2\/media?parent=6420"}],"wp:term":[{"taxonomy":"country","embeddable":true,"href":"https:\/\/dcobys.com\/es\/wp-json\/wp\/v2\/country?post=6420"},{"taxonomy":"product_brand","embeddable":true,"href":"https:\/\/dcobys.com\/es\/wp-json\/wp\/v2\/product_brand?post=6420"},{"taxonomy":"product_cat","embeddable":true,"href":"https:\/\/dcobys.com\/es\/wp-json\/wp\/v2\/product_cat?post=6420"},{"taxonomy":"product_tag","embeddable":true,"href":"https:\/\/dcobys.com\/es\/wp-json\/wp\/v2\/product_tag?post=6420"}],"curies":[{"name":"wp","href":"https:\/\/api.w.org\/{rel}","templated":true}]}}