{"id":6404,"date":"2025-12-15T13:01:20","date_gmt":"2025-12-15T18:01:20","guid":{"rendered":"https:\/\/dcobys.com\/services\/uncategorized\/automation-poland-2\/"},"modified":"2026-01-30T21:35:56","modified_gmt":"2026-01-31T02:35:56","slug":"automation-poland-2","status":"publish","type":"product","link":"https:\/\/dcobys.com\/es\/services\/misiones-comerciales\/manufactura\/automatizacion\/automation-poland-2\/","title":{"rendered":"Automatizaci\u00f3n &#8211; Polonia"},"content":{"rendered":"<p>La Misi\u00f3n Comercial en Polonia destacada en Automatizaci\u00f3n brinda acceso a uno de los polos industriales emergentes de Europa Central, reconocido por su r\u00e1pida adopci\u00f3n de maquinaria avanzanda y sistemas de automatizaci\u00f3n industrial. \u0141\u00f3d\u017a y Pozna\u0144 concentran parques industriales modernos con fuerte integraci\u00f3n de control digital, rob\u00f3tica y manufactura eficiente. Los asistentes participar\u00e1n en ferias industriales regionales y conferencias de automatizaci\u00f3n con enfoque en maquinaria europea, soluciones de software industrial y tecnolog\u00edas de ensamblaje automatizado. La agenda incluye visitas a plantas manufactureras, centros log\u00edsticos y clusters de ingenier\u00eda. Se facilitar\u00e1n reuniones con proveedores europeos, integradores de automatizaci\u00f3n y asociaciones industriales locales. Los participantes podr\u00e1n identificar oportunidades de colaboraci\u00f3n y transferencia tecnol\u00f3gica en mercados emergentes. Al finalizar, obtendr\u00e1n una visi\u00f3n competitiva del panorama europeo en automatizaci\u00f3n industrial. Fuentes: Pozna\u0144 International Fair Group; Polish Automation &#038; Robotics Association (2024).<\/p>\n","protected":false},"excerpt":{"rendered":"<p>La Misi\u00f3n Comercial en Polonia destacada en Automatizaci\u00f3n brinda acceso a uno de los polos industriales emergentes de Europa Central, reconocido por su r\u00e1pida adopci\u00f3n de maquinaria avanzanda y sistemas de automatizaci\u00f3n industrial. \u0141\u00f3d\u017a y Pozna\u0144 concentran parques industriales modernos con fuerte integraci\u00f3n de control digital, rob\u00f3tica y manufactura eficiente. Los asistentes participar\u00e1n en ferias [&hellip;]<\/p>\n","protected":false},"featured_media":7612,"template":"","meta":{"_acf_changed":false},"country":[944],"product_brand":[],"product_cat":[1022,1020,893],"product_tag":[924],"class_list":{"0":"post-6404","1":"product","2":"type-product","3":"status-publish","4":"has-post-thumbnail","6":"country-polonia","7":"product_cat-automatizacion","8":"product_cat-manufactura","9":"product_cat-misiones-comerciales","10":"product_tag-misiones-comerciales","12":"first","13":"instock","14":"virtual","15":"product-type-simple"},"acf":[],"_links":{"self":[{"href":"https:\/\/dcobys.com\/es\/wp-json\/wp\/v2\/product\/6404","targetHints":{"allow":["GET"]}}],"collection":[{"href":"https:\/\/dcobys.com\/es\/wp-json\/wp\/v2\/product"}],"about":[{"href":"https:\/\/dcobys.com\/es\/wp-json\/wp\/v2\/types\/product"}],"version-history":[{"count":0,"href":"https:\/\/dcobys.com\/es\/wp-json\/wp\/v2\/product\/6404\/revisions"}],"wp:featuredmedia":[{"embeddable":true,"href":"https:\/\/dcobys.com\/es\/wp-json\/wp\/v2\/media\/7612"}],"wp:attachment":[{"href":"https:\/\/dcobys.com\/es\/wp-json\/wp\/v2\/media?parent=6404"}],"wp:term":[{"taxonomy":"country","embeddable":true,"href":"https:\/\/dcobys.com\/es\/wp-json\/wp\/v2\/country?post=6404"},{"taxonomy":"product_brand","embeddable":true,"href":"https:\/\/dcobys.com\/es\/wp-json\/wp\/v2\/product_brand?post=6404"},{"taxonomy":"product_cat","embeddable":true,"href":"https:\/\/dcobys.com\/es\/wp-json\/wp\/v2\/product_cat?post=6404"},{"taxonomy":"product_tag","embeddable":true,"href":"https:\/\/dcobys.com\/es\/wp-json\/wp\/v2\/product_tag?post=6404"}],"curies":[{"name":"wp","href":"https:\/\/api.w.org\/{rel}","templated":true}]}}