{"id":6398,"date":"2025-12-15T13:01:20","date_gmt":"2025-12-15T18:01:20","guid":{"rendered":"https:\/\/dcobys.com\/services\/uncategorized\/automation-usa-2\/"},"modified":"2026-01-30T21:35:55","modified_gmt":"2026-01-31T02:35:55","slug":"automation-usa-2","status":"publish","type":"product","link":"https:\/\/dcobys.com\/es\/services\/misiones-comerciales\/manufactura\/automatizacion\/automation-usa-2\/","title":{"rendered":"Automatizaci\u00f3n &#8211; EE. UU."},"content":{"rendered":"<p>La Misi\u00f3n Comercial en EE.UU destacada en Automatizaci\u00f3n acerca a los participantes al mercado l\u00edder mundial en tecnolog\u00edas industriales, control inteligente y digitalizaci\u00f3n de la operaci\u00f3n manufacturera. La ruta incluye Boston y Detroit, ciudades donde convergen innovaci\u00f3n en software industrial, rob\u00f3tica avanzada y automatizaci\u00f3n para manufactura pesada. Los asistentes participar\u00e1n en la Automation Fair y sesiones especializadas dentro de IMTS, observando soluciones de control, sensorizaci\u00f3n, integraci\u00f3n MES y rob\u00f3tica industrial. La visita incorpora recorridos por empresas tecnol\u00f3gicas, plantas de manufactura automatizada y centros de investigaci\u00f3n aplicada. Tambi\u00e9n se incluyen reuniones con proveedores, integradores y consultores especializados en transformaci\u00f3n industrial. Los participantes analizar\u00e1n tendencias que impulsan la eficiencia, reducci\u00f3n de costos y optimizaci\u00f3n de procesos productivos en EE.UU. Al finalizar, obtendr\u00e1n una estrategia clara para implementar automatizaci\u00f3n escalable en su cadena de valor. Fuentes: Rockwell Automation; IMTS; SME Manufacturing USA (2024).<\/p>\n","protected":false},"excerpt":{"rendered":"<p>La Misi\u00f3n Comercial en EE.UU destacada en Automatizaci\u00f3n acerca a los participantes al mercado l\u00edder mundial en tecnolog\u00edas industriales, control inteligente y digitalizaci\u00f3n de la operaci\u00f3n manufacturera. La ruta incluye Boston y Detroit, ciudades donde convergen innovaci\u00f3n en software industrial, rob\u00f3tica avanzada y automatizaci\u00f3n para manufactura pesada. Los asistentes participar\u00e1n en la Automation Fair y [&hellip;]<\/p>\n","protected":false},"featured_media":7612,"template":"","meta":{"_acf_changed":false},"country":[954],"product_brand":[],"product_cat":[1022,1020,893],"product_tag":[924],"class_list":{"0":"post-6398","1":"product","2":"type-product","3":"status-publish","4":"has-post-thumbnail","6":"country-ee-uu","7":"product_cat-automatizacion","8":"product_cat-manufactura","9":"product_cat-misiones-comerciales","10":"product_tag-misiones-comerciales","12":"first","13":"instock","14":"virtual","15":"product-type-simple"},"acf":[],"_links":{"self":[{"href":"https:\/\/dcobys.com\/es\/wp-json\/wp\/v2\/product\/6398","targetHints":{"allow":["GET"]}}],"collection":[{"href":"https:\/\/dcobys.com\/es\/wp-json\/wp\/v2\/product"}],"about":[{"href":"https:\/\/dcobys.com\/es\/wp-json\/wp\/v2\/types\/product"}],"version-history":[{"count":0,"href":"https:\/\/dcobys.com\/es\/wp-json\/wp\/v2\/product\/6398\/revisions"}],"wp:featuredmedia":[{"embeddable":true,"href":"https:\/\/dcobys.com\/es\/wp-json\/wp\/v2\/media\/7612"}],"wp:attachment":[{"href":"https:\/\/dcobys.com\/es\/wp-json\/wp\/v2\/media?parent=6398"}],"wp:term":[{"taxonomy":"country","embeddable":true,"href":"https:\/\/dcobys.com\/es\/wp-json\/wp\/v2\/country?post=6398"},{"taxonomy":"product_brand","embeddable":true,"href":"https:\/\/dcobys.com\/es\/wp-json\/wp\/v2\/product_brand?post=6398"},{"taxonomy":"product_cat","embeddable":true,"href":"https:\/\/dcobys.com\/es\/wp-json\/wp\/v2\/product_cat?post=6398"},{"taxonomy":"product_tag","embeddable":true,"href":"https:\/\/dcobys.com\/es\/wp-json\/wp\/v2\/product_tag?post=6398"}],"curies":[{"name":"wp","href":"https:\/\/api.w.org\/{rel}","templated":true}]}}