{"id":6396,"date":"2025-12-15T13:01:12","date_gmt":"2025-12-15T18:01:12","guid":{"rendered":"https:\/\/dcobys.com\/services\/uncategorized\/automation-south-korea-2\/"},"modified":"2026-01-30T21:35:55","modified_gmt":"2026-01-31T02:35:55","slug":"automation-south-korea-2","status":"publish","type":"product","link":"https:\/\/dcobys.com\/es\/services\/misiones-comerciales\/manufactura\/automatizacion\/automation-south-korea-2\/","title":{"rendered":"Automatizaci\u00f3n &#8211; Corea del Sur"},"content":{"rendered":"<p>La Misi\u00f3n Comercial en Corea del Sur destacada en Automatizaci\u00f3n ofrece acceso privilegiado al ecosistema industrial m\u00e1s din\u00e1mico de Asia, donde convergen manufactura avanzada, electr\u00f3nica de precisi\u00f3n y automatizaci\u00f3n robotizada. Se\u00fal y Suwon permiten observar en vivo c\u00f3mo operan plantas inteligentes basadas en tecnolog\u00edas integradas 5G y sistemas ciberf\u00edsicos. Los participantes asistir\u00e1n a Automation Korea y Manufacturing Korea, ferias clave para conocer soluciones de control avanzado, rob\u00f3tica colaborativa y l\u00edneas de producci\u00f3n aut\u00f3nomas. La agenda contempla visitas empresariales a fabricantes de maquinaria, integradores industriales y centros de innovaci\u00f3n aplicada. Adem\u00e1s, se habilitar\u00e1n espacios de networking con asociaciones industriales coreanas y proveedores de automatizaci\u00f3n escalable. Los asistentes comprender\u00e1n c\u00f3mo Corea optimiza sus procesos mediante digitalizaci\u00f3n y anal\u00edtica en tiempo real. Al concluir, obtendr\u00e1n un mapa estrat\u00e9gico para adaptar modelos de automatizaci\u00f3n surcoreanos a sus propias operaciones. Fuentes: KOTRA; Korea Association of Machinery Industry; Automation Korea (2024).<\/p>\n","protected":false},"excerpt":{"rendered":"<p>La Misi\u00f3n Comercial en Corea del Sur destacada en Automatizaci\u00f3n ofrece acceso privilegiado al ecosistema industrial m\u00e1s din\u00e1mico de Asia, donde convergen manufactura avanzada, electr\u00f3nica de precisi\u00f3n y automatizaci\u00f3n robotizada. Se\u00fal y Suwon permiten observar en vivo c\u00f3mo operan plantas inteligentes basadas en tecnolog\u00edas integradas 5G y sistemas ciberf\u00edsicos. Los participantes asistir\u00e1n a Automation Korea [&hellip;]<\/p>\n","protected":false},"featured_media":7612,"template":"","meta":{"_acf_changed":false},"country":[948],"product_brand":[],"product_cat":[1022,1020,893],"product_tag":[924],"class_list":{"0":"post-6396","1":"product","2":"type-product","3":"status-publish","4":"has-post-thumbnail","6":"country-corea-del-sur","7":"product_cat-automatizacion","8":"product_cat-manufactura","9":"product_cat-misiones-comerciales","10":"product_tag-misiones-comerciales","12":"first","13":"instock","14":"virtual","15":"product-type-simple"},"acf":[],"_links":{"self":[{"href":"https:\/\/dcobys.com\/es\/wp-json\/wp\/v2\/product\/6396","targetHints":{"allow":["GET"]}}],"collection":[{"href":"https:\/\/dcobys.com\/es\/wp-json\/wp\/v2\/product"}],"about":[{"href":"https:\/\/dcobys.com\/es\/wp-json\/wp\/v2\/types\/product"}],"version-history":[{"count":0,"href":"https:\/\/dcobys.com\/es\/wp-json\/wp\/v2\/product\/6396\/revisions"}],"wp:featuredmedia":[{"embeddable":true,"href":"https:\/\/dcobys.com\/es\/wp-json\/wp\/v2\/media\/7612"}],"wp:attachment":[{"href":"https:\/\/dcobys.com\/es\/wp-json\/wp\/v2\/media?parent=6396"}],"wp:term":[{"taxonomy":"country","embeddable":true,"href":"https:\/\/dcobys.com\/es\/wp-json\/wp\/v2\/country?post=6396"},{"taxonomy":"product_brand","embeddable":true,"href":"https:\/\/dcobys.com\/es\/wp-json\/wp\/v2\/product_brand?post=6396"},{"taxonomy":"product_cat","embeddable":true,"href":"https:\/\/dcobys.com\/es\/wp-json\/wp\/v2\/product_cat?post=6396"},{"taxonomy":"product_tag","embeddable":true,"href":"https:\/\/dcobys.com\/es\/wp-json\/wp\/v2\/product_tag?post=6396"}],"curies":[{"name":"wp","href":"https:\/\/api.w.org\/{rel}","templated":true}]}}