{"id":6380,"date":"2025-12-15T13:01:12","date_gmt":"2025-12-15T18:01:12","guid":{"rendered":"https:\/\/dcobys.com\/services\/uncategorized\/industry-4-0-japan-2\/"},"modified":"2026-01-30T21:35:55","modified_gmt":"2026-01-31T02:35:55","slug":"industry-4-0-japan-2","status":"publish","type":"product","link":"https:\/\/dcobys.com\/es\/services\/misiones-comerciales\/manufactura\/industria-4-0\/industry-4-0-japan-2\/","title":{"rendered":"Industria 4.0 &#8211; Jap\u00f3n"},"content":{"rendered":"<p>La Misi\u00f3n Comercial en Jap\u00f3n, l\u00edder asi\u00e1tico en automatizaci\u00f3n avanzada, brinda acceso directo a los polos industriales de Tokio y Nagoya donde se desarrollan tecnolog\u00edas clave para la manufactura inteligente. Las empresas participantes conocer\u00e1n soluciones de rob\u00f3tica integrada, sensores de alta precisi\u00f3n y sistemas de producci\u00f3n hiperautomatizados. La agenda incluye recorridos por CEATEC y Smart Factory Expo, eventos que re\u00fanen a los principales fabricantes de hardware, IA industrial y plataformas de conectividad. Adem\u00e1s, se sostendr\u00e1n encuentros con desarrolladores de maquinaria de alta velocidad, proveedores de componentes y laboratorios de innovaci\u00f3n aplicada. Los asistentes ver\u00e1n demostraciones de manufactura aut\u00f3noma, l\u00edneas conectadas y modelos de eficiencia energ\u00e9tica. La misi\u00f3n fortalece la visi\u00f3n estrat\u00e9gica para mejorar productividad, reducir costos y preparar a las organizaciones para la transformaci\u00f3n digital. Al culminar, los participantes contar\u00e1n con oportunidades concretas de cooperaci\u00f3n tecnol\u00f3gica y expansi\u00f3n comercial. Fuentes: CEATEC Japan, Smart Factory Expo, METI Japan (2024).<\/p>\n","protected":false},"excerpt":{"rendered":"<p>La Misi\u00f3n Comercial en Jap\u00f3n, l\u00edder asi\u00e1tico en automatizaci\u00f3n avanzada, brinda acceso directo a los polos industriales de Tokio y Nagoya donde se desarrollan tecnolog\u00edas clave para la manufactura inteligente. Las empresas participantes conocer\u00e1n soluciones de rob\u00f3tica integrada, sensores de alta precisi\u00f3n y sistemas de producci\u00f3n hiperautomatizados. La agenda incluye recorridos por CEATEC y Smart [&hellip;]<\/p>\n","protected":false},"featured_media":7604,"template":"","meta":{"_acf_changed":false},"country":[939],"product_brand":[],"product_cat":[1021,1020,893],"product_tag":[924],"class_list":{"0":"post-6380","1":"product","2":"type-product","3":"status-publish","4":"has-post-thumbnail","6":"country-japon","7":"product_cat-industria-4-0","8":"product_cat-manufactura","9":"product_cat-misiones-comerciales","10":"product_tag-misiones-comerciales","12":"first","13":"instock","14":"virtual","15":"product-type-simple"},"acf":[],"_links":{"self":[{"href":"https:\/\/dcobys.com\/es\/wp-json\/wp\/v2\/product\/6380","targetHints":{"allow":["GET"]}}],"collection":[{"href":"https:\/\/dcobys.com\/es\/wp-json\/wp\/v2\/product"}],"about":[{"href":"https:\/\/dcobys.com\/es\/wp-json\/wp\/v2\/types\/product"}],"version-history":[{"count":0,"href":"https:\/\/dcobys.com\/es\/wp-json\/wp\/v2\/product\/6380\/revisions"}],"wp:featuredmedia":[{"embeddable":true,"href":"https:\/\/dcobys.com\/es\/wp-json\/wp\/v2\/media\/7604"}],"wp:attachment":[{"href":"https:\/\/dcobys.com\/es\/wp-json\/wp\/v2\/media?parent=6380"}],"wp:term":[{"taxonomy":"country","embeddable":true,"href":"https:\/\/dcobys.com\/es\/wp-json\/wp\/v2\/country?post=6380"},{"taxonomy":"product_brand","embeddable":true,"href":"https:\/\/dcobys.com\/es\/wp-json\/wp\/v2\/product_brand?post=6380"},{"taxonomy":"product_cat","embeddable":true,"href":"https:\/\/dcobys.com\/es\/wp-json\/wp\/v2\/product_cat?post=6380"},{"taxonomy":"product_tag","embeddable":true,"href":"https:\/\/dcobys.com\/es\/wp-json\/wp\/v2\/product_tag?post=6380"}],"curies":[{"name":"wp","href":"https:\/\/api.w.org\/{rel}","templated":true}]}}