{"id":6376,"date":"2025-12-15T13:01:12","date_gmt":"2025-12-15T18:01:12","guid":{"rendered":"https:\/\/dcobys.com\/services\/uncategorized\/composite-materials-brazil-2\/"},"modified":"2026-01-30T21:35:55","modified_gmt":"2026-01-31T02:35:55","slug":"composite-materials-brazil-2","status":"publish","type":"product","link":"https:\/\/dcobys.com\/es\/services\/misiones-comerciales\/aeroespacial\/materiales-compuestos\/composite-materials-brazil-2\/","title":{"rendered":"Materiales compuestos &#8211; Brasil"},"content":{"rendered":"<p>La Misi\u00f3n Comercial en Brasil, potencia industrial en Sudam\u00e9rica, introduce a los participantes al ecosistema de manufactura de materiales compuestos de S\u00e3o Paulo y Belo Horizonte. El programa ofrece visitas a plantas, proveedores y centros tecnol\u00f3gicos que desarrollan soluciones para sectores aeroespacial, automotriz y energ\u00eda. La misi\u00f3n incorpora participaci\u00f3n en ferias industriales como FIEE y otras exposiciones regionales de materiales. Los asistentes podr\u00e1n conocer tecnolog\u00edas de resinas, fibras avanzadas, manufactura automatizada y aplicaciones para aeroestructuras. La agenda agrega reuniones con clusters, instituciones acad\u00e9micas y empresas emergentes. El recorrido permite identificar oportunidades de integraci\u00f3n productiva y colaboraci\u00f3n tecnol\u00f3gica. Al finalizar, los participantes obtendr\u00e1n una visi\u00f3n estrat\u00e9gica del mercado brasile\u00f1o y sus posibilidades de expansi\u00f3n. Fuentes: FIEE; ABIMAQ; Cl\u00faster Aeroespacial Brasil.<\/p>\n","protected":false},"excerpt":{"rendered":"<p>La Misi\u00f3n Comercial en Brasil, potencia industrial en Sudam\u00e9rica, introduce a los participantes al ecosistema de manufactura de materiales compuestos de S\u00e3o Paulo y Belo Horizonte. El programa ofrece visitas a plantas, proveedores y centros tecnol\u00f3gicos que desarrollan soluciones para sectores aeroespacial, automotriz y energ\u00eda. La misi\u00f3n incorpora participaci\u00f3n en ferias industriales como FIEE y [&hellip;]<\/p>\n","protected":false},"featured_media":7213,"template":"","meta":{"_acf_changed":false},"country":[925],"product_brand":[],"product_cat":[956,959,893],"product_tag":[924],"class_list":{"0":"post-6376","1":"product","2":"type-product","3":"status-publish","4":"has-post-thumbnail","6":"country-brasil","7":"product_cat-aeroespacial","8":"product_cat-materiales-compuestos","9":"product_cat-misiones-comerciales","10":"product_tag-misiones-comerciales","12":"first","13":"instock","14":"virtual","15":"product-type-simple"},"acf":[],"_links":{"self":[{"href":"https:\/\/dcobys.com\/es\/wp-json\/wp\/v2\/product\/6376","targetHints":{"allow":["GET"]}}],"collection":[{"href":"https:\/\/dcobys.com\/es\/wp-json\/wp\/v2\/product"}],"about":[{"href":"https:\/\/dcobys.com\/es\/wp-json\/wp\/v2\/types\/product"}],"version-history":[{"count":0,"href":"https:\/\/dcobys.com\/es\/wp-json\/wp\/v2\/product\/6376\/revisions"}],"wp:featuredmedia":[{"embeddable":true,"href":"https:\/\/dcobys.com\/es\/wp-json\/wp\/v2\/media\/7213"}],"wp:attachment":[{"href":"https:\/\/dcobys.com\/es\/wp-json\/wp\/v2\/media?parent=6376"}],"wp:term":[{"taxonomy":"country","embeddable":true,"href":"https:\/\/dcobys.com\/es\/wp-json\/wp\/v2\/country?post=6376"},{"taxonomy":"product_brand","embeddable":true,"href":"https:\/\/dcobys.com\/es\/wp-json\/wp\/v2\/product_brand?post=6376"},{"taxonomy":"product_cat","embeddable":true,"href":"https:\/\/dcobys.com\/es\/wp-json\/wp\/v2\/product_cat?post=6376"},{"taxonomy":"product_tag","embeddable":true,"href":"https:\/\/dcobys.com\/es\/wp-json\/wp\/v2\/product_tag?post=6376"}],"curies":[{"name":"wp","href":"https:\/\/api.w.org\/{rel}","templated":true}]}}