{"id":6374,"date":"2025-12-15T13:01:12","date_gmt":"2025-12-15T18:01:12","guid":{"rendered":"https:\/\/dcobys.com\/services\/uncategorized\/composite-materials-uk-2\/"},"modified":"2026-01-30T21:35:55","modified_gmt":"2026-01-31T02:35:55","slug":"composite-materials-uk-2","status":"publish","type":"product","link":"https:\/\/dcobys.com\/es\/services\/misiones-comerciales\/aeroespacial\/materiales-compuestos\/composite-materials-uk-2\/","title":{"rendered":"Materiales compuestos &#8211; Reino Unido"},"content":{"rendered":"<p>La Misi\u00f3n Comercial en Reino Unido, l\u00edder europeo en investigaci\u00f3n y desarrollo de materiales compuestos, conecta a los participantes con los centros industriales de Bristol y Nottingham. El programa brinda acceso a empresas proveedoras, universidades y laboratorios avanzados del sector aeron\u00e1utico. La misi\u00f3n incorpora participaci\u00f3n en conferencias brit\u00e1nicas de compuestos y actividades asociadas a JEC regional. Los asistentes podr\u00e1n explorar tecnolog\u00edas para aeroestructuras, interiores y componentes ligeros. La agenda incluye espacios de networking con clusters, fabricantes y organismos de innovaci\u00f3n. El recorrido permite comprender el posicionamiento brit\u00e1nico en la cadena global de suministro. Al finalizar, los participantes identificar\u00e1n oportunidades comerciales y de cooperaci\u00f3n tecnol\u00f3gica con actores altamente especializados. Fuentes: UK Composites Centre; NCC Bristol; JEC Regional.<\/p>\n","protected":false},"excerpt":{"rendered":"<p>La Misi\u00f3n Comercial en Reino Unido, l\u00edder europeo en investigaci\u00f3n y desarrollo de materiales compuestos, conecta a los participantes con los centros industriales de Bristol y Nottingham. El programa brinda acceso a empresas proveedoras, universidades y laboratorios avanzados del sector aeron\u00e1utico. La misi\u00f3n incorpora participaci\u00f3n en conferencias brit\u00e1nicas de compuestos y actividades asociadas a JEC [&hellip;]<\/p>\n","protected":false},"featured_media":7213,"template":"","meta":{"_acf_changed":false},"country":[955],"product_brand":[],"product_cat":[956,959,893],"product_tag":[924],"class_list":{"0":"post-6374","1":"product","2":"type-product","3":"status-publish","4":"has-post-thumbnail","6":"country-reino-unido","7":"product_cat-aeroespacial","8":"product_cat-materiales-compuestos","9":"product_cat-misiones-comerciales","10":"product_tag-misiones-comerciales","12":"first","13":"instock","14":"virtual","15":"product-type-simple"},"acf":[],"_links":{"self":[{"href":"https:\/\/dcobys.com\/es\/wp-json\/wp\/v2\/product\/6374","targetHints":{"allow":["GET"]}}],"collection":[{"href":"https:\/\/dcobys.com\/es\/wp-json\/wp\/v2\/product"}],"about":[{"href":"https:\/\/dcobys.com\/es\/wp-json\/wp\/v2\/types\/product"}],"version-history":[{"count":0,"href":"https:\/\/dcobys.com\/es\/wp-json\/wp\/v2\/product\/6374\/revisions"}],"wp:featuredmedia":[{"embeddable":true,"href":"https:\/\/dcobys.com\/es\/wp-json\/wp\/v2\/media\/7213"}],"wp:attachment":[{"href":"https:\/\/dcobys.com\/es\/wp-json\/wp\/v2\/media?parent=6374"}],"wp:term":[{"taxonomy":"country","embeddable":true,"href":"https:\/\/dcobys.com\/es\/wp-json\/wp\/v2\/country?post=6374"},{"taxonomy":"product_brand","embeddable":true,"href":"https:\/\/dcobys.com\/es\/wp-json\/wp\/v2\/product_brand?post=6374"},{"taxonomy":"product_cat","embeddable":true,"href":"https:\/\/dcobys.com\/es\/wp-json\/wp\/v2\/product_cat?post=6374"},{"taxonomy":"product_tag","embeddable":true,"href":"https:\/\/dcobys.com\/es\/wp-json\/wp\/v2\/product_tag?post=6374"}],"curies":[{"name":"wp","href":"https:\/\/api.w.org\/{rel}","templated":true}]}}