{"id":6368,"date":"2025-12-15T13:01:12","date_gmt":"2025-12-15T18:01:12","guid":{"rendered":"https:\/\/dcobys.com\/services\/uncategorized\/composite-materials-canada-2\/"},"modified":"2026-01-30T21:35:55","modified_gmt":"2026-01-31T02:35:55","slug":"composite-materials-canada-2","status":"publish","type":"product","link":"https:\/\/dcobys.com\/es\/services\/misiones-comerciales\/aeroespacial\/materiales-compuestos\/composite-materials-canada-2\/","title":{"rendered":"Materiales compuestos &#8211; Canad\u00e1"},"content":{"rendered":"<p>La Misi\u00f3n Comercial en Canad\u00e1, reconocido polo t\u00e9cnico en materiales compuestos para el sector aeroespacial, ofrece a los participantes acceso a los ecosistemas industriales de Winnipeg y Montreal. El programa incluye visitas a centros de investigaci\u00f3n, plantas especializadas y clusters que impulsan proyectos de manufactura avanzada. La misi\u00f3n integra encuentros asociados a conferencias regionales de compuestos y sesiones derivadas de CAMX. Los asistentes conocer\u00e1n aplicaciones en aeroestructuras, interiores y componentes ligeros para aviaci\u00f3n comercial. La agenda agrega espacios de interacci\u00f3n con proveedores, integradores y organismos sectoriales. La experiencia brinda una visi\u00f3n integral del rol canadiense dentro de la cadena de suministro norteamericana. Al cierre, los participantes identificar\u00e1n oportunidades para alianzas, transferencia tecnol\u00f3gica y expansi\u00f3n comercial. Fuentes: Composites Canada; AIAC; CAMX Regional.<\/p>\n","protected":false},"excerpt":{"rendered":"<p>La Misi\u00f3n Comercial en Canad\u00e1, reconocido polo t\u00e9cnico en materiales compuestos para el sector aeroespacial, ofrece a los participantes acceso a los ecosistemas industriales de Winnipeg y Montreal. El programa incluye visitas a centros de investigaci\u00f3n, plantas especializadas y clusters que impulsan proyectos de manufactura avanzada. La misi\u00f3n integra encuentros asociados a conferencias regionales de [&hellip;]<\/p>\n","protected":false},"featured_media":7213,"template":"","meta":{"_acf_changed":false},"country":[926],"product_brand":[],"product_cat":[956,959,893],"product_tag":[924],"class_list":{"0":"post-6368","1":"product","2":"type-product","3":"status-publish","4":"has-post-thumbnail","6":"country-canada","7":"product_cat-aeroespacial","8":"product_cat-materiales-compuestos","9":"product_cat-misiones-comerciales","10":"product_tag-misiones-comerciales","12":"first","13":"instock","14":"virtual","15":"product-type-simple"},"acf":[],"_links":{"self":[{"href":"https:\/\/dcobys.com\/es\/wp-json\/wp\/v2\/product\/6368","targetHints":{"allow":["GET"]}}],"collection":[{"href":"https:\/\/dcobys.com\/es\/wp-json\/wp\/v2\/product"}],"about":[{"href":"https:\/\/dcobys.com\/es\/wp-json\/wp\/v2\/types\/product"}],"version-history":[{"count":0,"href":"https:\/\/dcobys.com\/es\/wp-json\/wp\/v2\/product\/6368\/revisions"}],"wp:featuredmedia":[{"embeddable":true,"href":"https:\/\/dcobys.com\/es\/wp-json\/wp\/v2\/media\/7213"}],"wp:attachment":[{"href":"https:\/\/dcobys.com\/es\/wp-json\/wp\/v2\/media?parent=6368"}],"wp:term":[{"taxonomy":"country","embeddable":true,"href":"https:\/\/dcobys.com\/es\/wp-json\/wp\/v2\/country?post=6368"},{"taxonomy":"product_brand","embeddable":true,"href":"https:\/\/dcobys.com\/es\/wp-json\/wp\/v2\/product_brand?post=6368"},{"taxonomy":"product_cat","embeddable":true,"href":"https:\/\/dcobys.com\/es\/wp-json\/wp\/v2\/product_cat?post=6368"},{"taxonomy":"product_tag","embeddable":true,"href":"https:\/\/dcobys.com\/es\/wp-json\/wp\/v2\/product_tag?post=6368"}],"curies":[{"name":"wp","href":"https:\/\/api.w.org\/{rel}","templated":true}]}}