{"id":6362,"date":"2025-12-15T13:01:12","date_gmt":"2025-12-15T18:01:12","guid":{"rendered":"https:\/\/dcobys.com\/services\/uncategorized\/satellite-technology-brazil-2\/"},"modified":"2026-01-30T21:35:55","modified_gmt":"2026-01-31T02:35:55","slug":"satellite-technology-brazil-2","status":"publish","type":"product","link":"https:\/\/dcobys.com\/es\/services\/misiones-comerciales\/aeroespacial\/tecnologia-satelital\/satellite-technology-brazil-2\/","title":{"rendered":"Tecnolog\u00eda satelital &#8211; Brasil"},"content":{"rendered":"<p> La Misi\u00f3n Comercial en Brasil, referente regional en tecnolog\u00eda satelital y desarrollo aeroespacial, introduce a los participantes al ecosistema ubicado entre S\u00e3o Jos\u00e9 dos Campos y R\u00edo de Janeiro. El programa permite conocer centros de investigaci\u00f3n, industrias de propulsi\u00f3n y empresas que integran soluciones para misi\u00f3n satelital. La agenda considera visitas a cumbres espaciales locales y, seg\u00fan calendario, participaci\u00f3n en el International Astronautical Congress cuando es organizado en el pa\u00eds. Los asistentes podr\u00e1n explorar capacidades de manufactura, integraci\u00f3n de sistemas y aplicaciones para observaci\u00f3n terrestre y telecomunicaciones. Tambi\u00e9n se facilitar\u00e1n reuniones con proveedores, agencias gubernamentales y clusters enfocados en I+D. El recorrido permite comprender el rol de Brasil en el desarrollo espacial latinoamericano y su potencial para alianzas tecnol\u00f3gicas. Al cierre, los participantes obtendr\u00e1n una visi\u00f3n estrat\u00e9gica del mercado, oportunidades de cooperaci\u00f3n y rutas para vinculaci\u00f3n industrial. Fuentes: AEB \u2013 Ag\u00eancia Espacial Brasileira; Parque Tecnol\u00f3gico S\u00e3o Jos\u00e9 dos Campos; IAC.<\/p>\n","protected":false},"excerpt":{"rendered":"<p>La Misi\u00f3n Comercial en Brasil, referente regional en tecnolog\u00eda satelital y desarrollo aeroespacial, introduce a los participantes al ecosistema ubicado entre S\u00e3o Jos\u00e9 dos Campos y R\u00edo de Janeiro. El programa permite conocer centros de investigaci\u00f3n, industrias de propulsi\u00f3n y empresas que integran soluciones para misi\u00f3n satelital. La agenda considera visitas a cumbres espaciales locales [&hellip;]<\/p>\n","protected":false},"featured_media":7205,"template":"","meta":{"_acf_changed":false},"country":[925],"product_brand":[],"product_cat":[956,893,961],"product_tag":[924],"class_list":{"0":"post-6362","1":"product","2":"type-product","3":"status-publish","4":"has-post-thumbnail","6":"country-brasil","7":"product_cat-aeroespacial","8":"product_cat-misiones-comerciales","9":"product_cat-tecnologia-satelital","10":"product_tag-misiones-comerciales","12":"first","13":"instock","14":"virtual","15":"product-type-simple"},"acf":[],"_links":{"self":[{"href":"https:\/\/dcobys.com\/es\/wp-json\/wp\/v2\/product\/6362","targetHints":{"allow":["GET"]}}],"collection":[{"href":"https:\/\/dcobys.com\/es\/wp-json\/wp\/v2\/product"}],"about":[{"href":"https:\/\/dcobys.com\/es\/wp-json\/wp\/v2\/types\/product"}],"version-history":[{"count":0,"href":"https:\/\/dcobys.com\/es\/wp-json\/wp\/v2\/product\/6362\/revisions"}],"wp:featuredmedia":[{"embeddable":true,"href":"https:\/\/dcobys.com\/es\/wp-json\/wp\/v2\/media\/7205"}],"wp:attachment":[{"href":"https:\/\/dcobys.com\/es\/wp-json\/wp\/v2\/media?parent=6362"}],"wp:term":[{"taxonomy":"country","embeddable":true,"href":"https:\/\/dcobys.com\/es\/wp-json\/wp\/v2\/country?post=6362"},{"taxonomy":"product_brand","embeddable":true,"href":"https:\/\/dcobys.com\/es\/wp-json\/wp\/v2\/product_brand?post=6362"},{"taxonomy":"product_cat","embeddable":true,"href":"https:\/\/dcobys.com\/es\/wp-json\/wp\/v2\/product_cat?post=6362"},{"taxonomy":"product_tag","embeddable":true,"href":"https:\/\/dcobys.com\/es\/wp-json\/wp\/v2\/product_tag?post=6362"}],"curies":[{"name":"wp","href":"https:\/\/api.w.org\/{rel}","templated":true}]}}