{"id":6356,"date":"2025-12-15T13:01:04","date_gmt":"2025-12-15T18:01:04","guid":{"rendered":"https:\/\/dcobys.com\/services\/uncategorized\/satellite-technology-germany-2\/"},"modified":"2026-01-30T21:35:55","modified_gmt":"2026-01-31T02:35:55","slug":"satellite-technology-germany-2","status":"publish","type":"product","link":"https:\/\/dcobys.com\/es\/services\/misiones-comerciales\/aeroespacial\/tecnologia-satelital\/satellite-technology-germany-2\/","title":{"rendered":"Tecnolog\u00eda satelital &#8211; Alemania"},"content":{"rendered":"<p>La Misi\u00f3n Comercial en Alemania, reconocido centro europeo de ingenier\u00eda espacial, lleva a los participantes a Bremen y Berl\u00edn, donde se desarrollan tecnolog\u00edas para sat\u00e9lites, propulsi\u00f3n avanzada y sistemas de observaci\u00f3n terrestre. Durante eventos como ILA Berlin y Space Tech Expo Europe, los asistentes conocer\u00e1n soluciones de lanzadores, plataformas modulares, sistemas de comunicaci\u00f3n y aplicaciones de datos para industria y gobierno. La agenda incluye reuniones con fabricantes, institutos de investigaci\u00f3n y clusters aeroespaciales que impulsan la innovaci\u00f3n europea. Tambi\u00e9n se explorar\u00e1n tecnolog\u00edas asociadas a misiones cient\u00edficas y proyectos de cooperaci\u00f3n internacional. La misi\u00f3n permite identificar oportunidades de negocio y alianzas estrat\u00e9gicas. Al finalizar, los participantes obtendr\u00e1n una visi\u00f3n profunda del mercado espacial alem\u00e1n y europeo. Fuentes: German Aerospace Center (DLR), ILA Berlin, Space Tech Expo Europe (2024).<\/p>\n","protected":false},"excerpt":{"rendered":"<p>La Misi\u00f3n Comercial en Alemania, reconocido centro europeo de ingenier\u00eda espacial, lleva a los participantes a Bremen y Berl\u00edn, donde se desarrollan tecnolog\u00edas para sat\u00e9lites, propulsi\u00f3n avanzada y sistemas de observaci\u00f3n terrestre. Durante eventos como ILA Berlin y Space Tech Expo Europe, los asistentes conocer\u00e1n soluciones de lanzadores, plataformas modulares, sistemas de comunicaci\u00f3n y aplicaciones [&hellip;]<\/p>\n","protected":false},"featured_media":7205,"template":"","meta":{"_acf_changed":false},"country":[934],"product_brand":[],"product_cat":[956,893,961],"product_tag":[924],"class_list":{"0":"post-6356","1":"product","2":"type-product","3":"status-publish","4":"has-post-thumbnail","6":"country-alemania","7":"product_cat-aeroespacial","8":"product_cat-misiones-comerciales","9":"product_cat-tecnologia-satelital","10":"product_tag-misiones-comerciales","12":"first","13":"instock","14":"virtual","15":"product-type-simple"},"acf":[],"_links":{"self":[{"href":"https:\/\/dcobys.com\/es\/wp-json\/wp\/v2\/product\/6356","targetHints":{"allow":["GET"]}}],"collection":[{"href":"https:\/\/dcobys.com\/es\/wp-json\/wp\/v2\/product"}],"about":[{"href":"https:\/\/dcobys.com\/es\/wp-json\/wp\/v2\/types\/product"}],"version-history":[{"count":0,"href":"https:\/\/dcobys.com\/es\/wp-json\/wp\/v2\/product\/6356\/revisions"}],"wp:featuredmedia":[{"embeddable":true,"href":"https:\/\/dcobys.com\/es\/wp-json\/wp\/v2\/media\/7205"}],"wp:attachment":[{"href":"https:\/\/dcobys.com\/es\/wp-json\/wp\/v2\/media?parent=6356"}],"wp:term":[{"taxonomy":"country","embeddable":true,"href":"https:\/\/dcobys.com\/es\/wp-json\/wp\/v2\/country?post=6356"},{"taxonomy":"product_brand","embeddable":true,"href":"https:\/\/dcobys.com\/es\/wp-json\/wp\/v2\/product_brand?post=6356"},{"taxonomy":"product_cat","embeddable":true,"href":"https:\/\/dcobys.com\/es\/wp-json\/wp\/v2\/product_cat?post=6356"},{"taxonomy":"product_tag","embeddable":true,"href":"https:\/\/dcobys.com\/es\/wp-json\/wp\/v2\/product_tag?post=6356"}],"curies":[{"name":"wp","href":"https:\/\/api.w.org\/{rel}","templated":true}]}}