{"id":6354,"date":"2025-12-15T13:01:04","date_gmt":"2025-12-15T18:01:04","guid":{"rendered":"https:\/\/dcobys.com\/services\/uncategorized\/satellite-technology-canada-2\/"},"modified":"2026-01-30T21:35:55","modified_gmt":"2026-01-31T02:35:55","slug":"satellite-technology-canada-2","status":"publish","type":"product","link":"https:\/\/dcobys.com\/es\/services\/misiones-comerciales\/aeroespacial\/tecnologia-satelital\/satellite-technology-canada-2\/","title":{"rendered":"Tecnolog\u00eda satelital &#8211; Canad\u00e1"},"content":{"rendered":"<p>La Misi\u00f3n Comercial en Canad\u00e1, pa\u00eds referente en telecomunicaciones y soluciones satelitales para climas extremos, permite a los participantes recorrer Ottawa y Montreal, polos clave en investigaci\u00f3n espacial y desarrollo de tecnolog\u00edas orbitales. Durante el Canadian Space Forum y encuentros especializados, los asistentes conocer\u00e1n innovaciones en sat\u00e9lites de observaci\u00f3n, sistemas GNSS, sensores remotos y aplicaciones de datos para miner\u00eda, infraestructura y medio ambiente. La agenda incluye visitas a centros de investigaci\u00f3n, fabricantes de componentes y empresas especializadas en an\u00e1lisis geoespacial. Tambi\u00e9n se organizar\u00e1n reuniones con proveedores y actores gubernamentales del sector. Los participantes podr\u00e1n identificar oportunidades para cooperaci\u00f3n t\u00e9cnica, adquisici\u00f3n de tecnolog\u00eda y desarrollo conjunto de proyectos espaciales. Al finalizar, obtendr\u00e1n una perspectiva clara del potencial del sector en Norteam\u00e9rica. Fuentes: Canadian Space Agency, Canadian Space Forum, Innovation Science and Economic Development Canada (2024).<\/p>\n","protected":false},"excerpt":{"rendered":"<p>La Misi\u00f3n Comercial en Canad\u00e1, pa\u00eds referente en telecomunicaciones y soluciones satelitales para climas extremos, permite a los participantes recorrer Ottawa y Montreal, polos clave en investigaci\u00f3n espacial y desarrollo de tecnolog\u00edas orbitales. Durante el Canadian Space Forum y encuentros especializados, los asistentes conocer\u00e1n innovaciones en sat\u00e9lites de observaci\u00f3n, sistemas GNSS, sensores remotos y aplicaciones [&hellip;]<\/p>\n","protected":false},"featured_media":7205,"template":"","meta":{"_acf_changed":false},"country":[926],"product_brand":[],"product_cat":[956,893,961],"product_tag":[924],"class_list":{"0":"post-6354","1":"product","2":"type-product","3":"status-publish","4":"has-post-thumbnail","6":"country-canada","7":"product_cat-aeroespacial","8":"product_cat-misiones-comerciales","9":"product_cat-tecnologia-satelital","10":"product_tag-misiones-comerciales","12":"first","13":"instock","14":"virtual","15":"product-type-simple"},"acf":[],"_links":{"self":[{"href":"https:\/\/dcobys.com\/es\/wp-json\/wp\/v2\/product\/6354","targetHints":{"allow":["GET"]}}],"collection":[{"href":"https:\/\/dcobys.com\/es\/wp-json\/wp\/v2\/product"}],"about":[{"href":"https:\/\/dcobys.com\/es\/wp-json\/wp\/v2\/types\/product"}],"version-history":[{"count":0,"href":"https:\/\/dcobys.com\/es\/wp-json\/wp\/v2\/product\/6354\/revisions"}],"wp:featuredmedia":[{"embeddable":true,"href":"https:\/\/dcobys.com\/es\/wp-json\/wp\/v2\/media\/7205"}],"wp:attachment":[{"href":"https:\/\/dcobys.com\/es\/wp-json\/wp\/v2\/media?parent=6354"}],"wp:term":[{"taxonomy":"country","embeddable":true,"href":"https:\/\/dcobys.com\/es\/wp-json\/wp\/v2\/country?post=6354"},{"taxonomy":"product_brand","embeddable":true,"href":"https:\/\/dcobys.com\/es\/wp-json\/wp\/v2\/product_brand?post=6354"},{"taxonomy":"product_cat","embeddable":true,"href":"https:\/\/dcobys.com\/es\/wp-json\/wp\/v2\/product_cat?post=6354"},{"taxonomy":"product_tag","embeddable":true,"href":"https:\/\/dcobys.com\/es\/wp-json\/wp\/v2\/product_tag?post=6354"}],"curies":[{"name":"wp","href":"https:\/\/api.w.org\/{rel}","templated":true}]}}