{"id":6352,"date":"2025-12-15T13:01:04","date_gmt":"2025-12-15T18:01:04","guid":{"rendered":"https:\/\/dcobys.com\/services\/uncategorized\/satellite-technology-france-2\/"},"modified":"2026-01-30T21:35:55","modified_gmt":"2026-01-31T02:35:55","slug":"satellite-technology-france-2","status":"publish","type":"product","link":"https:\/\/dcobys.com\/es\/services\/misiones-comerciales\/aeroespacial\/tecnologia-satelital\/satellite-technology-france-2\/","title":{"rendered":"Tecnolog\u00eda satelital &#8211; Francia"},"content":{"rendered":"<p>La Misi\u00f3n Comercial en Francia, uno de los centros m\u00e1s influyentes de la industria espacial europea, acerca a los participantes a los polos de Toulouse y Par\u00eds, donde se dise\u00f1an sat\u00e9lites, sistemas de navegaci\u00f3n y tecnolog\u00edas para observaci\u00f3n de la Tierra. En ferias como Paris Space Week y encuentros de Space Tech, los asistentes conocer\u00e1n avances en micro y nanosat\u00e9lites, comunicaciones \u00f3pticas, plataformas de lanzamiento y an\u00e1lisis de datos espaciales. La misi\u00f3n contempla visitas a fabricantes, centros de ingenier\u00eda y organismos que integran el ecosistema espacial franc\u00e9s. Tambi\u00e9n se sostendr\u00e1n reuniones con startups e instituciones dedicadas a aplicaciones en agricultura, seguridad y medio ambiente. Los participantes explorar\u00e1n oportunidades para proyectos de cooperaci\u00f3n tecnol\u00f3gica y transferencia de conocimiento. Al finalizar, obtendr\u00e1n una visi\u00f3n s\u00f3lida sobre el mercado espacial europeo y sus tendencias. Fuentes: CNES (Agencia Espacial Francesa), Paris Space Week, Aerospace Valley (2024).<\/p>\n","protected":false},"excerpt":{"rendered":"<p>La Misi\u00f3n Comercial en Francia, uno de los centros m\u00e1s influyentes de la industria espacial europea, acerca a los participantes a los polos de Toulouse y Par\u00eds, donde se dise\u00f1an sat\u00e9lites, sistemas de navegaci\u00f3n y tecnolog\u00edas para observaci\u00f3n de la Tierra. En ferias como Paris Space Week y encuentros de Space Tech, los asistentes conocer\u00e1n [&hellip;]<\/p>\n","protected":false},"featured_media":7205,"template":"","meta":{"_acf_changed":false},"country":[933],"product_brand":[],"product_cat":[956,893,961],"product_tag":[924],"class_list":{"0":"post-6352","1":"product","2":"type-product","3":"status-publish","4":"has-post-thumbnail","6":"country-francia","7":"product_cat-aeroespacial","8":"product_cat-misiones-comerciales","9":"product_cat-tecnologia-satelital","10":"product_tag-misiones-comerciales","12":"first","13":"instock","14":"virtual","15":"product-type-simple"},"acf":[],"_links":{"self":[{"href":"https:\/\/dcobys.com\/es\/wp-json\/wp\/v2\/product\/6352","targetHints":{"allow":["GET"]}}],"collection":[{"href":"https:\/\/dcobys.com\/es\/wp-json\/wp\/v2\/product"}],"about":[{"href":"https:\/\/dcobys.com\/es\/wp-json\/wp\/v2\/types\/product"}],"version-history":[{"count":0,"href":"https:\/\/dcobys.com\/es\/wp-json\/wp\/v2\/product\/6352\/revisions"}],"wp:featuredmedia":[{"embeddable":true,"href":"https:\/\/dcobys.com\/es\/wp-json\/wp\/v2\/media\/7205"}],"wp:attachment":[{"href":"https:\/\/dcobys.com\/es\/wp-json\/wp\/v2\/media?parent=6352"}],"wp:term":[{"taxonomy":"country","embeddable":true,"href":"https:\/\/dcobys.com\/es\/wp-json\/wp\/v2\/country?post=6352"},{"taxonomy":"product_brand","embeddable":true,"href":"https:\/\/dcobys.com\/es\/wp-json\/wp\/v2\/product_brand?post=6352"},{"taxonomy":"product_cat","embeddable":true,"href":"https:\/\/dcobys.com\/es\/wp-json\/wp\/v2\/product_cat?post=6352"},{"taxonomy":"product_tag","embeddable":true,"href":"https:\/\/dcobys.com\/es\/wp-json\/wp\/v2\/product_tag?post=6352"}],"curies":[{"name":"wp","href":"https:\/\/api.w.org\/{rel}","templated":true}]}}