{"id":6350,"date":"2025-12-15T13:01:04","date_gmt":"2025-12-15T18:01:04","guid":{"rendered":"https:\/\/dcobys.com\/services\/uncategorized\/satellite-technology-usa-2\/"},"modified":"2026-01-30T21:35:55","modified_gmt":"2026-01-31T02:35:55","slug":"satellite-technology-usa-2","status":"publish","type":"product","link":"https:\/\/dcobys.com\/es\/services\/misiones-comerciales\/aeroespacial\/tecnologia-satelital\/satellite-technology-usa-2\/","title":{"rendered":"Tecnolog\u00eda satelital &#8211; EE. UU."},"content":{"rendered":"<p>La Misi\u00f3n Comercial en EE. UU., l\u00edder mundial en tecnolog\u00eda espacial y satelital, ofrece acceso a hubs estrat\u00e9gicos donde convergen startups, instituciones cient\u00edficas y grandes empresas del sector. Palo Alto y Los \u00c1ngeles son el eje del programa, conectando a los participantes con centros de innovaci\u00f3n, laboratorios, fabricantes y operadores satelitales. La agenda incluye participaci\u00f3n en SmallSat Symposium, Space Tech Expo y conferencias especializadas. Los asistentes explorar\u00e1n tendencias en \u00f3rbita baja, comunicaciones, sensores, propulsi\u00f3n y manufactura espacial. Se sostienen reuniones con empresas tecnol\u00f3gicas, inversionistas y desarrolladores de soluciones satelitales. La misi\u00f3n permite evaluar oportunidades de integraci\u00f3n en proyectos globales y colaboraci\u00f3n con el ecosistema estadounidense. Al cierre, los participantes obtienen una visi\u00f3n clara del mercado espacial y rutas para expansi\u00f3n internacional. Fuentes: SmallSat Symposium, Space Tech Expo, NASA Commercial Partnerships.<\/p>\n","protected":false},"excerpt":{"rendered":"<p>La Misi\u00f3n Comercial en EE. UU., l\u00edder mundial en tecnolog\u00eda espacial y satelital, ofrece acceso a hubs estrat\u00e9gicos donde convergen startups, instituciones cient\u00edficas y grandes empresas del sector. Palo Alto y Los \u00c1ngeles son el eje del programa, conectando a los participantes con centros de innovaci\u00f3n, laboratorios, fabricantes y operadores satelitales. La agenda incluye participaci\u00f3n [&hellip;]<\/p>\n","protected":false},"featured_media":7205,"template":"","meta":{"_acf_changed":false},"country":[954],"product_brand":[],"product_cat":[956,893,961],"product_tag":[924],"class_list":{"0":"post-6350","1":"product","2":"type-product","3":"status-publish","4":"has-post-thumbnail","6":"country-ee-uu","7":"product_cat-aeroespacial","8":"product_cat-misiones-comerciales","9":"product_cat-tecnologia-satelital","10":"product_tag-misiones-comerciales","12":"first","13":"instock","14":"virtual","15":"product-type-simple"},"acf":[],"_links":{"self":[{"href":"https:\/\/dcobys.com\/es\/wp-json\/wp\/v2\/product\/6350","targetHints":{"allow":["GET"]}}],"collection":[{"href":"https:\/\/dcobys.com\/es\/wp-json\/wp\/v2\/product"}],"about":[{"href":"https:\/\/dcobys.com\/es\/wp-json\/wp\/v2\/types\/product"}],"version-history":[{"count":0,"href":"https:\/\/dcobys.com\/es\/wp-json\/wp\/v2\/product\/6350\/revisions"}],"wp:featuredmedia":[{"embeddable":true,"href":"https:\/\/dcobys.com\/es\/wp-json\/wp\/v2\/media\/7205"}],"wp:attachment":[{"href":"https:\/\/dcobys.com\/es\/wp-json\/wp\/v2\/media?parent=6350"}],"wp:term":[{"taxonomy":"country","embeddable":true,"href":"https:\/\/dcobys.com\/es\/wp-json\/wp\/v2\/country?post=6350"},{"taxonomy":"product_brand","embeddable":true,"href":"https:\/\/dcobys.com\/es\/wp-json\/wp\/v2\/product_brand?post=6350"},{"taxonomy":"product_cat","embeddable":true,"href":"https:\/\/dcobys.com\/es\/wp-json\/wp\/v2\/product_cat?post=6350"},{"taxonomy":"product_tag","embeddable":true,"href":"https:\/\/dcobys.com\/es\/wp-json\/wp\/v2\/product_tag?post=6350"}],"curies":[{"name":"wp","href":"https:\/\/api.w.org\/{rel}","templated":true}]}}