{"id":6346,"date":"2025-12-15T13:01:04","date_gmt":"2025-12-15T18:01:04","guid":{"rendered":"https:\/\/dcobys.com\/services\/uncategorized\/drones-uk-2\/"},"modified":"2026-01-30T21:35:54","modified_gmt":"2026-01-31T02:35:54","slug":"drones-uk-2","status":"publish","type":"product","link":"https:\/\/dcobys.com\/es\/services\/misiones-comerciales\/aeroespacial\/drones\/drones-uk-2\/","title":{"rendered":"Drones &#8211; Reino Unido"},"content":{"rendered":"<p>La Misi\u00f3n Comercial en Reino Unido, pionero en normativas UAV y desarrollo de aplicaciones avanzadas, ofrece acceso a centros tecnol\u00f3gicos y proveedores l\u00edderes. Londres y Cambridge conforman el eje del recorrido, integrando visitas a laboratorios, operadores y organizaciones regulatorias. La agenda incluye asistencia al Commercial Drone Show y conferencias t\u00e9cnicas del ecosistema Drones UK. Los participantes exploran tendencias en inspecci\u00f3n industrial, carga a\u00e9rea, movilidad avanzada y operaciones aut\u00f3nomas. Se sostienen reuniones con empresas innovadoras y actores del sector p\u00fablico. La misi\u00f3n permite comprender est\u00e1ndares brit\u00e1nicos y oportunidades de colaboraci\u00f3n. Al cerrar, se obtiene una visi\u00f3n clara para ingresar o expandir operaciones UAV en Reino Unido. Fuentes: Commercial Drone Show UK, CAA UK, Drones UK Network.<\/p>\n","protected":false},"excerpt":{"rendered":"<p>La Misi\u00f3n Comercial en Reino Unido, pionero en normativas UAV y desarrollo de aplicaciones avanzadas, ofrece acceso a centros tecnol\u00f3gicos y proveedores l\u00edderes. Londres y Cambridge conforman el eje del recorrido, integrando visitas a laboratorios, operadores y organizaciones regulatorias. La agenda incluye asistencia al Commercial Drone Show y conferencias t\u00e9cnicas del ecosistema Drones UK. Los [&hellip;]<\/p>\n","protected":false},"featured_media":7179,"template":"","meta":{"_acf_changed":false},"country":[955],"product_brand":[],"product_cat":[956,960,893],"product_tag":[924],"class_list":{"0":"post-6346","1":"product","2":"type-product","3":"status-publish","4":"has-post-thumbnail","6":"country-reino-unido","7":"product_cat-aeroespacial","8":"product_cat-drones","9":"product_cat-misiones-comerciales","10":"product_tag-misiones-comerciales","12":"first","13":"instock","14":"virtual","15":"product-type-simple"},"acf":[],"_links":{"self":[{"href":"https:\/\/dcobys.com\/es\/wp-json\/wp\/v2\/product\/6346","targetHints":{"allow":["GET"]}}],"collection":[{"href":"https:\/\/dcobys.com\/es\/wp-json\/wp\/v2\/product"}],"about":[{"href":"https:\/\/dcobys.com\/es\/wp-json\/wp\/v2\/types\/product"}],"version-history":[{"count":0,"href":"https:\/\/dcobys.com\/es\/wp-json\/wp\/v2\/product\/6346\/revisions"}],"wp:featuredmedia":[{"embeddable":true,"href":"https:\/\/dcobys.com\/es\/wp-json\/wp\/v2\/media\/7179"}],"wp:attachment":[{"href":"https:\/\/dcobys.com\/es\/wp-json\/wp\/v2\/media?parent=6346"}],"wp:term":[{"taxonomy":"country","embeddable":true,"href":"https:\/\/dcobys.com\/es\/wp-json\/wp\/v2\/country?post=6346"},{"taxonomy":"product_brand","embeddable":true,"href":"https:\/\/dcobys.com\/es\/wp-json\/wp\/v2\/product_brand?post=6346"},{"taxonomy":"product_cat","embeddable":true,"href":"https:\/\/dcobys.com\/es\/wp-json\/wp\/v2\/product_cat?post=6346"},{"taxonomy":"product_tag","embeddable":true,"href":"https:\/\/dcobys.com\/es\/wp-json\/wp\/v2\/product_tag?post=6346"}],"curies":[{"name":"wp","href":"https:\/\/api.w.org\/{rel}","templated":true}]}}