{"id":6342,"date":"2025-12-15T13:01:04","date_gmt":"2025-12-15T18:01:04","guid":{"rendered":"https:\/\/dcobys.com\/services\/uncategorized\/drones-germany-2\/"},"modified":"2026-01-30T21:35:54","modified_gmt":"2026-01-31T02:35:54","slug":"drones-germany-2","status":"publish","type":"product","link":"https:\/\/dcobys.com\/es\/services\/misiones-comerciales\/aeroespacial\/drones\/drones-germany-2\/","title":{"rendered":"Drones &#8211; Alemania"},"content":{"rendered":"<p>La Misi\u00f3n Comercial en Alemania, uno de los ecosistemas m\u00e1s s\u00f3lidos de Europa en geoespacial y rob\u00f3tica, se centra en aplicaciones profesionales de drones. M\u00fanich y Stuttgart son las ciudades base, donde se visitan centros de investigaci\u00f3n, proveedores y laboratorios de pruebas. La agenda integra participaci\u00f3n en Intergeo y eventos relacionados con drones industriales. Los asistentes conocer\u00e1n avances en sensores LIDAR, mapeo 3D, automatizaci\u00f3n e integraci\u00f3n con software geoespacial. Se desarrollan reuniones con empresas l\u00edderes y startups tecnol\u00f3gicas. La misi\u00f3n permite comprender regulaciones europeas, modelos de negocio y oportunidades de integraci\u00f3n. Al finalizar, los participantes obtienen un panorama claro para expandir soluciones en el mercado alem\u00e1n y europeo. Fuentes: Intergeo, UAV DACH, German Aerospace Center (DLR).<\/p>\n","protected":false},"excerpt":{"rendered":"<p>La Misi\u00f3n Comercial en Alemania, uno de los ecosistemas m\u00e1s s\u00f3lidos de Europa en geoespacial y rob\u00f3tica, se centra en aplicaciones profesionales de drones. M\u00fanich y Stuttgart son las ciudades base, donde se visitan centros de investigaci\u00f3n, proveedores y laboratorios de pruebas. La agenda integra participaci\u00f3n en Intergeo y eventos relacionados con drones industriales. Los [&hellip;]<\/p>\n","protected":false},"featured_media":7179,"template":"","meta":{"_acf_changed":false},"country":[934],"product_brand":[],"product_cat":[956,960,893],"product_tag":[924],"class_list":{"0":"post-6342","1":"product","2":"type-product","3":"status-publish","4":"has-post-thumbnail","6":"country-alemania","7":"product_cat-aeroespacial","8":"product_cat-drones","9":"product_cat-misiones-comerciales","10":"product_tag-misiones-comerciales","12":"first","13":"instock","14":"virtual","15":"product-type-simple"},"acf":[],"_links":{"self":[{"href":"https:\/\/dcobys.com\/es\/wp-json\/wp\/v2\/product\/6342","targetHints":{"allow":["GET"]}}],"collection":[{"href":"https:\/\/dcobys.com\/es\/wp-json\/wp\/v2\/product"}],"about":[{"href":"https:\/\/dcobys.com\/es\/wp-json\/wp\/v2\/types\/product"}],"version-history":[{"count":0,"href":"https:\/\/dcobys.com\/es\/wp-json\/wp\/v2\/product\/6342\/revisions"}],"wp:featuredmedia":[{"embeddable":true,"href":"https:\/\/dcobys.com\/es\/wp-json\/wp\/v2\/media\/7179"}],"wp:attachment":[{"href":"https:\/\/dcobys.com\/es\/wp-json\/wp\/v2\/media?parent=6342"}],"wp:term":[{"taxonomy":"country","embeddable":true,"href":"https:\/\/dcobys.com\/es\/wp-json\/wp\/v2\/country?post=6342"},{"taxonomy":"product_brand","embeddable":true,"href":"https:\/\/dcobys.com\/es\/wp-json\/wp\/v2\/product_brand?post=6342"},{"taxonomy":"product_cat","embeddable":true,"href":"https:\/\/dcobys.com\/es\/wp-json\/wp\/v2\/product_cat?post=6342"},{"taxonomy":"product_tag","embeddable":true,"href":"https:\/\/dcobys.com\/es\/wp-json\/wp\/v2\/product_tag?post=6342"}],"curies":[{"name":"wp","href":"https:\/\/api.w.org\/{rel}","templated":true}]}}