{"id":6334,"date":"2025-12-15T13:01:04","date_gmt":"2025-12-15T18:01:04","guid":{"rendered":"https:\/\/dcobys.com\/services\/uncategorized\/mro-maintenance-and-repair-brazil-2\/"},"modified":"2026-01-30T21:35:54","modified_gmt":"2026-01-31T02:35:54","slug":"mro-maintenance-and-repair-brazil-2","status":"publish","type":"product","link":"https:\/\/dcobys.com\/es\/services\/misiones-comerciales\/aeroespacial\/mro-mantenimiento-y-reparacion\/mro-maintenance-and-repair-brazil-2\/","title":{"rendered":"MRO (mantenimiento y reparaci\u00f3n) &#8211; Brasil"},"content":{"rendered":"<p>La Misi\u00f3n Comercial en Brasil, actor clave en servicios aeron\u00e1uticos en la regi\u00f3n, permite conocer capacidades MRO vinculadas a flotas comerciales y de defensa. S\u00e3o Paulo y Campinas son la base del recorrido, donde se realizan visitas a talleres certificados, proveedores y centros de log\u00edstica aeron\u00e1utica. La agenda incluye participaci\u00f3n en LAAD Defence &#038; Security y eventos regionales de mantenimiento. Los asistentes analizan tendencias locales en reparaci\u00f3n de motores, overhaul, digitalizaci\u00f3n y certificaci\u00f3n. Tambi\u00e9n se sostienen reuniones con empresas y asociaciones que impulsan la industria brasile\u00f1a. La misi\u00f3n facilita oportunidades de integraci\u00f3n, intercambio tecnol\u00f3gico y ampliaci\u00f3n de servicios. Al cierre, los participantes obtienen un mapa claro del mercado brasile\u00f1o y sus posibilidades de negocio. Fuentes: LAAD, Aerospace Brazil, Parque Tecnol\u00f3gico S\u00e3o Jos\u00e9 dos Campos.<\/p>\n","protected":false},"excerpt":{"rendered":"<p>La Misi\u00f3n Comercial en Brasil, actor clave en servicios aeron\u00e1uticos en la regi\u00f3n, permite conocer capacidades MRO vinculadas a flotas comerciales y de defensa. S\u00e3o Paulo y Campinas son la base del recorrido, donde se realizan visitas a talleres certificados, proveedores y centros de log\u00edstica aeron\u00e1utica. La agenda incluye participaci\u00f3n en LAAD Defence &#038; Security [&hellip;]<\/p>\n","protected":false},"featured_media":7197,"template":"","meta":{"_acf_changed":false},"country":[925],"product_brand":[],"product_cat":[956,893,958],"product_tag":[924],"class_list":{"0":"post-6334","1":"product","2":"type-product","3":"status-publish","4":"has-post-thumbnail","6":"country-brasil","7":"product_cat-aeroespacial","8":"product_cat-misiones-comerciales","9":"product_cat-mro-mantenimiento-y-reparacion","10":"product_tag-misiones-comerciales","12":"first","13":"instock","14":"virtual","15":"product-type-simple"},"acf":[],"_links":{"self":[{"href":"https:\/\/dcobys.com\/es\/wp-json\/wp\/v2\/product\/6334","targetHints":{"allow":["GET"]}}],"collection":[{"href":"https:\/\/dcobys.com\/es\/wp-json\/wp\/v2\/product"}],"about":[{"href":"https:\/\/dcobys.com\/es\/wp-json\/wp\/v2\/types\/product"}],"version-history":[{"count":0,"href":"https:\/\/dcobys.com\/es\/wp-json\/wp\/v2\/product\/6334\/revisions"}],"wp:featuredmedia":[{"embeddable":true,"href":"https:\/\/dcobys.com\/es\/wp-json\/wp\/v2\/media\/7197"}],"wp:attachment":[{"href":"https:\/\/dcobys.com\/es\/wp-json\/wp\/v2\/media?parent=6334"}],"wp:term":[{"taxonomy":"country","embeddable":true,"href":"https:\/\/dcobys.com\/es\/wp-json\/wp\/v2\/country?post=6334"},{"taxonomy":"product_brand","embeddable":true,"href":"https:\/\/dcobys.com\/es\/wp-json\/wp\/v2\/product_brand?post=6334"},{"taxonomy":"product_cat","embeddable":true,"href":"https:\/\/dcobys.com\/es\/wp-json\/wp\/v2\/product_cat?post=6334"},{"taxonomy":"product_tag","embeddable":true,"href":"https:\/\/dcobys.com\/es\/wp-json\/wp\/v2\/product_tag?post=6334"}],"curies":[{"name":"wp","href":"https:\/\/api.w.org\/{rel}","templated":true}]}}