{"id":6320,"date":"2025-12-15T13:01:04","date_gmt":"2025-12-15T18:01:04","guid":{"rendered":"https:\/\/dcobys.com\/services\/uncategorized\/component-manufacturing-brazil-2\/"},"modified":"2026-01-30T21:35:54","modified_gmt":"2026-01-31T02:35:54","slug":"component-manufacturing-brazil-2","status":"publish","type":"product","link":"https:\/\/dcobys.com\/es\/services\/misiones-comerciales\/aeroespacial\/fabricacion-de-componentes\/component-manufacturing-brazil-2\/","title":{"rendered":"Fabricaci\u00f3n de componentes &#8211; Brasil"},"content":{"rendered":"<p>La Misi\u00f3n Comercial en Brasil, epicentro latinoamericano de la industria aeron\u00e1utica, ofrece una introducci\u00f3n profunda a la fabricaci\u00f3n de componentes y a los cl\u00fasteres vinculados a grandes fabricantes regionales. S\u00e3o Jos\u00e9 dos Campos y S\u00e3o Paulo sirven como base para visitas a plantas industriales, centros de ingenier\u00eda y proveedores certificados. El programa incluye espacios de networking en ferias como LAAD o encuentros sectoriales de Aerospace Brazil, facilitando contacto con compradores e instituciones especializadas. Los participantes conocer\u00e1n capacidades en manufactura avanzada, integraci\u00f3n de sistemas, mecanizado y electr\u00f3nica aeron\u00e1utica. La misi\u00f3n tambi\u00e9n revisa la fortaleza brasile\u00f1a en certificaci\u00f3n, innovaci\u00f3n y exportaci\u00f3n. El recorrido permite evaluar oportunidades de entrada al mercado y potencial escalamiento conjunto. Al finalizar, las empresas obtienen un mapa claro de oportunidades comerciales y tecnol\u00f3gicas dentro del ecosistema brasile\u00f1o. Fuentes: Aerospace Brazil, LAAD Defence &#038; Security, Parque Tecnol\u00f3gico de S\u00e3o Jos\u00e9 dos Campos.<\/p>\n","protected":false},"excerpt":{"rendered":"<p>La Misi\u00f3n Comercial en Brasil, epicentro latinoamericano de la industria aeron\u00e1utica, ofrece una introducci\u00f3n profunda a la fabricaci\u00f3n de componentes y a los cl\u00fasteres vinculados a grandes fabricantes regionales. S\u00e3o Jos\u00e9 dos Campos y S\u00e3o Paulo sirven como base para visitas a plantas industriales, centros de ingenier\u00eda y proveedores certificados. El programa incluye espacios de [&hellip;]<\/p>\n","protected":false},"featured_media":6308,"template":"","meta":{"_acf_changed":false},"country":[925],"product_brand":[],"product_cat":[956,957,893],"product_tag":[924],"class_list":{"0":"post-6320","1":"product","2":"type-product","3":"status-publish","4":"has-post-thumbnail","6":"country-brasil","7":"product_cat-aeroespacial","8":"product_cat-fabricacion-de-componentes","9":"product_cat-misiones-comerciales","10":"product_tag-misiones-comerciales","12":"first","13":"instock","14":"virtual","15":"product-type-simple"},"acf":[],"_links":{"self":[{"href":"https:\/\/dcobys.com\/es\/wp-json\/wp\/v2\/product\/6320","targetHints":{"allow":["GET"]}}],"collection":[{"href":"https:\/\/dcobys.com\/es\/wp-json\/wp\/v2\/product"}],"about":[{"href":"https:\/\/dcobys.com\/es\/wp-json\/wp\/v2\/types\/product"}],"version-history":[{"count":0,"href":"https:\/\/dcobys.com\/es\/wp-json\/wp\/v2\/product\/6320\/revisions"}],"wp:featuredmedia":[{"embeddable":true,"href":"https:\/\/dcobys.com\/es\/wp-json\/wp\/v2\/media\/6308"}],"wp:attachment":[{"href":"https:\/\/dcobys.com\/es\/wp-json\/wp\/v2\/media?parent=6320"}],"wp:term":[{"taxonomy":"country","embeddable":true,"href":"https:\/\/dcobys.com\/es\/wp-json\/wp\/v2\/country?post=6320"},{"taxonomy":"product_brand","embeddable":true,"href":"https:\/\/dcobys.com\/es\/wp-json\/wp\/v2\/product_brand?post=6320"},{"taxonomy":"product_cat","embeddable":true,"href":"https:\/\/dcobys.com\/es\/wp-json\/wp\/v2\/product_cat?post=6320"},{"taxonomy":"product_tag","embeddable":true,"href":"https:\/\/dcobys.com\/es\/wp-json\/wp\/v2\/product_tag?post=6320"}],"curies":[{"name":"wp","href":"https:\/\/api.w.org\/{rel}","templated":true}]}}