{"id":6310,"date":"2025-12-15T13:00:55","date_gmt":"2025-12-15T18:00:55","guid":{"rendered":"https:\/\/dcobys.com\/services\/uncategorized\/component-manufacturing-france-2\/"},"modified":"2026-04-01T16:29:10","modified_gmt":"2026-04-01T20:29:10","slug":"component-manufacturing-france-2","status":"publish","type":"product","link":"https:\/\/dcobys.com\/es\/services\/misiones-comerciales\/aeroespacial\/fabricacion-de-componentes\/component-manufacturing-france-2\/","title":{"rendered":"Fabricaci\u00f3n de componentes &#8211; Francia"},"content":{"rendered":"<p>La Misi\u00f3n Comercial en Francia destacada en Fabricaci\u00f3n de Componentes ofrece acceso a clusters europeos de aviaci\u00f3n.  Enfoque: Toulouse (hub aeron\u00e1utico) y participaci\u00f3n en Le Bourget. Actividades: reuniones B2B en ferias, visitas a integradores y proveedores de sistemas. Valor: aprendizaje en certificaci\u00f3n europea (EASA) y acceso a network de OEMs. Experiencia: visitas a plantas, workshops t\u00e9cnicos y matchmaking. Resultado: contactos industriales y plan para certificaci\u00f3n y homologaci\u00f3n. Fuentes: Paris Air Show; GIFAS; Toulouse Aerospace.<\/p>\n","protected":false},"excerpt":{"rendered":"<p>La Misi\u00f3n Comercial en Francia destacada en Fabricaci\u00f3n de Componentes ofrece acceso a clusters europeos de aviaci\u00f3n. Enfoque: Toulouse (hub aeron\u00e1utico) y participaci\u00f3n en Le Bourget. Actividades: reuniones B2B en ferias, visitas a integradores y proveedores de sistemas. Valor: aprendizaje en certificaci\u00f3n europea (EASA) y acceso a network de OEMs. Experiencia: visitas a plantas, workshops [&hellip;]<\/p>\n","protected":false},"featured_media":6308,"template":"","meta":{"_acf_changed":false},"country":[933],"product_brand":[],"product_cat":[956,957,893],"product_tag":[924],"class_list":{"0":"post-6310","1":"product","2":"type-product","3":"status-publish","4":"has-post-thumbnail","6":"country-francia","7":"product_cat-aeroespacial","8":"product_cat-fabricacion-de-componentes","9":"product_cat-misiones-comerciales","10":"product_tag-misiones-comerciales","12":"first","13":"instock","14":"virtual","15":"product-type-simple"},"acf":[],"_links":{"self":[{"href":"https:\/\/dcobys.com\/es\/wp-json\/wp\/v2\/product\/6310","targetHints":{"allow":["GET"]}}],"collection":[{"href":"https:\/\/dcobys.com\/es\/wp-json\/wp\/v2\/product"}],"about":[{"href":"https:\/\/dcobys.com\/es\/wp-json\/wp\/v2\/types\/product"}],"version-history":[{"count":1,"href":"https:\/\/dcobys.com\/es\/wp-json\/wp\/v2\/product\/6310\/revisions"}],"predecessor-version":[{"id":9435,"href":"https:\/\/dcobys.com\/es\/wp-json\/wp\/v2\/product\/6310\/revisions\/9435"}],"wp:featuredmedia":[{"embeddable":true,"href":"https:\/\/dcobys.com\/es\/wp-json\/wp\/v2\/media\/6308"}],"wp:attachment":[{"href":"https:\/\/dcobys.com\/es\/wp-json\/wp\/v2\/media?parent=6310"}],"wp:term":[{"taxonomy":"country","embeddable":true,"href":"https:\/\/dcobys.com\/es\/wp-json\/wp\/v2\/country?post=6310"},{"taxonomy":"product_brand","embeddable":true,"href":"https:\/\/dcobys.com\/es\/wp-json\/wp\/v2\/product_brand?post=6310"},{"taxonomy":"product_cat","embeddable":true,"href":"https:\/\/dcobys.com\/es\/wp-json\/wp\/v2\/product_cat?post=6310"},{"taxonomy":"product_tag","embeddable":true,"href":"https:\/\/dcobys.com\/es\/wp-json\/wp\/v2\/product_tag?post=6310"}],"curies":[{"name":"wp","href":"https:\/\/api.w.org\/{rel}","templated":true}]}}