{"id":6307,"date":"2025-12-15T13:00:55","date_gmt":"2025-12-15T18:00:55","guid":{"rendered":"https:\/\/dcobys.com\/services\/uncategorized\/component-manufacturing-usa-2\/"},"modified":"2026-01-30T21:35:54","modified_gmt":"2026-01-31T02:35:54","slug":"component-manufacturing-usa-2","status":"publish","type":"product","link":"https:\/\/dcobys.com\/es\/services\/misiones-comerciales\/aeroespacial\/fabricacion-de-componentes\/component-manufacturing-usa-2\/","title":{"rendered":"Fabricaci\u00f3n de componentes &#8211; EE. UU."},"content":{"rendered":"<p>La Misi\u00f3n Comercial en EE. UU. destacada en Fabricaci\u00f3n de Componentes aeroespaciales conecta a los participantes con la cadena de proveedores m\u00e1s madura. Objetivo: localizar socios para fabricaci\u00f3n, subcontrataci\u00f3n y certificaci\u00f3n MRO. Enfoque: visitas a clusters industriales en Seattle y Wichita. Actividades: asistencia a Aerospace Suppliers Conferences y encuentros con fabricantes Tier-1\/2. Valor: conocimiento de est\u00e1ndares aeron\u00e1uticos, procesos de certificaci\u00f3n y cadenas de suministro. Experiencia: visitas a plantas, reuniones t\u00e9cnicas y foros de integraci\u00f3n. Resultado: pipeline de proveedores, opciones de co-manufactura y contactos de ingenier\u00eda. Fuentes: MRO Americas; FAA; Aerospace Industries Association.<\/p>\n","protected":false},"excerpt":{"rendered":"<p>La Misi\u00f3n Comercial en EE. UU. destacada en Fabricaci\u00f3n de Componentes aeroespaciales conecta a los participantes con la cadena de proveedores m\u00e1s madura. Objetivo: localizar socios para fabricaci\u00f3n, subcontrataci\u00f3n y certificaci\u00f3n MRO. Enfoque: visitas a clusters industriales en Seattle y Wichita. Actividades: asistencia a Aerospace Suppliers Conferences y encuentros con fabricantes Tier-1\/2. Valor: conocimiento de [&hellip;]<\/p>\n","protected":false},"featured_media":6308,"template":"","meta":{"_acf_changed":false},"country":[954],"product_brand":[],"product_cat":[956,957,893],"product_tag":[924],"class_list":{"0":"post-6307","1":"product","2":"type-product","3":"status-publish","4":"has-post-thumbnail","6":"country-ee-uu","7":"product_cat-aeroespacial","8":"product_cat-fabricacion-de-componentes","9":"product_cat-misiones-comerciales","10":"product_tag-misiones-comerciales","12":"first","13":"instock","14":"virtual","15":"product-type-simple"},"acf":[],"_links":{"self":[{"href":"https:\/\/dcobys.com\/es\/wp-json\/wp\/v2\/product\/6307","targetHints":{"allow":["GET"]}}],"collection":[{"href":"https:\/\/dcobys.com\/es\/wp-json\/wp\/v2\/product"}],"about":[{"href":"https:\/\/dcobys.com\/es\/wp-json\/wp\/v2\/types\/product"}],"version-history":[{"count":0,"href":"https:\/\/dcobys.com\/es\/wp-json\/wp\/v2\/product\/6307\/revisions"}],"wp:featuredmedia":[{"embeddable":true,"href":"https:\/\/dcobys.com\/es\/wp-json\/wp\/v2\/media\/6308"}],"wp:attachment":[{"href":"https:\/\/dcobys.com\/es\/wp-json\/wp\/v2\/media?parent=6307"}],"wp:term":[{"taxonomy":"country","embeddable":true,"href":"https:\/\/dcobys.com\/es\/wp-json\/wp\/v2\/country?post=6307"},{"taxonomy":"product_brand","embeddable":true,"href":"https:\/\/dcobys.com\/es\/wp-json\/wp\/v2\/product_brand?post=6307"},{"taxonomy":"product_cat","embeddable":true,"href":"https:\/\/dcobys.com\/es\/wp-json\/wp\/v2\/product_cat?post=6307"},{"taxonomy":"product_tag","embeddable":true,"href":"https:\/\/dcobys.com\/es\/wp-json\/wp\/v2\/product_tag?post=6307"}],"curies":[{"name":"wp","href":"https:\/\/api.w.org\/{rel}","templated":true}]}}