{"id":6305,"date":"2025-12-15T13:00:55","date_gmt":"2025-12-15T18:00:55","guid":{"rendered":"https:\/\/dcobys.com\/services\/uncategorized\/sustainability-and-traceability-netherlands-2\/"},"modified":"2026-01-30T21:35:54","modified_gmt":"2026-01-31T02:35:54","slug":"sustainability-and-traceability-netherlands-2","status":"publish","type":"product","link":"https:\/\/dcobys.com\/es\/services\/misiones-comerciales\/alimentos-y-bebidas\/sostenibilidad-y-trazabilidad\/sustainability-and-traceability-netherlands-2\/","title":{"rendered":"Sostenibilidad y trazabilidad &#8211; Pa\u00edses Bajos"},"content":{"rendered":"<p>La Misi\u00f3n Comercial en Pa\u00edses Bajos destacada en Sostenibilidad y Trazabilidad ofrece acceso a innovaci\u00f3n aplicada y mesas sectoriales. Objetivo: conocer soluciones de cadena fr\u00eda, trazabilidad digital y econom\u00eda circular. Enfoque: Rotterdam\/Utrecht y encuentros en World Food Center. Actividades: roundtables, demos tecnol\u00f3gicas y networking con centros de investigaci\u00f3n. Valor: adopci\u00f3n de soluciones testadas para log\u00edstica y control de calidad. Experiencia: casos pr\u00e1cticos y reuniones con proveedores de tecnolog\u00eda. Resultado: plan de testeo y pilotaje de soluciones en mercado local. Fuentes: World Food Center; GreenTech; Wageningen Research.<\/p>\n","protected":false},"excerpt":{"rendered":"<p>La Misi\u00f3n Comercial en Pa\u00edses Bajos destacada en Sostenibilidad y Trazabilidad ofrece acceso a innovaci\u00f3n aplicada y mesas sectoriales. Objetivo: conocer soluciones de cadena fr\u00eda, trazabilidad digital y econom\u00eda circular. Enfoque: Rotterdam\/Utrecht y encuentros en World Food Center. Actividades: roundtables, demos tecnol\u00f3gicas y networking con centros de investigaci\u00f3n. Valor: adopci\u00f3n de soluciones testadas para log\u00edstica [&hellip;]<\/p>\n","protected":false},"featured_media":8960,"template":"","meta":{"_acf_changed":false},"country":[942],"product_brand":[],"product_cat":[1001,893,1006],"product_tag":[924],"class_list":{"0":"post-6305","1":"product","2":"type-product","3":"status-publish","4":"has-post-thumbnail","6":"country-paises-bajos","7":"product_cat-alimentos-y-bebidas","8":"product_cat-misiones-comerciales","9":"product_cat-sostenibilidad-y-trazabilidad","10":"product_tag-misiones-comerciales","12":"first","13":"instock","14":"virtual","15":"product-type-simple"},"acf":[],"_links":{"self":[{"href":"https:\/\/dcobys.com\/es\/wp-json\/wp\/v2\/product\/6305","targetHints":{"allow":["GET"]}}],"collection":[{"href":"https:\/\/dcobys.com\/es\/wp-json\/wp\/v2\/product"}],"about":[{"href":"https:\/\/dcobys.com\/es\/wp-json\/wp\/v2\/types\/product"}],"version-history":[{"count":0,"href":"https:\/\/dcobys.com\/es\/wp-json\/wp\/v2\/product\/6305\/revisions"}],"wp:featuredmedia":[{"embeddable":true,"href":"https:\/\/dcobys.com\/es\/wp-json\/wp\/v2\/media\/8960"}],"wp:attachment":[{"href":"https:\/\/dcobys.com\/es\/wp-json\/wp\/v2\/media?parent=6305"}],"wp:term":[{"taxonomy":"country","embeddable":true,"href":"https:\/\/dcobys.com\/es\/wp-json\/wp\/v2\/country?post=6305"},{"taxonomy":"product_brand","embeddable":true,"href":"https:\/\/dcobys.com\/es\/wp-json\/wp\/v2\/product_brand?post=6305"},{"taxonomy":"product_cat","embeddable":true,"href":"https:\/\/dcobys.com\/es\/wp-json\/wp\/v2\/product_cat?post=6305"},{"taxonomy":"product_tag","embeddable":true,"href":"https:\/\/dcobys.com\/es\/wp-json\/wp\/v2\/product_tag?post=6305"}],"curies":[{"name":"wp","href":"https:\/\/api.w.org\/{rel}","templated":true}]}}