{"id":6303,"date":"2025-12-15T13:00:55","date_gmt":"2025-12-15T18:00:55","guid":{"rendered":"https:\/\/dcobys.com\/services\/uncategorized\/sustainability-and-traceability-chile-2\/"},"modified":"2026-01-30T21:35:54","modified_gmt":"2026-01-31T02:35:54","slug":"sustainability-and-traceability-chile-2","status":"publish","type":"product","link":"https:\/\/dcobys.com\/es\/services\/misiones-comerciales\/alimentos-y-bebidas\/sostenibilidad-y-trazabilidad\/sustainability-and-traceability-chile-2\/","title":{"rendered":"Sostenibilidad y trazabilidad &#8211; Chile"},"content":{"rendered":"<p>La Misi\u00f3n Comercial en Chile destacada en Sostenibilidad y Trazabilidad facilita el contacto con proyectos de agro-sostenibilidad. Objetivo: implementar pr\u00e1cticas de manejo sostenible y trazabilidad en cadenas de exportaci\u00f3n. Enfoque: visitas a Santiago y Temuco y participaci\u00f3n en seminarios t\u00e9cnicos. Actividades: paneles, reuniones con instituciones y visitas a proyectos de conservaci\u00f3n. Valor: integraci\u00f3n de pr\u00e1cticas sostenibles que abren mercados y financiamientos verdes. Experiencia: sesiones con expertos y networking con organismos p\u00fablicos. Resultado: hoja de ruta para certificaciones y proyectos verdes. Fuentes: Expoalimentaria; INIA; Ministerio de Agricultura (Chile).<\/p>\n","protected":false},"excerpt":{"rendered":"<p>La Misi\u00f3n Comercial en Chile destacada en Sostenibilidad y Trazabilidad facilita el contacto con proyectos de agro-sostenibilidad. Objetivo: implementar pr\u00e1cticas de manejo sostenible y trazabilidad en cadenas de exportaci\u00f3n. Enfoque: visitas a Santiago y Temuco y participaci\u00f3n en seminarios t\u00e9cnicos. Actividades: paneles, reuniones con instituciones y visitas a proyectos de conservaci\u00f3n. Valor: integraci\u00f3n de pr\u00e1cticas [&hellip;]<\/p>\n","protected":false},"featured_media":8958,"template":"","meta":{"_acf_changed":false},"country":[927],"product_brand":[],"product_cat":[1001,893,1006],"product_tag":[924],"class_list":{"0":"post-6303","1":"product","2":"type-product","3":"status-publish","4":"has-post-thumbnail","6":"country-chile","7":"product_cat-alimentos-y-bebidas","8":"product_cat-misiones-comerciales","9":"product_cat-sostenibilidad-y-trazabilidad","10":"product_tag-misiones-comerciales","12":"first","13":"instock","14":"virtual","15":"product-type-simple"},"acf":[],"_links":{"self":[{"href":"https:\/\/dcobys.com\/es\/wp-json\/wp\/v2\/product\/6303","targetHints":{"allow":["GET"]}}],"collection":[{"href":"https:\/\/dcobys.com\/es\/wp-json\/wp\/v2\/product"}],"about":[{"href":"https:\/\/dcobys.com\/es\/wp-json\/wp\/v2\/types\/product"}],"version-history":[{"count":0,"href":"https:\/\/dcobys.com\/es\/wp-json\/wp\/v2\/product\/6303\/revisions"}],"wp:featuredmedia":[{"embeddable":true,"href":"https:\/\/dcobys.com\/es\/wp-json\/wp\/v2\/media\/8958"}],"wp:attachment":[{"href":"https:\/\/dcobys.com\/es\/wp-json\/wp\/v2\/media?parent=6303"}],"wp:term":[{"taxonomy":"country","embeddable":true,"href":"https:\/\/dcobys.com\/es\/wp-json\/wp\/v2\/country?post=6303"},{"taxonomy":"product_brand","embeddable":true,"href":"https:\/\/dcobys.com\/es\/wp-json\/wp\/v2\/product_brand?post=6303"},{"taxonomy":"product_cat","embeddable":true,"href":"https:\/\/dcobys.com\/es\/wp-json\/wp\/v2\/product_cat?post=6303"},{"taxonomy":"product_tag","embeddable":true,"href":"https:\/\/dcobys.com\/es\/wp-json\/wp\/v2\/product_tag?post=6303"}],"curies":[{"name":"wp","href":"https:\/\/api.w.org\/{rel}","templated":true}]}}