{"id":6301,"date":"2025-12-15T13:00:55","date_gmt":"2025-12-15T18:00:55","guid":{"rendered":"https:\/\/dcobys.com\/services\/uncategorized\/sustainability-and-traceability-mexico-2\/"},"modified":"2026-01-30T21:35:54","modified_gmt":"2026-01-31T02:35:54","slug":"sustainability-and-traceability-mexico-2","status":"publish","type":"product","link":"https:\/\/dcobys.com\/es\/services\/misiones-comerciales\/alimentos-y-bebidas\/sostenibilidad-y-trazabilidad\/sustainability-and-traceability-mexico-2\/","title":{"rendered":"Sostenibilidad y trazabilidad &#8211; M\u00e9xico"},"content":{"rendered":"<p>La Misi\u00f3n Comercial en M\u00e9xico destacada en Sostenibilidad y Trazabilidad acerca a los participantes a iniciativas regionales de sostenibilidad. Objetivo: identificar soluciones para trazabilidad, gesti\u00f3n de residuos y energ\u00edas limpias. Enfoque: Guadalajara y M\u00e9rida con presencia en foros sectoriales. Actividades: reuniones con proveedores, paneles t\u00e9cnicos y visitas a plantas piloto. Valor: implementaci\u00f3n de pr\u00e1cticas que mejoran competitividad y acceso a mercados conscientes. Experiencia: talleres t\u00e9cnicos y mesas de negocio. Resultado: plan de sostenibilidad y lista de proveedores para proyectos piloto. Fuentes: Expo ANTAD; Foro de Sostenibilidad Agroalimentaria; SEMARNAT.<\/p>\n","protected":false},"excerpt":{"rendered":"<p>La Misi\u00f3n Comercial en M\u00e9xico destacada en Sostenibilidad y Trazabilidad acerca a los participantes a iniciativas regionales de sostenibilidad. Objetivo: identificar soluciones para trazabilidad, gesti\u00f3n de residuos y energ\u00edas limpias. Enfoque: Guadalajara y M\u00e9rida con presencia en foros sectoriales. Actividades: reuniones con proveedores, paneles t\u00e9cnicos y visitas a plantas piloto. Valor: implementaci\u00f3n de pr\u00e1cticas que [&hellip;]<\/p>\n","protected":false},"featured_media":8956,"template":"","meta":{"_acf_changed":false},"country":[941],"product_brand":[],"product_cat":[1001,893,1006],"product_tag":[924],"class_list":{"0":"post-6301","1":"product","2":"type-product","3":"status-publish","4":"has-post-thumbnail","6":"country-mexico","7":"product_cat-alimentos-y-bebidas","8":"product_cat-misiones-comerciales","9":"product_cat-sostenibilidad-y-trazabilidad","10":"product_tag-misiones-comerciales","12":"first","13":"instock","14":"virtual","15":"product-type-simple"},"acf":[],"_links":{"self":[{"href":"https:\/\/dcobys.com\/es\/wp-json\/wp\/v2\/product\/6301","targetHints":{"allow":["GET"]}}],"collection":[{"href":"https:\/\/dcobys.com\/es\/wp-json\/wp\/v2\/product"}],"about":[{"href":"https:\/\/dcobys.com\/es\/wp-json\/wp\/v2\/types\/product"}],"version-history":[{"count":0,"href":"https:\/\/dcobys.com\/es\/wp-json\/wp\/v2\/product\/6301\/revisions"}],"wp:featuredmedia":[{"embeddable":true,"href":"https:\/\/dcobys.com\/es\/wp-json\/wp\/v2\/media\/8956"}],"wp:attachment":[{"href":"https:\/\/dcobys.com\/es\/wp-json\/wp\/v2\/media?parent=6301"}],"wp:term":[{"taxonomy":"country","embeddable":true,"href":"https:\/\/dcobys.com\/es\/wp-json\/wp\/v2\/country?post=6301"},{"taxonomy":"product_brand","embeddable":true,"href":"https:\/\/dcobys.com\/es\/wp-json\/wp\/v2\/product_brand?post=6301"},{"taxonomy":"product_cat","embeddable":true,"href":"https:\/\/dcobys.com\/es\/wp-json\/wp\/v2\/product_cat?post=6301"},{"taxonomy":"product_tag","embeddable":true,"href":"https:\/\/dcobys.com\/es\/wp-json\/wp\/v2\/product_tag?post=6301"}],"curies":[{"name":"wp","href":"https:\/\/api.w.org\/{rel}","templated":true}]}}