{"id":6297,"date":"2025-12-15T13:00:55","date_gmt":"2025-12-15T18:00:55","guid":{"rendered":"https:\/\/dcobys.com\/services\/uncategorized\/sustainability-and-traceability-italy-2\/"},"modified":"2026-01-30T21:35:54","modified_gmt":"2026-01-31T02:35:54","slug":"sustainability-and-traceability-italy-2","status":"publish","type":"product","link":"https:\/\/dcobys.com\/es\/services\/misiones-comerciales\/alimentos-y-bebidas\/sostenibilidad-y-trazabilidad\/sustainability-and-traceability-italy-2\/","title":{"rendered":"Sostenibilidad y trazabilidad &#8211; Italia"},"content":{"rendered":"<p>La Misi\u00f3n Comercial en Italia destacada en Sostenibilidad y Trazabilidad enfoca en pr\u00e1cticas de econom\u00eda circular y packaging. Objetivo: identificar soluciones industriales para minimizar desperdicio y mejorar trazabilidad. Enfoque: Bolonia y Mil\u00e1n con sesiones en Cibus\/TuttoFood. Actividades: foros t\u00e9cnicos, visitas a plantas y encuentros B2B. Valor: aprendizaje sobre modelos europeos de econom\u00eda circular aplicables a producci\u00f3n. Experiencia: casos de \u00e9xito y pruebas de tecnolog\u00edas. Resultado: esquema para implementaci\u00f3n de trazabilidad y ahorro operativo. Fuentes: TuttoFood; Cibus; ENEA.<\/p>\n","protected":false},"excerpt":{"rendered":"<p>La Misi\u00f3n Comercial en Italia destacada en Sostenibilidad y Trazabilidad enfoca en pr\u00e1cticas de econom\u00eda circular y packaging. Objetivo: identificar soluciones industriales para minimizar desperdicio y mejorar trazabilidad. Enfoque: Bolonia y Mil\u00e1n con sesiones en Cibus\/TuttoFood. Actividades: foros t\u00e9cnicos, visitas a plantas y encuentros B2B. Valor: aprendizaje sobre modelos europeos de econom\u00eda circular aplicables a [&hellip;]<\/p>\n","protected":false},"featured_media":8952,"template":"","meta":{"_acf_changed":false},"country":[938],"product_brand":[],"product_cat":[1001,893,1006],"product_tag":[924],"class_list":{"0":"post-6297","1":"product","2":"type-product","3":"status-publish","4":"has-post-thumbnail","6":"country-italia","7":"product_cat-alimentos-y-bebidas","8":"product_cat-misiones-comerciales","9":"product_cat-sostenibilidad-y-trazabilidad","10":"product_tag-misiones-comerciales","12":"first","13":"instock","14":"virtual","15":"product-type-simple"},"acf":[],"_links":{"self":[{"href":"https:\/\/dcobys.com\/es\/wp-json\/wp\/v2\/product\/6297","targetHints":{"allow":["GET"]}}],"collection":[{"href":"https:\/\/dcobys.com\/es\/wp-json\/wp\/v2\/product"}],"about":[{"href":"https:\/\/dcobys.com\/es\/wp-json\/wp\/v2\/types\/product"}],"version-history":[{"count":0,"href":"https:\/\/dcobys.com\/es\/wp-json\/wp\/v2\/product\/6297\/revisions"}],"wp:featuredmedia":[{"embeddable":true,"href":"https:\/\/dcobys.com\/es\/wp-json\/wp\/v2\/media\/8952"}],"wp:attachment":[{"href":"https:\/\/dcobys.com\/es\/wp-json\/wp\/v2\/media?parent=6297"}],"wp:term":[{"taxonomy":"country","embeddable":true,"href":"https:\/\/dcobys.com\/es\/wp-json\/wp\/v2\/country?post=6297"},{"taxonomy":"product_brand","embeddable":true,"href":"https:\/\/dcobys.com\/es\/wp-json\/wp\/v2\/product_brand?post=6297"},{"taxonomy":"product_cat","embeddable":true,"href":"https:\/\/dcobys.com\/es\/wp-json\/wp\/v2\/product_cat?post=6297"},{"taxonomy":"product_tag","embeddable":true,"href":"https:\/\/dcobys.com\/es\/wp-json\/wp\/v2\/product_tag?post=6297"}],"curies":[{"name":"wp","href":"https:\/\/api.w.org\/{rel}","templated":true}]}}