{"id":6291,"date":"2025-12-15T13:00:55","date_gmt":"2025-12-15T18:00:55","guid":{"rendered":"https:\/\/dcobys.com\/services\/uncategorized\/specialty-drinks-netherlands-2\/"},"modified":"2026-01-30T21:35:53","modified_gmt":"2026-01-31T02:35:53","slug":"specialty-drinks-netherlands-2","status":"publish","type":"product","link":"https:\/\/dcobys.com\/es\/services\/misiones-comerciales\/alimentos-y-bebidas\/bebidas-especiales\/specialty-drinks-netherlands-2\/","title":{"rendered":"Bebidas especiales &#8211; Pa\u00edses Bajos"},"content":{"rendered":"<p>La Misi\u00f3n Comercial en Pa\u00edses Bajos destacada en Bebidas Especiales facilita el acceso a mercados europeos de hospitality y F&#038;B. Objetivo: explorar canales HoReCa y distribuci\u00f3n de bebidas craft. Enfoque: \u00c1msterdam y Haarlem, hubs de innovaci\u00f3n en hospitalidad. Actividades: participaci\u00f3n en Horecava y encuentros con distribuidores horeca. Valor: modelos de distribuci\u00f3n para horeca, packaging y tendencias de consumo. Experiencia: catas dirigidas, showrooms y reuniones. Resultado: contactos de importaci\u00f3n y estrategias de distribuci\u00f3n europea. Fuentes: Horecava; Port of Amsterdam; NBTC.<\/p>\n","protected":false},"excerpt":{"rendered":"<p>La Misi\u00f3n Comercial en Pa\u00edses Bajos destacada en Bebidas Especiales facilita el acceso a mercados europeos de hospitality y F&#038;B. Objetivo: explorar canales HoReCa y distribuci\u00f3n de bebidas craft. Enfoque: \u00c1msterdam y Haarlem, hubs de innovaci\u00f3n en hospitalidad. Actividades: participaci\u00f3n en Horecava y encuentros con distribuidores horeca. Valor: modelos de distribuci\u00f3n para horeca, packaging y [&hellip;]<\/p>\n","protected":false},"featured_media":8943,"template":"","meta":{"_acf_changed":false},"country":[942],"product_brand":[],"product_cat":[1001,1004,893],"product_tag":[924],"class_list":{"0":"post-6291","1":"product","2":"type-product","3":"status-publish","4":"has-post-thumbnail","6":"country-paises-bajos","7":"product_cat-alimentos-y-bebidas","8":"product_cat-bebidas-especiales","9":"product_cat-misiones-comerciales","10":"product_tag-misiones-comerciales","12":"first","13":"instock","14":"virtual","15":"product-type-simple"},"acf":[],"_links":{"self":[{"href":"https:\/\/dcobys.com\/es\/wp-json\/wp\/v2\/product\/6291","targetHints":{"allow":["GET"]}}],"collection":[{"href":"https:\/\/dcobys.com\/es\/wp-json\/wp\/v2\/product"}],"about":[{"href":"https:\/\/dcobys.com\/es\/wp-json\/wp\/v2\/types\/product"}],"version-history":[{"count":0,"href":"https:\/\/dcobys.com\/es\/wp-json\/wp\/v2\/product\/6291\/revisions"}],"wp:featuredmedia":[{"embeddable":true,"href":"https:\/\/dcobys.com\/es\/wp-json\/wp\/v2\/media\/8943"}],"wp:attachment":[{"href":"https:\/\/dcobys.com\/es\/wp-json\/wp\/v2\/media?parent=6291"}],"wp:term":[{"taxonomy":"country","embeddable":true,"href":"https:\/\/dcobys.com\/es\/wp-json\/wp\/v2\/country?post=6291"},{"taxonomy":"product_brand","embeddable":true,"href":"https:\/\/dcobys.com\/es\/wp-json\/wp\/v2\/product_brand?post=6291"},{"taxonomy":"product_cat","embeddable":true,"href":"https:\/\/dcobys.com\/es\/wp-json\/wp\/v2\/product_cat?post=6291"},{"taxonomy":"product_tag","embeddable":true,"href":"https:\/\/dcobys.com\/es\/wp-json\/wp\/v2\/product_tag?post=6291"}],"curies":[{"name":"wp","href":"https:\/\/api.w.org\/{rel}","templated":true}]}}