{"id":6289,"date":"2025-12-15T13:00:55","date_gmt":"2025-12-15T18:00:55","guid":{"rendered":"https:\/\/dcobys.com\/services\/uncategorized\/specialty-drinks-chile-2\/"},"modified":"2026-01-30T21:35:53","modified_gmt":"2026-01-31T02:35:53","slug":"specialty-drinks-chile-2","status":"publish","type":"product","link":"https:\/\/dcobys.com\/es\/services\/misiones-comerciales\/alimentos-y-bebidas\/bebidas-especiales\/specialty-drinks-chile-2\/","title":{"rendered":"Bebidas especiales &#8211; Chile"},"content":{"rendered":"<p>La Misi\u00f3n Comercial en Chile destacada en Bebidas Especiales acerca a los participantes a un mercado vitivin\u00edcola emergente en LATAM. Objetivo: identificar oportunidades en exportaci\u00f3n y co-branding. Enfoque: visitas a regiones productoras y participaci\u00f3n en ferias nacionales. Actividades: catas, tours a vi\u00f1edos y mesas de negocio con exportadores. Valor: acceso a ingredientes locales, tendencias y contactos log\u00edsticos para exportar. Experiencia: workshops en enolog\u00eda y encuentros con distribuidores. Resultado: pipeline de exportaci\u00f3n y alianzas comerciales. Fuentes: Chilevino; ProChile; Wines of Chile.<\/p>\n","protected":false},"excerpt":{"rendered":"<p>La Misi\u00f3n Comercial en Chile destacada en Bebidas Especiales acerca a los participantes a un mercado vitivin\u00edcola emergente en LATAM. Objetivo: identificar oportunidades en exportaci\u00f3n y co-branding. Enfoque: visitas a regiones productoras y participaci\u00f3n en ferias nacionales. Actividades: catas, tours a vi\u00f1edos y mesas de negocio con exportadores. Valor: acceso a ingredientes locales, tendencias y [&hellip;]<\/p>\n","protected":false},"featured_media":8942,"template":"","meta":{"_acf_changed":false},"country":[927],"product_brand":[],"product_cat":[1001,1004,893],"product_tag":[924],"class_list":{"0":"post-6289","1":"product","2":"type-product","3":"status-publish","4":"has-post-thumbnail","6":"country-chile","7":"product_cat-alimentos-y-bebidas","8":"product_cat-bebidas-especiales","9":"product_cat-misiones-comerciales","10":"product_tag-misiones-comerciales","12":"first","13":"instock","14":"virtual","15":"product-type-simple"},"acf":[],"_links":{"self":[{"href":"https:\/\/dcobys.com\/es\/wp-json\/wp\/v2\/product\/6289","targetHints":{"allow":["GET"]}}],"collection":[{"href":"https:\/\/dcobys.com\/es\/wp-json\/wp\/v2\/product"}],"about":[{"href":"https:\/\/dcobys.com\/es\/wp-json\/wp\/v2\/types\/product"}],"version-history":[{"count":0,"href":"https:\/\/dcobys.com\/es\/wp-json\/wp\/v2\/product\/6289\/revisions"}],"wp:featuredmedia":[{"embeddable":true,"href":"https:\/\/dcobys.com\/es\/wp-json\/wp\/v2\/media\/8942"}],"wp:attachment":[{"href":"https:\/\/dcobys.com\/es\/wp-json\/wp\/v2\/media?parent=6289"}],"wp:term":[{"taxonomy":"country","embeddable":true,"href":"https:\/\/dcobys.com\/es\/wp-json\/wp\/v2\/country?post=6289"},{"taxonomy":"product_brand","embeddable":true,"href":"https:\/\/dcobys.com\/es\/wp-json\/wp\/v2\/product_brand?post=6289"},{"taxonomy":"product_cat","embeddable":true,"href":"https:\/\/dcobys.com\/es\/wp-json\/wp\/v2\/product_cat?post=6289"},{"taxonomy":"product_tag","embeddable":true,"href":"https:\/\/dcobys.com\/es\/wp-json\/wp\/v2\/product_tag?post=6289"}],"curies":[{"name":"wp","href":"https:\/\/api.w.org\/{rel}","templated":true}]}}