{"id":6287,"date":"2025-12-15T13:00:55","date_gmt":"2025-12-15T18:00:55","guid":{"rendered":"https:\/\/dcobys.com\/services\/uncategorized\/specialty-drinks-mexico-2\/"},"modified":"2026-01-30T21:35:53","modified_gmt":"2026-01-31T02:35:53","slug":"specialty-drinks-mexico-2","status":"publish","type":"product","link":"https:\/\/dcobys.com\/es\/services\/misiones-comerciales\/alimentos-y-bebidas\/bebidas-especiales\/specialty-drinks-mexico-2\/","title":{"rendered":"Bebidas especiales &#8211; M\u00e9xico"},"content":{"rendered":"<p>La Misi\u00f3n Comercial en M\u00e9xico destacada en Bebidas Especiales conecta a los participantes con cadenas locales y mercados regionales. Objetivo: explorar producci\u00f3n y comercializaci\u00f3n de caf\u00e9s, tequilas y bebidas regionales. Enfoque: visitas a Guadalajara y Puebla y participaci\u00f3n en ferias especializadas. Actividades: degustaciones, talleres de producci\u00f3n y reuniones B2B con compradores. Valor: conocimiento de cadena local, denominaciones de origen y canales de exportaci\u00f3n. Experiencia: visitas a productores y paneles t\u00e9cnicos. Resultado: leads para alianzas comerciales y estrategias de exportaci\u00f3n. Fuentes: Expo Caf\u00e9; Consejo Regulador Tequila; ANTAD.<\/p>\n","protected":false},"excerpt":{"rendered":"<p>La Misi\u00f3n Comercial en M\u00e9xico destacada en Bebidas Especiales conecta a los participantes con cadenas locales y mercados regionales. Objetivo: explorar producci\u00f3n y comercializaci\u00f3n de caf\u00e9s, tequilas y bebidas regionales. Enfoque: visitas a Guadalajara y Puebla y participaci\u00f3n en ferias especializadas. Actividades: degustaciones, talleres de producci\u00f3n y reuniones B2B con compradores. Valor: conocimiento de cadena [&hellip;]<\/p>\n","protected":false},"featured_media":8941,"template":"","meta":{"_acf_changed":false},"country":[941],"product_brand":[],"product_cat":[1001,1004,893],"product_tag":[924],"class_list":{"0":"post-6287","1":"product","2":"type-product","3":"status-publish","4":"has-post-thumbnail","6":"country-mexico","7":"product_cat-alimentos-y-bebidas","8":"product_cat-bebidas-especiales","9":"product_cat-misiones-comerciales","10":"product_tag-misiones-comerciales","12":"first","13":"instock","14":"virtual","15":"product-type-simple"},"acf":[],"_links":{"self":[{"href":"https:\/\/dcobys.com\/es\/wp-json\/wp\/v2\/product\/6287","targetHints":{"allow":["GET"]}}],"collection":[{"href":"https:\/\/dcobys.com\/es\/wp-json\/wp\/v2\/product"}],"about":[{"href":"https:\/\/dcobys.com\/es\/wp-json\/wp\/v2\/types\/product"}],"version-history":[{"count":0,"href":"https:\/\/dcobys.com\/es\/wp-json\/wp\/v2\/product\/6287\/revisions"}],"wp:featuredmedia":[{"embeddable":true,"href":"https:\/\/dcobys.com\/es\/wp-json\/wp\/v2\/media\/8941"}],"wp:attachment":[{"href":"https:\/\/dcobys.com\/es\/wp-json\/wp\/v2\/media?parent=6287"}],"wp:term":[{"taxonomy":"country","embeddable":true,"href":"https:\/\/dcobys.com\/es\/wp-json\/wp\/v2\/country?post=6287"},{"taxonomy":"product_brand","embeddable":true,"href":"https:\/\/dcobys.com\/es\/wp-json\/wp\/v2\/product_brand?post=6287"},{"taxonomy":"product_cat","embeddable":true,"href":"https:\/\/dcobys.com\/es\/wp-json\/wp\/v2\/product_cat?post=6287"},{"taxonomy":"product_tag","embeddable":true,"href":"https:\/\/dcobys.com\/es\/wp-json\/wp\/v2\/product_tag?post=6287"}],"curies":[{"name":"wp","href":"https:\/\/api.w.org\/{rel}","templated":true}]}}