{"id":6285,"date":"2025-12-15T13:00:55","date_gmt":"2025-12-15T18:00:55","guid":{"rendered":"https:\/\/dcobys.com\/services\/uncategorized\/specialty-drinks-france-2\/"},"modified":"2026-01-30T21:35:53","modified_gmt":"2026-01-31T02:35:53","slug":"specialty-drinks-france-2","status":"publish","type":"product","link":"https:\/\/dcobys.com\/es\/services\/misiones-comerciales\/alimentos-y-bebidas\/bebidas-especiales\/specialty-drinks-france-2\/","title":{"rendered":"Bebidas especiales &#8211; Francia"},"content":{"rendered":"<p>La Misi\u00f3n Comercial en Francia destacada en Bebidas Especiales ofrece inmersi\u00f3n en uno de los mercados vin\u00edcolas m\u00e1s reconocidos. Objetivo: acceder a conocimiento en viticultura, marketing y exportaci\u00f3n premium. Enfoque: Burdeos y Reims con visitas a casas productoras y trade shows. Actividades: participaci\u00f3n en Vinexpo, mesas con distribuidores y catas profesionales. Valor: posicionamiento de marca y pr\u00e1cticas de comercializaci\u00f3n en mercados de lujo. Experiencia: formaci\u00f3n t\u00e9cnica con expertos y reuniones comerciales. Resultado: contactos para mercado premium e insights de posicionamiento. Fuentes: Vinexpo; INAO; CIVB.<\/p>\n","protected":false},"excerpt":{"rendered":"<p>La Misi\u00f3n Comercial en Francia destacada en Bebidas Especiales ofrece inmersi\u00f3n en uno de los mercados vin\u00edcolas m\u00e1s reconocidos. Objetivo: acceder a conocimiento en viticultura, marketing y exportaci\u00f3n premium. Enfoque: Burdeos y Reims con visitas a casas productoras y trade shows. Actividades: participaci\u00f3n en Vinexpo, mesas con distribuidores y catas profesionales. Valor: posicionamiento de marca [&hellip;]<\/p>\n","protected":false},"featured_media":8940,"template":"","meta":{"_acf_changed":false},"country":[933],"product_brand":[],"product_cat":[1001,1004,893],"product_tag":[924],"class_list":{"0":"post-6285","1":"product","2":"type-product","3":"status-publish","4":"has-post-thumbnail","6":"country-francia","7":"product_cat-alimentos-y-bebidas","8":"product_cat-bebidas-especiales","9":"product_cat-misiones-comerciales","10":"product_tag-misiones-comerciales","12":"first","13":"instock","14":"virtual","15":"product-type-simple"},"acf":[],"_links":{"self":[{"href":"https:\/\/dcobys.com\/es\/wp-json\/wp\/v2\/product\/6285","targetHints":{"allow":["GET"]}}],"collection":[{"href":"https:\/\/dcobys.com\/es\/wp-json\/wp\/v2\/product"}],"about":[{"href":"https:\/\/dcobys.com\/es\/wp-json\/wp\/v2\/types\/product"}],"version-history":[{"count":0,"href":"https:\/\/dcobys.com\/es\/wp-json\/wp\/v2\/product\/6285\/revisions"}],"wp:featuredmedia":[{"embeddable":true,"href":"https:\/\/dcobys.com\/es\/wp-json\/wp\/v2\/media\/8940"}],"wp:attachment":[{"href":"https:\/\/dcobys.com\/es\/wp-json\/wp\/v2\/media?parent=6285"}],"wp:term":[{"taxonomy":"country","embeddable":true,"href":"https:\/\/dcobys.com\/es\/wp-json\/wp\/v2\/country?post=6285"},{"taxonomy":"product_brand","embeddable":true,"href":"https:\/\/dcobys.com\/es\/wp-json\/wp\/v2\/product_brand?post=6285"},{"taxonomy":"product_cat","embeddable":true,"href":"https:\/\/dcobys.com\/es\/wp-json\/wp\/v2\/product_cat?post=6285"},{"taxonomy":"product_tag","embeddable":true,"href":"https:\/\/dcobys.com\/es\/wp-json\/wp\/v2\/product_tag?post=6285"}],"curies":[{"name":"wp","href":"https:\/\/api.w.org\/{rel}","templated":true}]}}