{"id":6283,"date":"2025-12-15T13:00:55","date_gmt":"2025-12-15T18:00:55","guid":{"rendered":"https:\/\/dcobys.com\/services\/uncategorized\/specialty-drinks-italy-2\/"},"modified":"2026-01-30T21:35:53","modified_gmt":"2026-01-31T02:35:53","slug":"specialty-drinks-italy-2","status":"publish","type":"product","link":"https:\/\/dcobys.com\/es\/services\/misiones-comerciales\/alimentos-y-bebidas\/bebidas-especiales\/specialty-drinks-italy-2\/","title":{"rendered":"Bebidas especiales &#8211; Italia"},"content":{"rendered":"<p>La Misi\u00f3n Comercial en Italia destacada en Bebidas Especiales permite conocer mercados de vino y cerveza artesanal de alto valor. Objetivo: conectar productores con distribuidores europeos y redes de sommelier. Enfoque: visitas a Verona y Tur\u00edn y participaci\u00f3n en Vinitaly. Actividades: catas especializadas, encuentros con importadores y foros t\u00e9cnicos. Valor: posicionamiento en canales premium y cooperaci\u00f3n en exportaci\u00f3n. Experiencia: talleres de maridaje y recorridos en bodegas hist\u00f3ricas. Resultado: oportunidades de listing en mercados europeos y partnerships. Fuentes: Vinitaly; Coldiretti; ICE.<\/p>\n","protected":false},"excerpt":{"rendered":"<p>La Misi\u00f3n Comercial en Italia destacada en Bebidas Especiales permite conocer mercados de vino y cerveza artesanal de alto valor. Objetivo: conectar productores con distribuidores europeos y redes de sommelier. Enfoque: visitas a Verona y Tur\u00edn y participaci\u00f3n en Vinitaly. Actividades: catas especializadas, encuentros con importadores y foros t\u00e9cnicos. Valor: posicionamiento en canales premium y [&hellip;]<\/p>\n","protected":false},"featured_media":8939,"template":"","meta":{"_acf_changed":false},"country":[938],"product_brand":[],"product_cat":[1001,1004,893],"product_tag":[924],"class_list":{"0":"post-6283","1":"product","2":"type-product","3":"status-publish","4":"has-post-thumbnail","6":"country-italia","7":"product_cat-alimentos-y-bebidas","8":"product_cat-bebidas-especiales","9":"product_cat-misiones-comerciales","10":"product_tag-misiones-comerciales","12":"first","13":"instock","14":"virtual","15":"product-type-simple"},"acf":[],"_links":{"self":[{"href":"https:\/\/dcobys.com\/es\/wp-json\/wp\/v2\/product\/6283","targetHints":{"allow":["GET"]}}],"collection":[{"href":"https:\/\/dcobys.com\/es\/wp-json\/wp\/v2\/product"}],"about":[{"href":"https:\/\/dcobys.com\/es\/wp-json\/wp\/v2\/types\/product"}],"version-history":[{"count":0,"href":"https:\/\/dcobys.com\/es\/wp-json\/wp\/v2\/product\/6283\/revisions"}],"wp:featuredmedia":[{"embeddable":true,"href":"https:\/\/dcobys.com\/es\/wp-json\/wp\/v2\/media\/8939"}],"wp:attachment":[{"href":"https:\/\/dcobys.com\/es\/wp-json\/wp\/v2\/media?parent=6283"}],"wp:term":[{"taxonomy":"country","embeddable":true,"href":"https:\/\/dcobys.com\/es\/wp-json\/wp\/v2\/country?post=6283"},{"taxonomy":"product_brand","embeddable":true,"href":"https:\/\/dcobys.com\/es\/wp-json\/wp\/v2\/product_brand?post=6283"},{"taxonomy":"product_cat","embeddable":true,"href":"https:\/\/dcobys.com\/es\/wp-json\/wp\/v2\/product_cat?post=6283"},{"taxonomy":"product_tag","embeddable":true,"href":"https:\/\/dcobys.com\/es\/wp-json\/wp\/v2\/product_tag?post=6283"}],"curies":[{"name":"wp","href":"https:\/\/api.w.org\/{rel}","templated":true}]}}