{"id":6281,"date":"2025-12-15T13:00:55","date_gmt":"2025-12-15T18:00:55","guid":{"rendered":"https:\/\/dcobys.com\/services\/uncategorized\/specialty-drinks-spain-2\/"},"modified":"2026-01-30T21:35:53","modified_gmt":"2026-01-31T02:35:53","slug":"specialty-drinks-spain-2","status":"publish","type":"product","link":"https:\/\/dcobys.com\/es\/services\/misiones-comerciales\/alimentos-y-bebidas\/bebidas-especiales\/specialty-drinks-spain-2\/","title":{"rendered":"Bebidas especiales &#8211; Espa\u00f1a"},"content":{"rendered":"<p>La Misi\u00f3n Comercial en Espa\u00f1a destacada en Bebidas Especiales enfoca a los participantes en vitivinicultura y bebidas gourmet. Objetivo: explorar producci\u00f3n, enolog\u00eda y canales de exportaci\u00f3n. Enfoque: visitas a Logro\u00f1o y Barcelona y presencia en ferias de vino. Actividades: catas profesionales, recorridos por bodegas y reuniones con distribuidores. Valor: aprendizaje en enolog\u00eda, denominaciones y acceso a mercados EU. Experiencia: sesiones t\u00e9cnicas con en\u00f3logos y contacto con buyers internacionales. Resultado: leads para exportaci\u00f3n y acuerdos de representaci\u00f3n. Fuentes: Enomaq; Alimentaria; Consejo Regulador DOC.<\/p>\n","protected":false},"excerpt":{"rendered":"<p>La Misi\u00f3n Comercial en Espa\u00f1a destacada en Bebidas Especiales enfoca a los participantes en vitivinicultura y bebidas gourmet. Objetivo: explorar producci\u00f3n, enolog\u00eda y canales de exportaci\u00f3n. Enfoque: visitas a Logro\u00f1o y Barcelona y presencia en ferias de vino. Actividades: catas profesionales, recorridos por bodegas y reuniones con distribuidores. Valor: aprendizaje en enolog\u00eda, denominaciones y acceso [&hellip;]<\/p>\n","protected":false},"featured_media":8938,"template":"","meta":{"_acf_changed":false},"country":[949],"product_brand":[],"product_cat":[1001,1004,893],"product_tag":[924],"class_list":{"0":"post-6281","1":"product","2":"type-product","3":"status-publish","4":"has-post-thumbnail","6":"country-espana","7":"product_cat-alimentos-y-bebidas","8":"product_cat-bebidas-especiales","9":"product_cat-misiones-comerciales","10":"product_tag-misiones-comerciales","12":"first","13":"instock","14":"virtual","15":"product-type-simple"},"acf":[],"_links":{"self":[{"href":"https:\/\/dcobys.com\/es\/wp-json\/wp\/v2\/product\/6281","targetHints":{"allow":["GET"]}}],"collection":[{"href":"https:\/\/dcobys.com\/es\/wp-json\/wp\/v2\/product"}],"about":[{"href":"https:\/\/dcobys.com\/es\/wp-json\/wp\/v2\/types\/product"}],"version-history":[{"count":0,"href":"https:\/\/dcobys.com\/es\/wp-json\/wp\/v2\/product\/6281\/revisions"}],"wp:featuredmedia":[{"embeddable":true,"href":"https:\/\/dcobys.com\/es\/wp-json\/wp\/v2\/media\/8938"}],"wp:attachment":[{"href":"https:\/\/dcobys.com\/es\/wp-json\/wp\/v2\/media?parent=6281"}],"wp:term":[{"taxonomy":"country","embeddable":true,"href":"https:\/\/dcobys.com\/es\/wp-json\/wp\/v2\/country?post=6281"},{"taxonomy":"product_brand","embeddable":true,"href":"https:\/\/dcobys.com\/es\/wp-json\/wp\/v2\/product_brand?post=6281"},{"taxonomy":"product_cat","embeddable":true,"href":"https:\/\/dcobys.com\/es\/wp-json\/wp\/v2\/product_cat?post=6281"},{"taxonomy":"product_tag","embeddable":true,"href":"https:\/\/dcobys.com\/es\/wp-json\/wp\/v2\/product_tag?post=6281"}],"curies":[{"name":"wp","href":"https:\/\/api.w.org\/{rel}","templated":true}]}}