{"id":6279,"date":"2025-12-15T13:00:55","date_gmt":"2025-12-15T18:00:55","guid":{"rendered":"https:\/\/dcobys.com\/services\/uncategorized\/specialty-drinks-usa-2\/"},"modified":"2026-01-30T21:35:53","modified_gmt":"2026-01-31T02:35:53","slug":"specialty-drinks-usa-2","status":"publish","type":"product","link":"https:\/\/dcobys.com\/es\/services\/misiones-comerciales\/alimentos-y-bebidas\/bebidas-especiales\/specialty-drinks-usa-2\/","title":{"rendered":"Bebidas especiales &#8211; EE. UU."},"content":{"rendered":"<p>La Misi\u00f3n Comercial en EE. UU. destacada en Bebidas Especiales acerca a los participantes a un mercado maduro en craft y bebidas premium. Objetivo: identificar canales wholesales y retailers especializados para bebidas artesanales. Enfoque: visitas a hubs artesanales en Portland y Denver. Actividades: participaci\u00f3n en Fancy Food y Craft Brewers Conference, catas y encuentros con distribuidores. Valor: aprendizaje sobre branding, regulaci\u00f3n alcoh\u00f3lica y distribuci\u00f3n especializada. Experiencia: tasting sessions, visitas a cervecer\u00edas y destiler\u00edas. Resultado: acuerdos con distribuidores y plan de entrada a mercado norteamericano. Fuentes: Craft Brewers Association; Fancy Food Show; TTB (USA).<\/p>\n","protected":false},"excerpt":{"rendered":"<p>La Misi\u00f3n Comercial en EE. UU. destacada en Bebidas Especiales acerca a los participantes a un mercado maduro en craft y bebidas premium. Objetivo: identificar canales wholesales y retailers especializados para bebidas artesanales. Enfoque: visitas a hubs artesanales en Portland y Denver. Actividades: participaci\u00f3n en Fancy Food y Craft Brewers Conference, catas y encuentros con [&hellip;]<\/p>\n","protected":false},"featured_media":7993,"template":"","meta":{"_acf_changed":false},"country":[954],"product_brand":[],"product_cat":[1001,1004,893],"product_tag":[924],"class_list":{"0":"post-6279","1":"product","2":"type-product","3":"status-publish","4":"has-post-thumbnail","6":"country-ee-uu","7":"product_cat-alimentos-y-bebidas","8":"product_cat-bebidas-especiales","9":"product_cat-misiones-comerciales","10":"product_tag-misiones-comerciales","12":"first","13":"instock","14":"virtual","15":"product-type-simple"},"acf":[],"_links":{"self":[{"href":"https:\/\/dcobys.com\/es\/wp-json\/wp\/v2\/product\/6279","targetHints":{"allow":["GET"]}}],"collection":[{"href":"https:\/\/dcobys.com\/es\/wp-json\/wp\/v2\/product"}],"about":[{"href":"https:\/\/dcobys.com\/es\/wp-json\/wp\/v2\/types\/product"}],"version-history":[{"count":0,"href":"https:\/\/dcobys.com\/es\/wp-json\/wp\/v2\/product\/6279\/revisions"}],"wp:featuredmedia":[{"embeddable":true,"href":"https:\/\/dcobys.com\/es\/wp-json\/wp\/v2\/media\/7993"}],"wp:attachment":[{"href":"https:\/\/dcobys.com\/es\/wp-json\/wp\/v2\/media?parent=6279"}],"wp:term":[{"taxonomy":"country","embeddable":true,"href":"https:\/\/dcobys.com\/es\/wp-json\/wp\/v2\/country?post=6279"},{"taxonomy":"product_brand","embeddable":true,"href":"https:\/\/dcobys.com\/es\/wp-json\/wp\/v2\/product_brand?post=6279"},{"taxonomy":"product_cat","embeddable":true,"href":"https:\/\/dcobys.com\/es\/wp-json\/wp\/v2\/product_cat?post=6279"},{"taxonomy":"product_tag","embeddable":true,"href":"https:\/\/dcobys.com\/es\/wp-json\/wp\/v2\/product_tag?post=6279"}],"curies":[{"name":"wp","href":"https:\/\/api.w.org\/{rel}","templated":true}]}}