{"id":6277,"date":"2025-12-15T13:00:55","date_gmt":"2025-12-15T18:00:55","guid":{"rendered":"https:\/\/dcobys.com\/services\/uncategorized\/functional-foods-netherlands-2\/"},"modified":"2026-01-30T21:35:53","modified_gmt":"2026-01-31T02:35:53","slug":"functional-foods-netherlands-2","status":"publish","type":"product","link":"https:\/\/dcobys.com\/es\/services\/misiones-comerciales\/alimentos-y-bebidas\/alimentos-funcionales\/functional-foods-netherlands-2\/","title":{"rendered":"Alimentos funcionales &#8211; Pa\u00edses Bajos"},"content":{"rendered":"<p>La Misi\u00f3n Comercial en Pa\u00edses Bajos, uno de los hubs m\u00e1s innovadores del mundo en ciencia de alimentos, permite a los participantes acceder al ecosistema de Utrecht, Eindhoven y la red cient\u00edfica de Wageningen. La misi\u00f3n profundiza en tecnolog\u00edas para alimentos funcionales, prote\u00ednas alternativas, bioprocesos y soluciones orientadas al bienestar integral. La agenda contempla visitas a Food Valley NL, Wageningen Research y eventos internacionales en \u00c1msterdam. Los asistentes sostendr\u00e1n reuniones con empresas, centros de investigaci\u00f3n y startups pioneras en nutrici\u00f3n inteligente. Tambi\u00e9n se explorar\u00e1n oportunidades de innovaci\u00f3n abierta que impulsan el desarrollo de productos saludables con impacto global. La misi\u00f3n facilita la identificaci\u00f3n de nuevas tendencias y aliados estrat\u00e9gicos en Europa. Al finalizar, los participantes obtendr\u00e1n un marco claro para introducir soluciones funcionales avanzadas en sus mercados. Fuentes: Food Valley NL; Wageningen University &#038; Research; Horecava (2024).<\/p>\n","protected":false},"excerpt":{"rendered":"<p>La Misi\u00f3n Comercial en Pa\u00edses Bajos, uno de los hubs m\u00e1s innovadores del mundo en ciencia de alimentos, permite a los participantes acceder al ecosistema de Utrecht, Eindhoven y la red cient\u00edfica de Wageningen. La misi\u00f3n profundiza en tecnolog\u00edas para alimentos funcionales, prote\u00ednas alternativas, bioprocesos y soluciones orientadas al bienestar integral. La agenda contempla visitas [&hellip;]<\/p>\n","protected":false},"featured_media":8920,"template":"","meta":{"_acf_changed":false},"country":[942],"product_brand":[],"product_cat":[1003,1001,893],"product_tag":[924],"class_list":{"0":"post-6277","1":"product","2":"type-product","3":"status-publish","4":"has-post-thumbnail","6":"country-paises-bajos","7":"product_cat-alimentos-funcionales","8":"product_cat-alimentos-y-bebidas","9":"product_cat-misiones-comerciales","10":"product_tag-misiones-comerciales","12":"first","13":"instock","14":"virtual","15":"product-type-simple"},"acf":[],"_links":{"self":[{"href":"https:\/\/dcobys.com\/es\/wp-json\/wp\/v2\/product\/6277","targetHints":{"allow":["GET"]}}],"collection":[{"href":"https:\/\/dcobys.com\/es\/wp-json\/wp\/v2\/product"}],"about":[{"href":"https:\/\/dcobys.com\/es\/wp-json\/wp\/v2\/types\/product"}],"version-history":[{"count":0,"href":"https:\/\/dcobys.com\/es\/wp-json\/wp\/v2\/product\/6277\/revisions"}],"wp:featuredmedia":[{"embeddable":true,"href":"https:\/\/dcobys.com\/es\/wp-json\/wp\/v2\/media\/8920"}],"wp:attachment":[{"href":"https:\/\/dcobys.com\/es\/wp-json\/wp\/v2\/media?parent=6277"}],"wp:term":[{"taxonomy":"country","embeddable":true,"href":"https:\/\/dcobys.com\/es\/wp-json\/wp\/v2\/country?post=6277"},{"taxonomy":"product_brand","embeddable":true,"href":"https:\/\/dcobys.com\/es\/wp-json\/wp\/v2\/product_brand?post=6277"},{"taxonomy":"product_cat","embeddable":true,"href":"https:\/\/dcobys.com\/es\/wp-json\/wp\/v2\/product_cat?post=6277"},{"taxonomy":"product_tag","embeddable":true,"href":"https:\/\/dcobys.com\/es\/wp-json\/wp\/v2\/product_tag?post=6277"}],"curies":[{"name":"wp","href":"https:\/\/api.w.org\/{rel}","templated":true}]}}