{"id":6251,"date":"2025-12-15T13:00:48","date_gmt":"2025-12-15T18:00:48","guid":{"rendered":"https:\/\/dcobys.com\/services\/uncategorized\/superfoods-usa-2\/"},"modified":"2026-01-30T21:35:53","modified_gmt":"2026-01-31T02:35:53","slug":"superfoods-usa-2","status":"publish","type":"product","link":"https:\/\/dcobys.com\/es\/services\/misiones-comerciales\/alimentos-y-bebidas\/superfoods\/superfoods-usa-2\/","title":{"rendered":"Superfoods &#8211; EE. UU."},"content":{"rendered":"<p>La Misi\u00f3n Comercial en EE.UU. destacada en Superfoods conecta a los participantes con los mercados m\u00e1s din\u00e1micos de alimentos saludables y funcionales en Norteam\u00e9rica. La agenda incluye visitas a distribuidores, importadores y centros de innovaci\u00f3n en Los \u00c1ngeles y Miami. Los asistentes participar\u00e1n en Natural Products Expo West y Fancy Food Show, espacios clave para descubrir tendencias en superalimentos, suplementos, bebidas saludables y productos plant-based. La misi\u00f3n integra reuniones comerciales con compradores, retailers y marcas l\u00edderes. Tambi\u00e9n se desarrollar\u00e1n sesiones t\u00e9cnicas sobre regulaciones, certificaciones y modelos de entrada al mercado estadounidense. La agenda contempla visitas a tiendas especializadas y hubs de innovaci\u00f3n alimentaria. Al finalizar, los participantes obtendr\u00e1n claridad sobre oportunidades de exportaci\u00f3n y alianzas potenciales. Fuentes: Natural Products Expo; Specialty Food Association; USDA Food Trends (2024).<\/p>\n","protected":false},"excerpt":{"rendered":"<p>La Misi\u00f3n Comercial en EE.UU. destacada en Superfoods conecta a los participantes con los mercados m\u00e1s din\u00e1micos de alimentos saludables y funcionales en Norteam\u00e9rica. La agenda incluye visitas a distribuidores, importadores y centros de innovaci\u00f3n en Los \u00c1ngeles y Miami. Los asistentes participar\u00e1n en Natural Products Expo West y Fancy Food Show, espacios clave para [&hellip;]<\/p>\n","protected":false},"featured_media":7760,"template":"","meta":{"_acf_changed":false},"country":[954],"product_brand":[],"product_cat":[1001,893,1005],"product_tag":[924],"class_list":{"0":"post-6251","1":"product","2":"type-product","3":"status-publish","4":"has-post-thumbnail","6":"country-ee-uu","7":"product_cat-alimentos-y-bebidas","8":"product_cat-misiones-comerciales","9":"product_cat-superfoods","10":"product_tag-misiones-comerciales","12":"first","13":"instock","14":"virtual","15":"product-type-simple"},"acf":[],"_links":{"self":[{"href":"https:\/\/dcobys.com\/es\/wp-json\/wp\/v2\/product\/6251","targetHints":{"allow":["GET"]}}],"collection":[{"href":"https:\/\/dcobys.com\/es\/wp-json\/wp\/v2\/product"}],"about":[{"href":"https:\/\/dcobys.com\/es\/wp-json\/wp\/v2\/types\/product"}],"version-history":[{"count":0,"href":"https:\/\/dcobys.com\/es\/wp-json\/wp\/v2\/product\/6251\/revisions"}],"wp:featuredmedia":[{"embeddable":true,"href":"https:\/\/dcobys.com\/es\/wp-json\/wp\/v2\/media\/7760"}],"wp:attachment":[{"href":"https:\/\/dcobys.com\/es\/wp-json\/wp\/v2\/media?parent=6251"}],"wp:term":[{"taxonomy":"country","embeddable":true,"href":"https:\/\/dcobys.com\/es\/wp-json\/wp\/v2\/country?post=6251"},{"taxonomy":"product_brand","embeddable":true,"href":"https:\/\/dcobys.com\/es\/wp-json\/wp\/v2\/product_brand?post=6251"},{"taxonomy":"product_cat","embeddable":true,"href":"https:\/\/dcobys.com\/es\/wp-json\/wp\/v2\/product_cat?post=6251"},{"taxonomy":"product_tag","embeddable":true,"href":"https:\/\/dcobys.com\/es\/wp-json\/wp\/v2\/product_tag?post=6251"}],"curies":[{"name":"wp","href":"https:\/\/api.w.org\/{rel}","templated":true}]}}