{"id":6249,"date":"2025-12-15T13:00:48","date_gmt":"2025-12-15T18:00:48","guid":{"rendered":"https:\/\/dcobys.com\/services\/uncategorized\/agrotech-agritech-netherlands-2\/"},"modified":"2026-01-30T21:35:53","modified_gmt":"2026-01-31T02:35:53","slug":"agrotech-agritech-netherlands-2","status":"publish","type":"product","link":"https:\/\/dcobys.com\/es\/services\/misiones-comerciales\/alimentos-y-bebidas\/agrotecnologia-agritech\/agrotech-agritech-netherlands-2\/","title":{"rendered":"Agrotecnolog\u00eda (AgriTech) &#8211; Pa\u00edses Bajos"},"content":{"rendered":"<p>La Misi\u00f3n Comercial en Pa\u00edses Bajos destacada en Agrotecnolog\u00eda ofrece acceso al ecosistema agr\u00edcola m\u00e1s avanzado del mundo, liderado por Wageningen y sus centros globales de investigaci\u00f3n. La misi\u00f3n recorre invernaderos automatizados, laboratorios de fitomejoramiento y empresas que revolucionan la horticultura de precisi\u00f3n. Los participantes asistir\u00e1n a GreenTech y HortiContact, ferias clave en soluciones para riego, iluminaci\u00f3n inteligente y producci\u00f3n de alta eficiencia. La agenda incluye reuniones con proveedores holandeses, distribuidores internacionales y startups agrotech. Tambi\u00e9n se analizar\u00e1n tendencias globales en sostenibilidad, circularidad y eficiencia energ\u00e9tica agr\u00edcola. Se realizar\u00e1n visitas t\u00e9cnicas y espacios de networking con expertos de Wageningen University &#038; Research. Al finalizar, los asistentes obtendr\u00e1n una visi\u00f3n clara del modelo holand\u00e9s y oportunidades comerciales inmediatas. Fuentes: GreenTech Amsterdam; Wageningen UR; HortiContact (2024).<\/p>\n","protected":false},"excerpt":{"rendered":"<p>La Misi\u00f3n Comercial en Pa\u00edses Bajos destacada en Agrotecnolog\u00eda ofrece acceso al ecosistema agr\u00edcola m\u00e1s avanzado del mundo, liderado por Wageningen y sus centros globales de investigaci\u00f3n. La misi\u00f3n recorre invernaderos automatizados, laboratorios de fitomejoramiento y empresas que revolucionan la horticultura de precisi\u00f3n. Los participantes asistir\u00e1n a GreenTech y HortiContact, ferias clave en soluciones para [&hellip;]<\/p>\n","protected":false},"featured_media":8894,"template":"","meta":{"_acf_changed":false},"country":[942],"product_brand":[],"product_cat":[1002,1001,893],"product_tag":[924],"class_list":{"0":"post-6249","1":"product","2":"type-product","3":"status-publish","4":"has-post-thumbnail","6":"country-paises-bajos","7":"product_cat-agrotecnologia-agritech","8":"product_cat-alimentos-y-bebidas","9":"product_cat-misiones-comerciales","10":"product_tag-misiones-comerciales","12":"first","13":"instock","14":"virtual","15":"product-type-simple"},"acf":[],"_links":{"self":[{"href":"https:\/\/dcobys.com\/es\/wp-json\/wp\/v2\/product\/6249","targetHints":{"allow":["GET"]}}],"collection":[{"href":"https:\/\/dcobys.com\/es\/wp-json\/wp\/v2\/product"}],"about":[{"href":"https:\/\/dcobys.com\/es\/wp-json\/wp\/v2\/types\/product"}],"version-history":[{"count":0,"href":"https:\/\/dcobys.com\/es\/wp-json\/wp\/v2\/product\/6249\/revisions"}],"wp:featuredmedia":[{"embeddable":true,"href":"https:\/\/dcobys.com\/es\/wp-json\/wp\/v2\/media\/8894"}],"wp:attachment":[{"href":"https:\/\/dcobys.com\/es\/wp-json\/wp\/v2\/media?parent=6249"}],"wp:term":[{"taxonomy":"country","embeddable":true,"href":"https:\/\/dcobys.com\/es\/wp-json\/wp\/v2\/country?post=6249"},{"taxonomy":"product_brand","embeddable":true,"href":"https:\/\/dcobys.com\/es\/wp-json\/wp\/v2\/product_brand?post=6249"},{"taxonomy":"product_cat","embeddable":true,"href":"https:\/\/dcobys.com\/es\/wp-json\/wp\/v2\/product_cat?post=6249"},{"taxonomy":"product_tag","embeddable":true,"href":"https:\/\/dcobys.com\/es\/wp-json\/wp\/v2\/product_tag?post=6249"}],"curies":[{"name":"wp","href":"https:\/\/api.w.org\/{rel}","templated":true}]}}