{"id":6247,"date":"2025-12-15T13:00:48","date_gmt":"2025-12-15T18:00:48","guid":{"rendered":"https:\/\/dcobys.com\/services\/uncategorized\/agrotech-agritech-chile-2\/"},"modified":"2026-01-30T21:35:53","modified_gmt":"2026-01-31T02:35:53","slug":"agrotech-agritech-chile-2","status":"publish","type":"product","link":"https:\/\/dcobys.com\/es\/services\/misiones-comerciales\/alimentos-y-bebidas\/agrotecnologia-agritech\/agrotech-agritech-chile-2\/","title":{"rendered":"Agrotecnolog\u00eda (AgriTech) &#8211; Chile"},"content":{"rendered":"<p>La Misi\u00f3n Comercial en Chile destacada en Agrotecnolog\u00eda permite a los participantes conocer uno de los modelos agr\u00edcolas m\u00e1s tecnificados y exportadores del continente, con foco en vi\u00f1edos, fruticultura y cultivos de alto valor. La agenda recorre zonas productivas en Santiago y Curic\u00f3, donde operan empresas l\u00edderes en riego tecnificado, manejo de suelos y automatizaci\u00f3n agr\u00edcola. Los asistentes participar\u00e1n en ferias como Expoalimentaria y eventos FISA, donde se presentan tecnolog\u00edas para mejorar productividad y sostenibilidad. Se realizar\u00e1n reuniones con productores, exportadores y clusters agr\u00edcolas enfocados en innovaci\u00f3n. La misi\u00f3n incluye sesiones t\u00e9cnicas sobre eficiencia h\u00eddrica, certificaciones y tendencias globales de agroindustria. Tambi\u00e9n se generar\u00e1n espacios de networking y visitas personalizadas. Al finalizar, los participantes obtendr\u00e1n una comprensi\u00f3n estrat\u00e9gica del modelo chileno y oportunidades reales de negocio. Fuentes: FISA Chile; ProChile Agro; Ministerio de Agricultura de Chile (2024).<\/p>\n","protected":false},"excerpt":{"rendered":"<p>La Misi\u00f3n Comercial en Chile destacada en Agrotecnolog\u00eda permite a los participantes conocer uno de los modelos agr\u00edcolas m\u00e1s tecnificados y exportadores del continente, con foco en vi\u00f1edos, fruticultura y cultivos de alto valor. La agenda recorre zonas productivas en Santiago y Curic\u00f3, donde operan empresas l\u00edderes en riego tecnificado, manejo de suelos y automatizaci\u00f3n [&hellip;]<\/p>\n","protected":false},"featured_media":8892,"template":"","meta":{"_acf_changed":false},"country":[927],"product_brand":[],"product_cat":[1002,1001,893],"product_tag":[924],"class_list":{"0":"post-6247","1":"product","2":"type-product","3":"status-publish","4":"has-post-thumbnail","6":"country-chile","7":"product_cat-agrotecnologia-agritech","8":"product_cat-alimentos-y-bebidas","9":"product_cat-misiones-comerciales","10":"product_tag-misiones-comerciales","12":"first","13":"instock","14":"virtual","15":"product-type-simple"},"acf":[],"_links":{"self":[{"href":"https:\/\/dcobys.com\/es\/wp-json\/wp\/v2\/product\/6247","targetHints":{"allow":["GET"]}}],"collection":[{"href":"https:\/\/dcobys.com\/es\/wp-json\/wp\/v2\/product"}],"about":[{"href":"https:\/\/dcobys.com\/es\/wp-json\/wp\/v2\/types\/product"}],"version-history":[{"count":0,"href":"https:\/\/dcobys.com\/es\/wp-json\/wp\/v2\/product\/6247\/revisions"}],"wp:featuredmedia":[{"embeddable":true,"href":"https:\/\/dcobys.com\/es\/wp-json\/wp\/v2\/media\/8892"}],"wp:attachment":[{"href":"https:\/\/dcobys.com\/es\/wp-json\/wp\/v2\/media?parent=6247"}],"wp:term":[{"taxonomy":"country","embeddable":true,"href":"https:\/\/dcobys.com\/es\/wp-json\/wp\/v2\/country?post=6247"},{"taxonomy":"product_brand","embeddable":true,"href":"https:\/\/dcobys.com\/es\/wp-json\/wp\/v2\/product_brand?post=6247"},{"taxonomy":"product_cat","embeddable":true,"href":"https:\/\/dcobys.com\/es\/wp-json\/wp\/v2\/product_cat?post=6247"},{"taxonomy":"product_tag","embeddable":true,"href":"https:\/\/dcobys.com\/es\/wp-json\/wp\/v2\/product_tag?post=6247"}],"curies":[{"name":"wp","href":"https:\/\/api.w.org\/{rel}","templated":true}]}}