{"id":6245,"date":"2025-12-15T13:00:48","date_gmt":"2025-12-15T18:00:48","guid":{"rendered":"https:\/\/dcobys.com\/services\/uncategorized\/agrotech-agritech-mexico-2\/"},"modified":"2026-01-30T21:35:53","modified_gmt":"2026-01-31T02:35:53","slug":"agrotech-agritech-mexico-2","status":"publish","type":"product","link":"https:\/\/dcobys.com\/es\/services\/misiones-comerciales\/alimentos-y-bebidas\/agrotecnologia-agritech\/agrotech-agritech-mexico-2\/","title":{"rendered":"Agrotecnolog\u00eda (AgriTech) &#8211; M\u00e9xico"},"content":{"rendered":"<p>La Misi\u00f3n Comercial en M\u00e9xico destacada en Agrotecnolog\u00eda conecta a los participantes con los cl\u00fasteres agr\u00edcolas de mayor crecimiento de Latinoam\u00e9rica, especialmente en Guanajuato y Sinaloa. La agenda incluye visitas a fincas tecnificadas, centros de innovaci\u00f3n agr\u00edcola y cooperativas l\u00edderes en producci\u00f3n hortofrut\u00edcola. Los asistentes participar\u00e1n en Agroalimentaria Expo y Expo Agro Sinaloa, espacios donde se re\u00fanen proveedores de maquinaria, riego tecnificado, semillas y soluciones de agricultura de precisi\u00f3n. La misi\u00f3n contempla reuniones con productores, distribuidores y compradores nacionales para identificar oportunidades comerciales. Tambi\u00e9n se desarrollar\u00e1n sesiones t\u00e9cnicas sobre productividad, sostenibilidad y manejo postcosecha. La experiencia integra networking con l\u00edderes regionales y visitas personalizadas seg\u00fan inter\u00e9s del participante. Al finalizar, los asistentes obtendr\u00e1n una comprensi\u00f3n s\u00f3lida del mercado agr\u00edcola mexicano y rutas claras para expandir negocios. Fuentes: Agroalimentaria Guanajuato; Expo Agro Sinaloa; Secretar\u00eda de Agricultura de M\u00e9xico (2024).<\/p>\n","protected":false},"excerpt":{"rendered":"<p>La Misi\u00f3n Comercial en M\u00e9xico destacada en Agrotecnolog\u00eda conecta a los participantes con los cl\u00fasteres agr\u00edcolas de mayor crecimiento de Latinoam\u00e9rica, especialmente en Guanajuato y Sinaloa. La agenda incluye visitas a fincas tecnificadas, centros de innovaci\u00f3n agr\u00edcola y cooperativas l\u00edderes en producci\u00f3n hortofrut\u00edcola. Los asistentes participar\u00e1n en Agroalimentaria Expo y Expo Agro Sinaloa, espacios donde [&hellip;]<\/p>\n","protected":false},"featured_media":8890,"template":"","meta":{"_acf_changed":false},"country":[941],"product_brand":[],"product_cat":[1002,1001,893],"product_tag":[924],"class_list":{"0":"post-6245","1":"product","2":"type-product","3":"status-publish","4":"has-post-thumbnail","6":"country-mexico","7":"product_cat-agrotecnologia-agritech","8":"product_cat-alimentos-y-bebidas","9":"product_cat-misiones-comerciales","10":"product_tag-misiones-comerciales","12":"first","13":"instock","14":"virtual","15":"product-type-simple"},"acf":[],"_links":{"self":[{"href":"https:\/\/dcobys.com\/es\/wp-json\/wp\/v2\/product\/6245","targetHints":{"allow":["GET"]}}],"collection":[{"href":"https:\/\/dcobys.com\/es\/wp-json\/wp\/v2\/product"}],"about":[{"href":"https:\/\/dcobys.com\/es\/wp-json\/wp\/v2\/types\/product"}],"version-history":[{"count":0,"href":"https:\/\/dcobys.com\/es\/wp-json\/wp\/v2\/product\/6245\/revisions"}],"wp:featuredmedia":[{"embeddable":true,"href":"https:\/\/dcobys.com\/es\/wp-json\/wp\/v2\/media\/8890"}],"wp:attachment":[{"href":"https:\/\/dcobys.com\/es\/wp-json\/wp\/v2\/media?parent=6245"}],"wp:term":[{"taxonomy":"country","embeddable":true,"href":"https:\/\/dcobys.com\/es\/wp-json\/wp\/v2\/country?post=6245"},{"taxonomy":"product_brand","embeddable":true,"href":"https:\/\/dcobys.com\/es\/wp-json\/wp\/v2\/product_brand?post=6245"},{"taxonomy":"product_cat","embeddable":true,"href":"https:\/\/dcobys.com\/es\/wp-json\/wp\/v2\/product_cat?post=6245"},{"taxonomy":"product_tag","embeddable":true,"href":"https:\/\/dcobys.com\/es\/wp-json\/wp\/v2\/product_tag?post=6245"}],"curies":[{"name":"wp","href":"https:\/\/api.w.org\/{rel}","templated":true}]}}