{"id":6243,"date":"2025-12-15T13:00:48","date_gmt":"2025-12-15T18:00:48","guid":{"rendered":"https:\/\/dcobys.com\/services\/uncategorized\/agrotech-agritech-france-2\/"},"modified":"2026-01-30T21:35:53","modified_gmt":"2026-01-31T02:35:53","slug":"agrotech-agritech-france-2","status":"publish","type":"product","link":"https:\/\/dcobys.com\/es\/services\/misiones-comerciales\/alimentos-y-bebidas\/agrotecnologia-agritech\/agrotech-agritech-france-2\/","title":{"rendered":"Agrotecnolog\u00eda (AgriTech) &#8211; Francia"},"content":{"rendered":"<p>La Misi\u00f3n Comercial en Francia destacada en Agrotecnolog\u00eda abre las puertas a uno de los ecosistemas agr\u00edcolas m\u00e1s innovadores de Europa, con foco en Toulouse, Lyon y regiones l\u00edderes en cultivos especializados. Los participantes explorar\u00e1n centros de mecanizaci\u00f3n agr\u00edcola, hubs de biotecnolog\u00eda vegetal y cooperativas de alto rendimiento. La misi\u00f3n incluye participaci\u00f3n en SIVAL, SPACE y el Salon de l\u2019Agriculture, vitrinas donde se presentan tecnolog\u00edas de precisi\u00f3n, ganader\u00eda avanzada y soluciones de agricultura sostenible. La agenda integra reuniones con fabricantes, distribuidores y actores claves del agro franc\u00e9s. Adem\u00e1s, se desarrollar\u00e1n sesiones t\u00e9cnicas sobre digitalizaci\u00f3n del campo, gen\u00e9tica vegetal y optimizaci\u00f3n productiva. La misi\u00f3n incorpora visitas personalizadas a empresas l\u00edderes y espacios de networking directivo. Al finalizar, los participantes obtendr\u00e1n una comprensi\u00f3n estrat\u00e9gica del mercado franc\u00e9s y oportunidades comerciales inmediatas. Fuentes: SIVAL Angers; SPACE Rennes; Minist\u00e8re de l\u2019Agriculture et de la Souverainet\u00e9 alimentaire (2024).<\/p>\n","protected":false},"excerpt":{"rendered":"<p>La Misi\u00f3n Comercial en Francia destacada en Agrotecnolog\u00eda abre las puertas a uno de los ecosistemas agr\u00edcolas m\u00e1s innovadores de Europa, con foco en Toulouse, Lyon y regiones l\u00edderes en cultivos especializados. Los participantes explorar\u00e1n centros de mecanizaci\u00f3n agr\u00edcola, hubs de biotecnolog\u00eda vegetal y cooperativas de alto rendimiento. La misi\u00f3n incluye participaci\u00f3n en SIVAL, SPACE [&hellip;]<\/p>\n","protected":false},"featured_media":8888,"template":"","meta":{"_acf_changed":false},"country":[933],"product_brand":[],"product_cat":[1002,1001,893],"product_tag":[924],"class_list":{"0":"post-6243","1":"product","2":"type-product","3":"status-publish","4":"has-post-thumbnail","6":"country-francia","7":"product_cat-agrotecnologia-agritech","8":"product_cat-alimentos-y-bebidas","9":"product_cat-misiones-comerciales","10":"product_tag-misiones-comerciales","12":"first","13":"instock","14":"virtual","15":"product-type-simple"},"acf":[],"_links":{"self":[{"href":"https:\/\/dcobys.com\/es\/wp-json\/wp\/v2\/product\/6243","targetHints":{"allow":["GET"]}}],"collection":[{"href":"https:\/\/dcobys.com\/es\/wp-json\/wp\/v2\/product"}],"about":[{"href":"https:\/\/dcobys.com\/es\/wp-json\/wp\/v2\/types\/product"}],"version-history":[{"count":0,"href":"https:\/\/dcobys.com\/es\/wp-json\/wp\/v2\/product\/6243\/revisions"}],"wp:featuredmedia":[{"embeddable":true,"href":"https:\/\/dcobys.com\/es\/wp-json\/wp\/v2\/media\/8888"}],"wp:attachment":[{"href":"https:\/\/dcobys.com\/es\/wp-json\/wp\/v2\/media?parent=6243"}],"wp:term":[{"taxonomy":"country","embeddable":true,"href":"https:\/\/dcobys.com\/es\/wp-json\/wp\/v2\/country?post=6243"},{"taxonomy":"product_brand","embeddable":true,"href":"https:\/\/dcobys.com\/es\/wp-json\/wp\/v2\/product_brand?post=6243"},{"taxonomy":"product_cat","embeddable":true,"href":"https:\/\/dcobys.com\/es\/wp-json\/wp\/v2\/product_cat?post=6243"},{"taxonomy":"product_tag","embeddable":true,"href":"https:\/\/dcobys.com\/es\/wp-json\/wp\/v2\/product_tag?post=6243"}],"curies":[{"name":"wp","href":"https:\/\/api.w.org\/{rel}","templated":true}]}}