{"id":6241,"date":"2025-12-15T13:00:48","date_gmt":"2025-12-15T18:00:48","guid":{"rendered":"https:\/\/dcobys.com\/services\/uncategorized\/agrotech-agritech-italy-2\/"},"modified":"2026-01-30T21:35:53","modified_gmt":"2026-01-31T02:35:53","slug":"agrotech-agritech-italy-2","status":"publish","type":"product","link":"https:\/\/dcobys.com\/es\/services\/misiones-comerciales\/alimentos-y-bebidas\/agrotecnologia-agritech\/agrotech-agritech-italy-2\/","title":{"rendered":"Agrotecnolog\u00eda (AgriTech) &#8211; Italia"},"content":{"rendered":"<p>La Misi\u00f3n Comercial en Italia destacada en Agrotecnolog\u00eda permite a los participantes ingresar a uno de los ecosistemas agroindustriales m\u00e1s sofisticados del mundo, con \u00e9nfasis en Parma, Bolonia y su cadena de innovaci\u00f3n agr\u00edcola. La visita incluye acceso directo a centros de investigaci\u00f3n, cooperativas avanzadas y empresas que lideran el uso de maquinaria agr\u00edcola inteligente. Los asistentes participar\u00e1n en Cibus y Macfrut, dos plataformas clave para conocer nuevas tecnolog\u00edas de procesamiento, semillas mejoradas y digitalizaci\u00f3n de cultivos. La agenda contempla reuniones estrat\u00e9gicas con proveedores italianos, clusters regionales y expertos en agricultura sostenible. Tambi\u00e9n se analizar\u00e1n tendencias europeas sobre automatizaci\u00f3n de campo y modelos de producci\u00f3n de alto valor agregado. La misi\u00f3n ofrece espacios de networking y visitas t\u00e9cnicas a empresas seleccionadas. Al concluir, los participantes obtendr\u00e1n una visi\u00f3n profunda del mercado agr\u00edcola italiano y oportunidades concretas de negocio. Fuentes: Fiere di Parma; Macfrut Italy; Ministerio de Agricultura de Italia (2024).<\/p>\n","protected":false},"excerpt":{"rendered":"<p>La Misi\u00f3n Comercial en Italia destacada en Agrotecnolog\u00eda permite a los participantes ingresar a uno de los ecosistemas agroindustriales m\u00e1s sofisticados del mundo, con \u00e9nfasis en Parma, Bolonia y su cadena de innovaci\u00f3n agr\u00edcola. La visita incluye acceso directo a centros de investigaci\u00f3n, cooperativas avanzadas y empresas que lideran el uso de maquinaria agr\u00edcola inteligente. [&hellip;]<\/p>\n","protected":false},"featured_media":8886,"template":"","meta":{"_acf_changed":false},"country":[938],"product_brand":[],"product_cat":[1002,1001,893],"product_tag":[924],"class_list":{"0":"post-6241","1":"product","2":"type-product","3":"status-publish","4":"has-post-thumbnail","6":"country-italia","7":"product_cat-agrotecnologia-agritech","8":"product_cat-alimentos-y-bebidas","9":"product_cat-misiones-comerciales","10":"product_tag-misiones-comerciales","12":"first","13":"instock","14":"virtual","15":"product-type-simple"},"acf":[],"_links":{"self":[{"href":"https:\/\/dcobys.com\/es\/wp-json\/wp\/v2\/product\/6241","targetHints":{"allow":["GET"]}}],"collection":[{"href":"https:\/\/dcobys.com\/es\/wp-json\/wp\/v2\/product"}],"about":[{"href":"https:\/\/dcobys.com\/es\/wp-json\/wp\/v2\/types\/product"}],"version-history":[{"count":0,"href":"https:\/\/dcobys.com\/es\/wp-json\/wp\/v2\/product\/6241\/revisions"}],"wp:featuredmedia":[{"embeddable":true,"href":"https:\/\/dcobys.com\/es\/wp-json\/wp\/v2\/media\/8886"}],"wp:attachment":[{"href":"https:\/\/dcobys.com\/es\/wp-json\/wp\/v2\/media?parent=6241"}],"wp:term":[{"taxonomy":"country","embeddable":true,"href":"https:\/\/dcobys.com\/es\/wp-json\/wp\/v2\/country?post=6241"},{"taxonomy":"product_brand","embeddable":true,"href":"https:\/\/dcobys.com\/es\/wp-json\/wp\/v2\/product_brand?post=6241"},{"taxonomy":"product_cat","embeddable":true,"href":"https:\/\/dcobys.com\/es\/wp-json\/wp\/v2\/product_cat?post=6241"},{"taxonomy":"product_tag","embeddable":true,"href":"https:\/\/dcobys.com\/es\/wp-json\/wp\/v2\/product_tag?post=6241"}],"curies":[{"name":"wp","href":"https:\/\/api.w.org\/{rel}","templated":true}]}}