{"id":6239,"date":"2025-12-15T13:00:48","date_gmt":"2025-12-15T18:00:48","guid":{"rendered":"https:\/\/dcobys.com\/services\/uncategorized\/agrotech-agritech-spain-2\/"},"modified":"2026-01-30T21:35:52","modified_gmt":"2026-01-31T02:35:52","slug":"agrotech-agritech-spain-2","status":"publish","type":"product","link":"https:\/\/dcobys.com\/es\/services\/misiones-comerciales\/alimentos-y-bebidas\/agrotecnologia-agritech\/agrotech-agritech-spain-2\/","title":{"rendered":"Agrotecnolog\u00eda (AgriTech) &#8211; Espa\u00f1a"},"content":{"rendered":"<p>La Misi\u00f3n Comercial en Espa\u00f1a destacada en Agrotecnolog\u00eda conecta a los participantes con los polos agr\u00edcolas m\u00e1s tecnificados del sur europeo, especialmente en Almer\u00eda y Murcia, donde se desarrollan modelos avanzados de producci\u00f3n intensiva y control clim\u00e1tico. La agenda permite conocer invernaderos inteligentes, cooperativas l\u00edderes y centros de I+D especializados en horticultura y optimizaci\u00f3n de cultivos. Los asistentes participar\u00e1n en Fruit Attraction y Agroexpo, espacios donde se presentan innovaciones en riego, automatizaci\u00f3n agr\u00edcola y soluciones de postcosecha. Tambi\u00e9n se realizar\u00e1n reuniones con proveedores de tecnolog\u00eda, distribuidores y productores escalables para explorar oportunidades comerciales. La misi\u00f3n facilita contacto directo con l\u00edderes del sector hortofrut\u00edcola y startups de agricultura digital. Adem\u00e1s, los participantes podr\u00e1n analizar tendencias en sostenibilidad, trazabilidad y eficiencia energ\u00e9tica agr\u00edcola. Se incorporan espacios para networking ejecutivo y visitas t\u00e9cnicas personalizadas. Al finalizar, obtendr\u00e1n un mapa claro del ecosistema agr\u00edcola espa\u00f1ol y oportunidades inmediatas de colaboraci\u00f3n. Fuentes: IFEMA Fruit Attraction; FEVAL Agroexpo; Ministerio de Agricultura de Espa\u00f1a (2024).<\/p>\n","protected":false},"excerpt":{"rendered":"<p>La Misi\u00f3n Comercial en Espa\u00f1a destacada en Agrotecnolog\u00eda conecta a los participantes con los polos agr\u00edcolas m\u00e1s tecnificados del sur europeo, especialmente en Almer\u00eda y Murcia, donde se desarrollan modelos avanzados de producci\u00f3n intensiva y control clim\u00e1tico. La agenda permite conocer invernaderos inteligentes, cooperativas l\u00edderes y centros de I+D especializados en horticultura y optimizaci\u00f3n de [&hellip;]<\/p>\n","protected":false},"featured_media":8884,"template":"","meta":{"_acf_changed":false},"country":[949],"product_brand":[],"product_cat":[1002,1001,893],"product_tag":[924],"class_list":{"0":"post-6239","1":"product","2":"type-product","3":"status-publish","4":"has-post-thumbnail","6":"country-espana","7":"product_cat-agrotecnologia-agritech","8":"product_cat-alimentos-y-bebidas","9":"product_cat-misiones-comerciales","10":"product_tag-misiones-comerciales","12":"first","13":"instock","14":"virtual","15":"product-type-simple"},"acf":[],"_links":{"self":[{"href":"https:\/\/dcobys.com\/es\/wp-json\/wp\/v2\/product\/6239","targetHints":{"allow":["GET"]}}],"collection":[{"href":"https:\/\/dcobys.com\/es\/wp-json\/wp\/v2\/product"}],"about":[{"href":"https:\/\/dcobys.com\/es\/wp-json\/wp\/v2\/types\/product"}],"version-history":[{"count":0,"href":"https:\/\/dcobys.com\/es\/wp-json\/wp\/v2\/product\/6239\/revisions"}],"wp:featuredmedia":[{"embeddable":true,"href":"https:\/\/dcobys.com\/es\/wp-json\/wp\/v2\/media\/8884"}],"wp:attachment":[{"href":"https:\/\/dcobys.com\/es\/wp-json\/wp\/v2\/media?parent=6239"}],"wp:term":[{"taxonomy":"country","embeddable":true,"href":"https:\/\/dcobys.com\/es\/wp-json\/wp\/v2\/country?post=6239"},{"taxonomy":"product_brand","embeddable":true,"href":"https:\/\/dcobys.com\/es\/wp-json\/wp\/v2\/product_brand?post=6239"},{"taxonomy":"product_cat","embeddable":true,"href":"https:\/\/dcobys.com\/es\/wp-json\/wp\/v2\/product_cat?post=6239"},{"taxonomy":"product_tag","embeddable":true,"href":"https:\/\/dcobys.com\/es\/wp-json\/wp\/v2\/product_tag?post=6239"}],"curies":[{"name":"wp","href":"https:\/\/api.w.org\/{rel}","templated":true}]}}