{"id":6237,"date":"2025-12-15T13:00:48","date_gmt":"2025-12-15T18:00:48","guid":{"rendered":"https:\/\/dcobys.com\/services\/uncategorized\/agrotech-agritech-usa-2\/"},"modified":"2026-01-30T21:35:52","modified_gmt":"2026-01-31T02:35:52","slug":"agrotech-agritech-usa-2","status":"publish","type":"product","link":"https:\/\/dcobys.com\/es\/services\/misiones-comerciales\/alimentos-y-bebidas\/agrotecnologia-agritech\/agrotech-agritech-usa-2\/","title":{"rendered":"Agrotecnolog\u00eda (AgriTech) &#8211; EE. UU."},"content":{"rendered":"<p>La Misi\u00f3n Comercial en EE.UU., coraz\u00f3n mundial de la Agrotecnolog\u00eda, conecta a los participantes con los valles agr\u00edcolas m\u00e1s innovadores del planeta, desde Fresno hasta Salinas, donde se desarrollan tecnolog\u00edas para riego inteligente, automatizaci\u00f3n de cultivos y agricultura de precisi\u00f3n. Durante la visita a la World Ag Expo y la PMA Fresh Summit, los asistentes observar\u00e1n tendencias en maquinaria avanzada, gen\u00e9tica vegetal, sensorizaci\u00f3n IoT y soluciones para aumentar la productividad agr\u00edcola. La misi\u00f3n incluye espacios de networking con proveedores, distribuidores y startups l\u00edderes en sostenibilidad alimentaria. Al finalizar, los participantes obtendr\u00e1n una visi\u00f3n estrat\u00e9gica del mercado estadounidense, nuevas oportunidades comerciales y un mapa claro de innovaci\u00f3n aplicable a su propia cadena de valor.<\/p>\n","protected":false},"excerpt":{"rendered":"<p>La Misi\u00f3n Comercial en EE.UU., coraz\u00f3n mundial de la Agrotecnolog\u00eda, conecta a los participantes con los valles agr\u00edcolas m\u00e1s innovadores del planeta, desde Fresno hasta Salinas, donde se desarrollan tecnolog\u00edas para riego inteligente, automatizaci\u00f3n de cultivos y agricultura de precisi\u00f3n. Durante la visita a la World Ag Expo y la PMA Fresh Summit, los asistentes [&hellip;]<\/p>\n","protected":false},"featured_media":7476,"template":"","meta":{"_acf_changed":false},"country":[954],"product_brand":[],"product_cat":[1002,1001,893],"product_tag":[924],"class_list":{"0":"post-6237","1":"product","2":"type-product","3":"status-publish","4":"has-post-thumbnail","6":"country-ee-uu","7":"product_cat-agrotecnologia-agritech","8":"product_cat-alimentos-y-bebidas","9":"product_cat-misiones-comerciales","10":"product_tag-misiones-comerciales","12":"first","13":"instock","14":"virtual","15":"product-type-simple"},"acf":[],"_links":{"self":[{"href":"https:\/\/dcobys.com\/es\/wp-json\/wp\/v2\/product\/6237","targetHints":{"allow":["GET"]}}],"collection":[{"href":"https:\/\/dcobys.com\/es\/wp-json\/wp\/v2\/product"}],"about":[{"href":"https:\/\/dcobys.com\/es\/wp-json\/wp\/v2\/types\/product"}],"version-history":[{"count":0,"href":"https:\/\/dcobys.com\/es\/wp-json\/wp\/v2\/product\/6237\/revisions"}],"wp:featuredmedia":[{"embeddable":true,"href":"https:\/\/dcobys.com\/es\/wp-json\/wp\/v2\/media\/7476"}],"wp:attachment":[{"href":"https:\/\/dcobys.com\/es\/wp-json\/wp\/v2\/media?parent=6237"}],"wp:term":[{"taxonomy":"country","embeddable":true,"href":"https:\/\/dcobys.com\/es\/wp-json\/wp\/v2\/country?post=6237"},{"taxonomy":"product_brand","embeddable":true,"href":"https:\/\/dcobys.com\/es\/wp-json\/wp\/v2\/product_brand?post=6237"},{"taxonomy":"product_cat","embeddable":true,"href":"https:\/\/dcobys.com\/es\/wp-json\/wp\/v2\/product_cat?post=6237"},{"taxonomy":"product_tag","embeddable":true,"href":"https:\/\/dcobys.com\/es\/wp-json\/wp\/v2\/product_tag?post=6237"}],"curies":[{"name":"wp","href":"https:\/\/api.w.org\/{rel}","templated":true}]}}