{"id":6228,"date":"2025-07-23T14:00:14","date_gmt":"2025-07-23T18:00:14","guid":{"rendered":"https:\/\/dcobys.com\/services\/sin%20categor\u00eda\/pipeline-generation\/"},"modified":"2026-01-30T18:38:22","modified_gmt":"2026-01-30T23:38:22","slug":"pipeline-generation","status":"publish","type":"product","link":"https:\/\/dcobys.com\/es\/services\/reuniones-de-negocio\/generacion-de-pipeline\/pipeline-generation\/","title":{"rendered":"Pipeline Generation"},"content":{"rendered":"\t\t<div data-elementor-type=\"product-post\" data-elementor-id=\"6228\" class=\"elementor elementor-6228 elementor-1082\" data-elementor-post-type=\"product\">\n\t\t\t\t<div class=\"elementor-element elementor-element-eff1223 e-flex e-con-boxed e-con e-parent\" data-id=\"eff1223\" data-element_type=\"container\" data-e-type=\"container\">\n\t\t\t\t\t<div class=\"e-con-inner\">\n\t\t\t\t<div class=\"elementor-element elementor-element-b534921 elementor-widget elementor-widget-heading\" data-id=\"b534921\" data-element_type=\"widget\" data-e-type=\"widget\" data-widget_type=\"heading.default\">\n\t\t\t\t\t<h3 class=\"elementor-heading-title elementor-size-default\">El servicio incluye:<\/h3>\t\t\t\t<\/div>\n\t\t\t\t<div class=\"elementor-element elementor-element-8718ae5 elementor-widget elementor-widget-text-editor\" data-id=\"8718ae5\" data-element_type=\"widget\" data-e-type=\"widget\" data-widget_type=\"text-editor.default\">\n\t\t\t\t\t\t\t\t\t<p class=\"p1\">Nuestro servicio de desarrollo de negocios incluye la generaci\u00f3n de una base de datos personalizada y el contacto activo con clientes potenciales que cumplan con tus criterios espec\u00edficos. El servicio incluye: <\/p><ol start=\"1\"><li><p class=\"p1\"><b>Lista de prospectos personalizada<\/b> basada en:<\/p><ul><li><p class=\"p1\">Territorio (Regi\u00f3n, Pa\u00eds y Ciudad)<\/p><\/li><li><p class=\"p1\">Industria y sector econ\u00f3mico<\/p><\/li><li><p class=\"p1\">Roles o cargos de inter\u00e9s<\/p><p class=\"p1\"><i>(Informaci\u00f3n adicional disponible a un costo extra \u2013 consulta T\u00e9rminos y Condiciones)<\/i><\/p><\/li><\/ul><\/li><li><p class=\"p1\"><b>Investigaci\u00f3n de cuentas: <\/b>Hasta un n\u00famero espec\u00edfico de cuentas potenciales por plan, entregadas trimestralmente.<\/p><\/li><li><p class=\"p1\"><b>Adquisici\u00f3n y cultivo de contactos: <\/b>Alcanzando roles clave dentro de las cuentas seleccionadas.<\/p><\/li><li><p class=\"p1\"><b>Contacto v\u00eda tel\u00e9fono, email o redes sociales: <\/b>Presentando directamente la propuesta de valor de tu empresa.<\/p><\/li><li><p class=\"p1\"><b>Programaci\u00f3n de reuniones: <\/b>Un n\u00famero garantizado de reuniones virtuales o presenciales dentro del per\u00edodo de suscripci\u00f3n.<\/p><\/li><li><p class=\"p1\"><b>Reportes mensuales: <\/b>Reporte de pipeline sobre campa\u00f1as activas y registro de reuniones confirmadas.<\/p><\/li><\/ol>\t\t\t\t\t\t\t\t<\/div>\n\t\t\t\t\t<\/div>\n\t\t\t\t<\/div>\n\t\t\t\t<\/div>\n\t\t","protected":false},"excerpt":{"rendered":"<p>Conjunto de actividades enfocadas en la identificaci\u00f3n de clientes potenciales, su contacto y la coordinaci\u00f3n de citas en modalidad presencial o virtual para dar a conocer un producto o servicio en mercado objetivo especifico.<\/p>\n","protected":false},"featured_media":8158,"template":"","meta":{"_acf_changed":false},"country":[],"product_brand":[],"product_cat":[896,894],"product_tag":[],"class_list":{"0":"post-6228","1":"product","2":"type-product","3":"status-publish","4":"has-post-thumbnail","6":"product_cat-generacion-de-pipeline","7":"product_cat-reuniones-de-negocio","9":"first","10":"instock","11":"sale","12":"shipping-taxable","13":"purchasable","14":"product-type-variable"},"acf":[],"_links":{"self":[{"href":"https:\/\/dcobys.com\/es\/wp-json\/wp\/v2\/product\/6228","targetHints":{"allow":["GET"]}}],"collection":[{"href":"https:\/\/dcobys.com\/es\/wp-json\/wp\/v2\/product"}],"about":[{"href":"https:\/\/dcobys.com\/es\/wp-json\/wp\/v2\/types\/product"}],"version-history":[{"count":0,"href":"https:\/\/dcobys.com\/es\/wp-json\/wp\/v2\/product\/6228\/revisions"}],"wp:featuredmedia":[{"embeddable":true,"href":"https:\/\/dcobys.com\/es\/wp-json\/wp\/v2\/media\/8158"}],"wp:attachment":[{"href":"https:\/\/dcobys.com\/es\/wp-json\/wp\/v2\/media?parent=6228"}],"wp:term":[{"taxonomy":"country","embeddable":true,"href":"https:\/\/dcobys.com\/es\/wp-json\/wp\/v2\/country?post=6228"},{"taxonomy":"product_brand","embeddable":true,"href":"https:\/\/dcobys.com\/es\/wp-json\/wp\/v2\/product_brand?post=6228"},{"taxonomy":"product_cat","embeddable":true,"href":"https:\/\/dcobys.com\/es\/wp-json\/wp\/v2\/product_cat?post=6228"},{"taxonomy":"product_tag","embeddable":true,"href":"https:\/\/dcobys.com\/es\/wp-json\/wp\/v2\/product_tag?post=6228"}],"curies":[{"name":"wp","href":"https:\/\/api.w.org\/{rel}","templated":true}]}}