{"id":6224,"date":"2025-12-15T11:14:01","date_gmt":"2025-12-15T16:14:01","guid":{"rendered":"https:\/\/dcobys.com\/services\/uncategorized\/international-buyer-confirmation\/"},"modified":"2026-01-30T18:27:44","modified_gmt":"2026-01-30T23:27:44","slug":"international-buyer-confirmation","status":"publish","type":"product","link":"https:\/\/dcobys.com\/es\/services\/investigacion-de-mercados\/investigacion-de-mercados-a-demanda\/international-buyer-confirmation\/","title":{"rendered":"Confirmaci\u00f3n comprador internacional"},"content":{"rendered":"<p>Se entregar\u00e1 un informe el cual contendr\u00e1:<\/p>\n<p>1. Seguimiento  por correo electr\u00f3nico y telef\u00f3nico al comprador internacional.<br \/>\n2. Confirmaci\u00f3n escrita del comprador internacional para participar en la feria internacional, rueda de negocios o evento.<br \/>\n3. Se solicitar\u00e1 al comprador internacional compre el boleto a\u00e9reo, si as\u00ed es requerido.<br \/>\n4. Confirmaci\u00f3n de compra del boleto a\u00e9reo del comprador, si es solicitado.<\/p>\n","protected":false},"excerpt":{"rendered":"<p>Seguimiento y confirmaci\u00f3n de participaci\u00f3n de compradores interesados en la participaci\u00f3n de una feria internacional, macrorrueda, rueda de negocios o evento.<\/p>\n","protected":false},"featured_media":8138,"template":"","meta":{"_acf_changed":false},"country":[],"product_brand":[],"product_cat":[64,905],"product_tag":[923],"class_list":{"0":"post-6224","1":"product","2":"type-product","3":"status-publish","4":"has-post-thumbnail","6":"product_cat-investigacion-de-mercados","7":"product_cat-investigacion-de-mercados-a-demanda","8":"product_tag-fase-iv-informacion-micro-inteligencia-mercados","10":"first","11":"instock","12":"virtual","13":"purchasable","14":"product-type-simple"},"acf":[],"_links":{"self":[{"href":"https:\/\/dcobys.com\/es\/wp-json\/wp\/v2\/product\/6224","targetHints":{"allow":["GET"]}}],"collection":[{"href":"https:\/\/dcobys.com\/es\/wp-json\/wp\/v2\/product"}],"about":[{"href":"https:\/\/dcobys.com\/es\/wp-json\/wp\/v2\/types\/product"}],"version-history":[{"count":0,"href":"https:\/\/dcobys.com\/es\/wp-json\/wp\/v2\/product\/6224\/revisions"}],"wp:featuredmedia":[{"embeddable":true,"href":"https:\/\/dcobys.com\/es\/wp-json\/wp\/v2\/media\/8138"}],"wp:attachment":[{"href":"https:\/\/dcobys.com\/es\/wp-json\/wp\/v2\/media?parent=6224"}],"wp:term":[{"taxonomy":"country","embeddable":true,"href":"https:\/\/dcobys.com\/es\/wp-json\/wp\/v2\/country?post=6224"},{"taxonomy":"product_brand","embeddable":true,"href":"https:\/\/dcobys.com\/es\/wp-json\/wp\/v2\/product_brand?post=6224"},{"taxonomy":"product_cat","embeddable":true,"href":"https:\/\/dcobys.com\/es\/wp-json\/wp\/v2\/product_cat?post=6224"},{"taxonomy":"product_tag","embeddable":true,"href":"https:\/\/dcobys.com\/es\/wp-json\/wp\/v2\/product_tag?post=6224"}],"curies":[{"name":"wp","href":"https:\/\/api.w.org\/{rel}","templated":true}]}}