{"id":6222,"date":"2025-12-15T11:14:01","date_gmt":"2025-12-15T16:14:01","guid":{"rendered":"https:\/\/dcobys.com\/services\/uncategorized\/international-buyer\/"},"modified":"2026-01-30T18:27:44","modified_gmt":"2026-01-30T23:27:44","slug":"international-buyer","status":"publish","type":"product","link":"https:\/\/dcobys.com\/es\/services\/investigacion-de-mercados\/investigacion-de-mercados-a-demanda\/international-buyer\/","title":{"rendered":"Comprador internacional"},"content":{"rendered":"<p>Se entregar\u00e1 un informe con los siguientes datos:<\/p>\n<p>VARIABLES COMPRADORES INTERNACIONALES<br \/>\nLa base de compradores internacionales interesados en la participaci\u00f3n de la feria internacional, macrorrueda, rueda de negocios o evento, incluir\u00e1 los siguientes datos:<\/p>\n<p>1. Nombre de la empresa<br \/>\n2. Descripci\u00f3n del perfil<br \/>\n3. Nacionalidad de la empresa<br \/>\n4. Datos  de los contactos que han confirmado su inter\u00e9s y participaci\u00f3n: nombre, cargo, tel\u00e9fono directo, celular (si lo proporciona), correo electr\u00f3nico, 2 posibles redes sociales de la persona (si cuenta con ellas: LinkedIn, Facebook, Instagram o Twitter), p\u00e1gina web de la empresa, 2 posibles redes sociales de la empresa como LinkedIn, Facebook, Instagram o Twitter y direcci\u00f3n f\u00edsica.<br \/>\n5. Giro de negocio de la empresa<br \/>\n6. Productos y\/o servicios de inter\u00e9s de compra o conocer con mayor detalle en destino<br \/>\n7. Comentarios adicionales<\/p>\n","protected":false},"excerpt":{"rendered":"<p>Levantamiento e Identificaci\u00f3n de compradores potenciales cuyo inter\u00e9s es la evaluaci\u00f3n y posible compra de productos o servicios, en un pa\u00eds extranjero, mediante la participaci\u00f3n de una feria internacional, macrorrueda, rueda de negocios o evento. <\/p>\n","protected":false},"featured_media":8141,"template":"","meta":{"_acf_changed":false},"country":[],"product_brand":[],"product_cat":[64,905],"product_tag":[923],"class_list":{"0":"post-6222","1":"product","2":"type-product","3":"status-publish","4":"has-post-thumbnail","6":"product_cat-investigacion-de-mercados","7":"product_cat-investigacion-de-mercados-a-demanda","8":"product_tag-fase-iv-informacion-micro-inteligencia-mercados","10":"first","11":"instock","12":"virtual","13":"purchasable","14":"product-type-simple"},"acf":[],"_links":{"self":[{"href":"https:\/\/dcobys.com\/es\/wp-json\/wp\/v2\/product\/6222","targetHints":{"allow":["GET"]}}],"collection":[{"href":"https:\/\/dcobys.com\/es\/wp-json\/wp\/v2\/product"}],"about":[{"href":"https:\/\/dcobys.com\/es\/wp-json\/wp\/v2\/types\/product"}],"version-history":[{"count":0,"href":"https:\/\/dcobys.com\/es\/wp-json\/wp\/v2\/product\/6222\/revisions"}],"wp:featuredmedia":[{"embeddable":true,"href":"https:\/\/dcobys.com\/es\/wp-json\/wp\/v2\/media\/8141"}],"wp:attachment":[{"href":"https:\/\/dcobys.com\/es\/wp-json\/wp\/v2\/media?parent=6222"}],"wp:term":[{"taxonomy":"country","embeddable":true,"href":"https:\/\/dcobys.com\/es\/wp-json\/wp\/v2\/country?post=6222"},{"taxonomy":"product_brand","embeddable":true,"href":"https:\/\/dcobys.com\/es\/wp-json\/wp\/v2\/product_brand?post=6222"},{"taxonomy":"product_cat","embeddable":true,"href":"https:\/\/dcobys.com\/es\/wp-json\/wp\/v2\/product_cat?post=6222"},{"taxonomy":"product_tag","embeddable":true,"href":"https:\/\/dcobys.com\/es\/wp-json\/wp\/v2\/product_tag?post=6222"}],"curies":[{"name":"wp","href":"https:\/\/api.w.org\/{rel}","templated":true}]}}