{"id":6204,"date":"2025-12-15T11:14:01","date_gmt":"2025-12-15T16:14:01","guid":{"rendered":"https:\/\/dcobys.com\/services\/uncategorized\/wholesaler-prices\/"},"modified":"2026-01-30T18:27:43","modified_gmt":"2026-01-30T23:27:43","slug":"wholesaler-prices","status":"publish","type":"product","link":"https:\/\/dcobys.com\/es\/services\/investigacion-de-mercados\/investigacion-de-mercados-a-demanda\/wholesaler-prices\/","title":{"rendered":"Precios mayoristas"},"content":{"rendered":"<p>Se entregar\u00e1 un informe con los siguientes datos y sus respectivas conclusiones:<\/p>\n<p>VARIABLES PRECIOS MAYORISTAS LOCALES:<br \/>\nSe har\u00e1 un cuadro comparativo de los 5 principales mayoristas locales seleccionados con base en el requerimiento incluyendo las siguientes variables:<\/p>\n<p>1. Nombre de la empresa<br \/>\n2. Descripci\u00f3n del perfil<br \/>\n3. Nacionalidad de la empresa<br \/>\n4. Datos  de contacto de 1 persona en el \u00e1rea de ventas (Nombre, cargo, tel\u00e9fono directo, celular (si lo proporciona), correo electr\u00f3nico, 2 posibles redes sociales de la persona (si cuenta con ellas: linkedin y twitter de preferencia), p\u00e1gina web de la empresa, 2 posibles redes sociales de la empresa (linkedin\/facebook y twitter de preferencia) y direcci\u00f3n f\u00edsica).<br \/>\n5. A\u00f1os de experiencia de la empresa en el mercado\/pa\u00eds objetivo<br \/>\n6. Tiempos promedio de entrega<br \/>\n7. Precios locales de la subpartida arancelaria en estudio<br \/>\n8. Descuentos que se pueden llegar a aplicar a la subpartida por volumen de compra<\/p>\n","protected":false},"excerpt":{"rendered":"<p>Se establece los precios actualizados de los mayoristas locales con el objetivo de entender la variaci\u00f3n de valores disponible, incluyendo descuentos que apliquen por volumen u otro aspecto.<\/p>\n","protected":false},"featured_media":8111,"template":"","meta":{"_acf_changed":false},"country":[],"product_brand":[],"product_cat":[64,905],"product_tag":[923],"class_list":{"0":"post-6204","1":"product","2":"type-product","3":"status-publish","4":"has-post-thumbnail","6":"product_cat-investigacion-de-mercados","7":"product_cat-investigacion-de-mercados-a-demanda","8":"product_tag-fase-iv-informacion-micro-inteligencia-mercados","10":"first","11":"instock","12":"virtual","13":"purchasable","14":"product-type-simple"},"acf":[],"_links":{"self":[{"href":"https:\/\/dcobys.com\/es\/wp-json\/wp\/v2\/product\/6204","targetHints":{"allow":["GET"]}}],"collection":[{"href":"https:\/\/dcobys.com\/es\/wp-json\/wp\/v2\/product"}],"about":[{"href":"https:\/\/dcobys.com\/es\/wp-json\/wp\/v2\/types\/product"}],"version-history":[{"count":0,"href":"https:\/\/dcobys.com\/es\/wp-json\/wp\/v2\/product\/6204\/revisions"}],"wp:featuredmedia":[{"embeddable":true,"href":"https:\/\/dcobys.com\/es\/wp-json\/wp\/v2\/media\/8111"}],"wp:attachment":[{"href":"https:\/\/dcobys.com\/es\/wp-json\/wp\/v2\/media?parent=6204"}],"wp:term":[{"taxonomy":"country","embeddable":true,"href":"https:\/\/dcobys.com\/es\/wp-json\/wp\/v2\/country?post=6204"},{"taxonomy":"product_brand","embeddable":true,"href":"https:\/\/dcobys.com\/es\/wp-json\/wp\/v2\/product_brand?post=6204"},{"taxonomy":"product_cat","embeddable":true,"href":"https:\/\/dcobys.com\/es\/wp-json\/wp\/v2\/product_cat?post=6204"},{"taxonomy":"product_tag","embeddable":true,"href":"https:\/\/dcobys.com\/es\/wp-json\/wp\/v2\/product_tag?post=6204"}],"curies":[{"name":"wp","href":"https:\/\/api.w.org\/{rel}","templated":true}]}}