{"id":6200,"date":"2025-12-15T11:13:52","date_gmt":"2025-12-15T16:13:52","guid":{"rendered":"https:\/\/dcobys.com\/services\/uncategorized\/buyers\/"},"modified":"2026-01-30T18:27:43","modified_gmt":"2026-01-30T23:27:43","slug":"buyers","status":"publish","type":"product","link":"https:\/\/dcobys.com\/es\/services\/investigacion-de-mercados\/investigacion-de-mercados-a-demanda\/buyers\/","title":{"rendered":"Compradores"},"content":{"rendered":"<p>Se entregar\u00e1 un informe con los siguientes datos y sus respectivas conclusiones:<\/p>\n<p>VARIABLES COMPRADORES<br \/>\nSe har\u00e1 un cuadro comparativo de los 5 principales compradores seleccionados con base en el requerimiento incluyendo las siguientes variables:<\/p>\n<p>1. Nombre de la empresa<br \/>\n2. Descripci\u00f3n del perfil<br \/>\n3. Nacionalidad de la empresa<br \/>\n4. Datos  de contacto de hasta 3 personas que generen valor para el levantamiento de esta informaci\u00f3n (Nombre, cargo, tel\u00e9fono directo, celular (si lo proporciona), correo electr\u00f3nico, 2 posibles redes sociales de la persona (si cuenta con ellas: linkedin y twitter de preferencia), p\u00e1gina web de la empresa, 2 posibles redes sociales de la empresa (linkedin\/facebook y twitter de preferencia) y direcci\u00f3n f\u00edsica).<br \/>\n5. A\u00f1os de experiencia del comprador  en el mercado\/pa\u00eds objetivo<br \/>\n6. Giro de negocio de la empresa<br \/>\n7. N\u00famero de empleados<br \/>\n8. Reconocimiento de la empresa en el mercado\/pa\u00eds objetivo<\/p>\n","protected":false},"excerpt":{"rendered":"<p>Se identifican los potenciales compradores del producto o servicio en el pa\u00eds\/mercado objetivo, enunciando sus datos de contacto y caracter\u00edsticas relevantes.<\/p>\n","protected":false},"featured_media":8105,"template":"","meta":{"_acf_changed":false},"country":[],"product_brand":[],"product_cat":[64,905],"product_tag":[923],"class_list":{"0":"post-6200","1":"product","2":"type-product","3":"status-publish","4":"has-post-thumbnail","6":"product_cat-investigacion-de-mercados","7":"product_cat-investigacion-de-mercados-a-demanda","8":"product_tag-fase-iv-informacion-micro-inteligencia-mercados","10":"first","11":"instock","12":"virtual","13":"purchasable","14":"product-type-simple"},"acf":[],"_links":{"self":[{"href":"https:\/\/dcobys.com\/es\/wp-json\/wp\/v2\/product\/6200","targetHints":{"allow":["GET"]}}],"collection":[{"href":"https:\/\/dcobys.com\/es\/wp-json\/wp\/v2\/product"}],"about":[{"href":"https:\/\/dcobys.com\/es\/wp-json\/wp\/v2\/types\/product"}],"version-history":[{"count":0,"href":"https:\/\/dcobys.com\/es\/wp-json\/wp\/v2\/product\/6200\/revisions"}],"wp:featuredmedia":[{"embeddable":true,"href":"https:\/\/dcobys.com\/es\/wp-json\/wp\/v2\/media\/8105"}],"wp:attachment":[{"href":"https:\/\/dcobys.com\/es\/wp-json\/wp\/v2\/media?parent=6200"}],"wp:term":[{"taxonomy":"country","embeddable":true,"href":"https:\/\/dcobys.com\/es\/wp-json\/wp\/v2\/country?post=6200"},{"taxonomy":"product_brand","embeddable":true,"href":"https:\/\/dcobys.com\/es\/wp-json\/wp\/v2\/product_brand?post=6200"},{"taxonomy":"product_cat","embeddable":true,"href":"https:\/\/dcobys.com\/es\/wp-json\/wp\/v2\/product_cat?post=6200"},{"taxonomy":"product_tag","embeddable":true,"href":"https:\/\/dcobys.com\/es\/wp-json\/wp\/v2\/product_tag?post=6200"}],"curies":[{"name":"wp","href":"https:\/\/api.w.org\/{rel}","templated":true}]}}